{"id":829,"date":"2020-12-15T21:33:00","date_gmt":"2020-12-15T20:33:00","guid":{"rendered":"http:\/\/bip.rops-opole.pl\/?page_id=829"},"modified":"2020-12-21T20:36:23","modified_gmt":"2020-12-21T19:36:23","slug":"dostawy-srodkow-ochrony-osobistej-przeciw-covid-19-dla-osob-starszych-i-z-niepelnosprawnosciami-z-gmin-brzeg-paczkow-biala-realizowanych-w-ramach-projektu-pn-niezalezne-zycie-wyp","status":"publish","type":"page","link":"https:\/\/bip.rops-opole.pl\/?page_id=829","title":{"rendered":"Dostawy \u015brodk\u00f3w ochrony osobistej przeciw COVID-19 dla os\u00f3b starszych i z niepe\u0142nosprawno\u015bciami z gmin Brzeg, Paczk\u00f3w, Bia\u0142a realizowanych w ramach projektu pn. \u201eNiezale\u017cne \u017cycie \u2013 wypracowanie standardu i przeprowadzenie pilota\u017cu w zakresie us\u0142ug mieszkalnictwa wspomaganego dla os\u00f3b z chorobami neurologicznymi, w tym chorob\u0105 Alzheimera i chorob\u0105 Parkinsona oraz os\u00f3b starszych\u201d, wsp\u00f3\u0142finansowanego z Europejskiego Funduszu Spo\u0142ecznego, w ramach Programu Operacyjnego Wiedza Edukacja Rozw\u00f3j 2014-2020, O\u015b Priorytetowa II Efektywne polityki publiczne dla rynku pracy, gospodarki i edukacji Dzia\u0142anie 2.8 Rozw\u00f3j us\u0142ug spo\u0142ecznych \u015bwiadczonych w \u015brodowisku lokalnym &#8211; Znak sprawy: UZP.4011.23.2020"},"content":{"rendered":"\n<p><\/p>\n\n\n\n<!--more-->\n\n\n\n<ol>\n<li><a href=\"\/wp-content\/uploads\/zamowienia-COVID\/2020-12-15\/Og%C5%82oszenie.docx\" target=\"_blank\" rel=\"noopener noreferrer\" class=\"target-blank use-tooltip\" aria-label=\"Og\u0142oszenie.docx ( dokument MS Word, otworzy si\u0119 w nowym oknie)\">Og\u0142oszenie.docx<svg aria-hidden=\"true\" class=\"icon-word\" viewbox=\"0 0 1792 1792\"><path d=\"M1596 380q28 28 48 76t20 88v1152q0 40-28 68t-68 28h-1344q-40 0-68-28t-28-68v-1600q0-40 28-68t68-28h896q40 0 88 20t76 48zm-444-244v376h376q-10-29-22-41l-313-313q-12-12-41-22zm384 1528v-1024h-416q-40 0-68-28t-28-68v-416h-768v1536h1280zm-1175-896v107h70l164 661h159l128-485q7-20 10-46 2-16 2-24h4l3 24q1 3 3.5 20t5.5 26l128 485h159l164-661h70v-107h-300v107h90l-99 438q-5 20-7 46l-2 21h-4l-3-21q-1-5-4-21t-5-25l-144-545h-114l-144 545q-2 9-4.5 24.5t-3.5 21.5l-4 21h-4l-2-21q-2-26-7-46l-99-438h90v-107h-300z\"><\/path><\/svg><svg aria-hidden=\"true\" class=\"icon-new-window\" viewbox=\"0 0 1792 1792\"><path d=\"M1408 960v-128q0-26-19-45t-45-19h-320v-320q0-26-19-45t-45-19h-128q-26 0-45 19t-19 45v320h-320q-26 0-45 19t-19 45v128q0 26 19 45t45 19h320v320q0 26 19 45t45 19h128q26 0 45-19t19-45v-320h320q26 0 45-19t19-45zm256-544v960q0 119-84.5 203.5t-203.5 84.5h-960q-119 0-203.5-84.5t-84.5-203.5v-960q0-119 84.5-203.5t203.5-84.5h960q119 0 203.5 84.5t84.5 203.5z\"><\/path><\/svg><span class=\"tooltip\"> dokument MS Word, otworzy si\u0119 w nowym oknie<\/span><\/a><\/li>\n<li><a href=\"\/wp-content\/uploads\/zamowienia-COVID\/2020-12-15\/Za%C5%82%C4%85cznik%20nr%201%20-%20Formularz%20oferty.xlsx\" target=\"_blank\" rel=\"noopener noreferrer\" class=\"target-blank use-tooltip\" aria-label=\"Za\u0142\u0105cznik nr 1 \u2013 Formularz oferty.xlsx ( dokument MS Excel, otworzy si\u0119 w nowym oknie)\">Za\u0142\u0105cznik nr 1 \u2013 Formularz oferty.xlsx<svg aria-hidden=\"true\" class=\"icon-excel\" viewbox=\"0 0 1792 1792\"><path d=\"M1596 380q28 28 48 76t20 88v1152q0 40-28 68t-68 28h-1344q-40 0-68-28t-28-68v-1600q0-40 28-68t68-28h896q40 0 88 20t76 48zm-444-244v376h376q-10-29-22-41l-313-313q-12-12-41-22zm384 1528v-1024h-416q-40 0-68-28t-28-68v-416h-768v1536h1280zm-979-234v106h281v-106h-75l103-161q5-7 10-16.5t7.5-13.5 3.5-4h2q1 4 5 10 2 4 4.5 7.5t6 8 6.5 8.5l107 161h-76v106h291v-106h-68l-192-273 195-282h67v-107h-279v107h74l-103 159q-4 7-10 16.5t-9 13.5l-2 3h-2q-1-4-5-10-6-11-17-23l-106-159h76v-107h-290v107h68l189 272-194 283h-68z\"><\/path><\/svg><svg aria-hidden=\"true\" class=\"icon-new-window\" viewbox=\"0 0 1792 1792\"><path d=\"M1408 960v-128q0-26-19-45t-45-19h-320v-320q0-26-19-45t-45-19h-128q-26 0-45 19t-19 45v320h-320q-26 0-45 19t-19 45v128q0 26 19 45t45 19h320v320q0 26 19 45t45 19h128q26 0 45-19t19-45v-320h320q26 0 45-19t19-45zm256-544v960q0 119-84.5 203.5t-203.5 84.5h-960q-119 0-203.5-84.5t-84.5-203.5v-960q0-119 84.5-203.5t203.5-84.5h960q119 0 203.5 84.5t84.5 203.5z\"><\/path><\/svg><span class=\"tooltip\"> dokument MS Excel, otworzy si\u0119 w nowym oknie<\/span><\/a><\/li>\n<li><a href=\"\/wp-content\/uploads\/zamowienia-COVID\/2020-12-15\/Za%C5%82%C4%85cznik%20nr%202%20-%20Wz%C3%B3r%20umowy_.docx\" target=\"_blank\" rel=\"noopener noreferrer\" class=\"target-blank use-tooltip\" aria-label=\"Za\u0142\u0105cznik nr 2 \u2013 Wz\u00f3r umowy.docx ( dokument MS Word, otworzy si\u0119 w nowym oknie)\">Za\u0142\u0105cznik nr 2 \u2013 Wz\u00f3r umowy.docx<svg aria-hidden=\"true\" class=\"icon-word\" viewbox=\"0 0 1792 1792\"><path d=\"M1596 380q28 28 48 76t20 88v1152q0 40-28 68t-68 28h-1344q-40 0-68-28t-28-68v-1600q0-40 28-68t68-28h896q40 0 88 20t76 48zm-444-244v376h376q-10-29-22-41l-313-313q-12-12-41-22zm384 1528v-1024h-416q-40 0-68-28t-28-68v-416h-768v1536h1280zm-1175-896v107h70l164 661h159l128-485q7-20 10-46 2-16 2-24h4l3 24q1 3 3.5 20t5.5 26l128 485h159l164-661h70v-107h-300v107h90l-99 438q-5 20-7 46l-2 21h-4l-3-21q-1-5-4-21t-5-25l-144-545h-114l-144 545q-2 9-4.5 24.5t-3.5 21.5l-4 21h-4l-2-21q-2-26-7-46l-99-438h90v-107h-300z\"><\/path><\/svg><svg aria-hidden=\"true\" class=\"icon-new-window\" viewbox=\"0 0 1792 1792\"><path d=\"M1408 960v-128q0-26-19-45t-45-19h-320v-320q0-26-19-45t-45-19h-128q-26 0-45 19t-19 45v320h-320q-26 0-45 19t-19 45v128q0 26 19 45t45 19h320v320q0 26 19 45t45 19h128q26 0 45-19t19-45v-320h320q26 0 45-19t19-45zm256-544v960q0 119-84.5 203.5t-203.5 84.5h-960q-119 0-203.5-84.5t-84.5-203.5v-960q0-119 84.5-203.5t203.5-84.5h960q119 0 203.5 84.5t84.5 203.5z\"><\/path><\/svg><span class=\"tooltip\"> dokument MS Word, otworzy si\u0119 w nowym oknie<\/span><\/a><\/li>\n<\/ol>\n<p>21.12.2020 r.<\/p>\n<ol start=\"4\">\n<li><a href=\"\/wp-content\/uploads\/zamowienia-COVID\/2020-12-15\/Og%C5%82oszenie%20o%20udzieleniu%20zam%C3%B3wienia%20BZP%2021.12.2020.pdf\" target=\"_blank\" rel=\"noopener\" class=\"target-blank use-tooltip\" aria-label=\"Og\u0142oszenie o udzieleniu zam\u00f3wienia BZP 21.12.2020.pdf ( dokument PDF, otworzy si\u0119 w nowym oknie)\">Og\u0142oszenie o udzieleniu zam\u00f3wienia BZP 21.12.2020.pdf<svg aria-hidden=\"true\" class=\"icon-pdf\" viewbox=\"0 0 1792 1792\"><path d=\"M1596 380q28 28 48 76t20 88v1152q0 40-28 68t-68 28h-1344q-40 0-68-28t-28-68v-1600q0-40 28-68t68-28h896q40 0 88 20t76 48zm-444-244v376h376q-10-29-22-41l-313-313q-12-12-41-22zm384 1528v-1024h-416q-40 0-68-28t-28-68v-416h-768v1536h1280zm-514-593q33 26 84 56 59-7 117-7 147 0 177 49 16 22 2 52 0 1-1 2l-2 2v1q-6 38-71 38-48 0-115-20t-130-53q-221 24-392 83-153 262-242 262-15 0-28-7l-24-12q-1-1-6-5-10-10-6-36 9-40 56-91.5t132-96.5q14-9 23 6 2 2 2 4 52-85 107-197 68-136 104-262-24-82-30.5-159.5t6.5-127.5q11-40 42-40h22q23 0 35 15 18 21 9 68-2 6-4 8 1 3 1 8v30q-2 123-14 192 55 164 146 238zm-576 411q52-24 137-158-51 40-87.5 84t-49.5 74zm398-920q-15 42-2 132 1-7 7-44 0-3 7-43 1-4 4-8-1-1-1-2t-.5-1.5-.5-1.5q-1-22-13-36 0 1-1 2v2zm-124 661q135-54 284-81-2-1-13-9.5t-16-13.5q-76-67-127-176-27 86-83 197-30 56-45 83zm646-16q-24-24-140-24 76 28 124 28 14 0 18-1 0-1-2-3z\"><\/path><\/svg><svg aria-hidden=\"true\" class=\"icon-new-window\" viewbox=\"0 0 1792 1792\"><path d=\"M1408 960v-128q0-26-19-45t-45-19h-320v-320q0-26-19-45t-45-19h-128q-26 0-45 19t-19 45v320h-320q-26 0-45 19t-19 45v128q0 26 19 45t45 19h320v320q0 26 19 45t45 19h128q26 0 45-19t19-45v-320h320q26 0 45-19t19-45zm256-544v960q0 119-84.5 203.5t-203.5 84.5h-960q-119 0-203.5-84.5t-84.5-203.5v-960q0-119 84.5-203.5t203.5-84.5h960q119 0 203.5 84.5t84.5 203.5z\"><\/path><\/svg><span class=\"tooltip\"> dokument PDF, otworzy si\u0119 w nowym oknie<\/span><\/a><\/li>\n<\/ol>\n<hr class=\"wp-block-separator\">\n<p>Osoba odpowiedzialna za tre\u015b\u0107: Barbara Rokosz<br>Opublikowa\u0142: Dariusz Lisowski (15 grudnia 2020 r. godz. 21:45)<br>Ostatnio zmieni\u0142: Dariusz Lisowski (21 grudnia 2020 r. godz. 20:34)<\/p>\n\n","protected":false},"excerpt":{"rendered":null,"protected":false},"author":1,"featured_media":0,"parent":0,"menu_order":0,"comment_status":"closed","ping_status":"closed","template":"","meta":{"footnotes":""},"categories":[21],"tags":[],"class_list":["post-829","page","type-page","status-publish","hentry","category-zamowienia-covid-19"],"_links":{"self":[{"href":"https:\/\/bip.rops-opole.pl\/index.php?rest_route=\/wp\/v2\/pages\/829","targetHints":{"allow":["GET"]}}],"collection":[{"href":"https:\/\/bip.rops-opole.pl\/index.php?rest_route=\/wp\/v2\/pages"}],"about":[{"href":"https:\/\/bip.rops-opole.pl\/index.php?rest_route=\/wp\/v2\/types\/page"}],"author":[{"embeddable":true,"href":"https:\/\/bip.rops-opole.pl\/index.php?rest_route=\/wp\/v2\/users\/1"}],"replies":[{"embeddable":true,"href":"https:\/\/bip.rops-opole.pl\/index.php?rest_route=%2Fwp%2Fv2%2Fcomments&post=829"}],"version-history":[{"count":6,"href":"https:\/\/bip.rops-opole.pl\/index.php?rest_route=\/wp\/v2\/pages\/829\/revisions"}],"predecessor-version":[{"id":847,"href":"https:\/\/bip.rops-opole.pl\/index.php?rest_route=\/wp\/v2\/pages\/829\/revisions\/847"}],"wp:attachment":[{"href":"https:\/\/bip.rops-opole.pl\/index.php?rest_route=%2Fwp%2Fv2%2Fmedia&parent=829"}],"wp:term":[{"taxonomy":"category","embeddable":true,"href":"https:\/\/bip.rops-opole.pl\/index.php?rest_route=%2Fwp%2Fv2%2Fcategories&post=829"},{"taxonomy":"post_tag","embeddable":true,"href":"https:\/\/bip.rops-opole.pl\/index.php?rest_route=%2Fwp%2Fv2%2Ftags&post=829"}],"curies":[{"name":"wp","href":"https:\/\/api.w.org\/{rel}","templated":true}]}}