{"id":774,"date":"2020-12-04T12:58:41","date_gmt":"2020-12-04T11:58:41","guid":{"rendered":"http:\/\/bip.rops-opole.pl\/?page_id=774"},"modified":"2024-04-26T13:42:32","modified_gmt":"2024-04-26T11:42:32","slug":"ogloszenie-o-mozliwosci-zglaszania-uwag-do-oferty-zlozonej-w-trybie-art-19a-ustawy-z-dnia-24-kwietnia-2003-roku-o-dzialalnosci-pozytku-publicznego-i-o-wolontariacie-t-j-dz-u-z-2020-r-poz-1057","status":"publish","type":"page","link":"https:\/\/bip.rops-opole.pl\/?page_id=774","title":{"rendered":"Og\u0142oszenie o mo\u017cliwo\u015bci zg\u0142aszania uwag do oferty z\u0142o\u017conej w trybie art. 19a ustawy z dnia 24 kwietnia 2003 roku o dzia\u0142alno\u015bci po\u017cytku publicznego i o wolontariacie (t. j. Dz. U. z 2020 r. poz. 1057) na realizacj\u0119 zadania publicznego pt. \u201ePaczki \u015bwi\u0105teczne\u201d."},"content":{"rendered":"\n<!--more--><p>W dniu 4 grudnia 2020 r. do Regionalnego O\u015brodka Polityki Spo\u0142ecznej w Opolu wp\u0142yn\u0119\u0142a\u00a0oferta z\u0142o\u017cone przez <strong>Stowarzyszenie \u201eWigilia dla Samotnych i Bezdomnych\u201d w Opolu<\/strong> na\u00a0realizacj\u0119 zadania publicznego pn. \u201ePaczki \u015bwi\u0105teczne\u201d.<\/p>\n\n\n\n<p>Zamieszcza si\u0119 ofert\u0119 w Biuletynie Informacji Publicznej Regionalnego O\u015brodka Polityki Spo\u0142ecznej w Opolu oraz na tablicy informacyjnej Regionalnego O\u015brodka Polityki Spo\u0142ecznej w Opolu.<\/p>\n\n\n\n<p>Zgodnie z art. 19a ust. 4 ustawy z dnia 24 kwietnia 2003 roku o dzia\u0142alno\u015bci po\u017cytku publicznego i o wolontariacie (t. j. Dz.U. z 2020 r. poz. 1057), ka\u017cdy w terminie 7 dni od dnia zamieszczenia oferty spe\u0142niaj\u0105cej wymogi formalne mo\u017ce zg\u0142osi\u0107 uwagi dotycz\u0105ce oferty.<\/p>\n\n\n\n<p>Uwagi nale\u017cy zg\u0142asza\u0107 pisemnie w godzinach pracy Regionalnego O\u015brodka Polityki Spo\u0142ecznej w Opolu, ul. G\u0142ogowska 25 C, w sekretariacie ROPS, lub elektronicznie na adres: rops(at)rops-opole.pl, lub listownie na adres Regionalnego O\u015brodka Polityki Spo\u0142ecznej w Opolu, ul. G\u0142ogowska 25 C, 45-315 Opole w terminie do <strong>10.12.2020 r.<\/strong> (siedem dni od publikacji tego og\u0142oszenia w\u0142\u0105cznie \/ liczy si\u0119 data wp\u0142ywu uwag do Urz\u0119du).<\/p>\n\n\n\n<p><a href=\"\/wp-content\/uploads\/dotacje-udzielane-z-pominieciem-otwartego-konkursu-ofert\/Oferta_wersja_1-1%20Wigilia.pdf\" target=\"_blank\" rel=\"noreferrer noopener\" class=\"target-blank use-tooltip\" aria-label=\"Oferta Stowarzyszenia \u201eWigilia dla Samotnych i Bezdomnych\u201d w Opolu ( dokument PDF, otworzy si\u0119 w nowym oknie)\">Oferta <strong><u>Stowarzyszenia \u201eWigilia dla Samotnych i Bezdomnych\u201d w Opolu<\/u><\/strong><svg aria-hidden=\"true\" class=\"icon-pdf\" viewbox=\"0 0 1792 1792\"><path d=\"M1596 380q28 28 48 76t20 88v1152q0 40-28 68t-68 28h-1344q-40 0-68-28t-28-68v-1600q0-40 28-68t68-28h896q40 0 88 20t76 48zm-444-244v376h376q-10-29-22-41l-313-313q-12-12-41-22zm384 1528v-1024h-416q-40 0-68-28t-28-68v-416h-768v1536h1280zm-514-593q33 26 84 56 59-7 117-7 147 0 177 49 16 22 2 52 0 1-1 2l-2 2v1q-6 38-71 38-48 0-115-20t-130-53q-221 24-392 83-153 262-242 262-15 0-28-7l-24-12q-1-1-6-5-10-10-6-36 9-40 56-91.5t132-96.5q14-9 23 6 2 2 2 4 52-85 107-197 68-136 104-262-24-82-30.5-159.5t6.5-127.5q11-40 42-40h22q23 0 35 15 18 21 9 68-2 6-4 8 1 3 1 8v30q-2 123-14 192 55 164 146 238zm-576 411q52-24 137-158-51 40-87.5 84t-49.5 74zm398-920q-15 42-2 132 1-7 7-44 0-3 7-43 1-4 4-8-1-1-1-2t-.5-1.5-.5-1.5q-1-22-13-36 0 1-1 2v2zm-124 661q135-54 284-81-2-1-13-9.5t-16-13.5q-76-67-127-176-27 86-83 197-30 56-45 83zm646-16q-24-24-140-24 76 28 124 28 14 0 18-1 0-1-2-3z\"><\/path><\/svg><svg aria-hidden=\"true\" class=\"icon-new-window\" viewbox=\"0 0 1792 1792\"><path d=\"M1408 960v-128q0-26-19-45t-45-19h-320v-320q0-26-19-45t-45-19h-128q-26 0-45 19t-19 45v320h-320q-26 0-45 19t-19 45v128q0 26 19 45t45 19h320v320q0 26 19 45t45 19h128q26 0 45-19t19-45v-320h320q26 0 45-19t19-45zm256-544v960q0 119-84.5 203.5t-203.5 84.5h-960q-119 0-203.5-84.5t-84.5-203.5v-960q0-119 84.5-203.5t203.5-84.5h960q119 0 203.5 84.5t84.5 203.5z\"><\/path><\/svg><span class=\"tooltip\"> dokument PDF, otworzy si\u0119 w nowym oknie<\/span><\/a><\/p>\n\n\n\n<hr class=\"wp-block-separator has-css-opacity\">\n\n\n\n<p>Osoba odpowiedzialna za tre\u015b\u0107: Anna Pydych<br>Opublikowa\u0142: Dariusz Lisowski (4 grudnia 2020 r. godz. 12:58)<br>Ostatnio zmieni\u0142: Dariusz Lisowski (4 grudnia 2020 r. godz. 12:58)<\/p>\n\n","protected":false},"excerpt":{"rendered":null,"protected":false},"author":1,"featured_media":0,"parent":0,"menu_order":0,"comment_status":"closed","ping_status":"closed","template":"","meta":{"footnotes":""},"categories":[22],"tags":[],"class_list":["post-774","page","type-page","status-publish","hentry","category-dotacje-udzielane-z-pominieciem-otwartego-konkursu-ofert-tryb-19a"],"_links":{"self":[{"href":"https:\/\/bip.rops-opole.pl\/index.php?rest_route=\/wp\/v2\/pages\/774","targetHints":{"allow":["GET"]}}],"collection":[{"href":"https:\/\/bip.rops-opole.pl\/index.php?rest_route=\/wp\/v2\/pages"}],"about":[{"href":"https:\/\/bip.rops-opole.pl\/index.php?rest_route=\/wp\/v2\/types\/page"}],"author":[{"embeddable":true,"href":"https:\/\/bip.rops-opole.pl\/index.php?rest_route=\/wp\/v2\/users\/1"}],"replies":[{"embeddable":true,"href":"https:\/\/bip.rops-opole.pl\/index.php?rest_route=%2Fwp%2Fv2%2Fcomments&post=774"}],"version-history":[{"count":5,"href":"https:\/\/bip.rops-opole.pl\/index.php?rest_route=\/wp\/v2\/pages\/774\/revisions"}],"predecessor-version":[{"id":3953,"href":"https:\/\/bip.rops-opole.pl\/index.php?rest_route=\/wp\/v2\/pages\/774\/revisions\/3953"}],"wp:attachment":[{"href":"https:\/\/bip.rops-opole.pl\/index.php?rest_route=%2Fwp%2Fv2%2Fmedia&parent=774"}],"wp:term":[{"taxonomy":"category","embeddable":true,"href":"https:\/\/bip.rops-opole.pl\/index.php?rest_route=%2Fwp%2Fv2%2Fcategories&post=774"},{"taxonomy":"post_tag","embeddable":true,"href":"https:\/\/bip.rops-opole.pl\/index.php?rest_route=%2Fwp%2Fv2%2Ftags&post=774"}],"curies":[{"name":"wp","href":"https:\/\/api.w.org\/{rel}","templated":true}]}}