{"id":70,"date":"2020-06-29T12:03:21","date_gmt":"2020-06-29T10:03:21","guid":{"rendered":"http:\/\/bip2.rops-opole.pl\/?page_id=70"},"modified":"2025-02-14T11:34:08","modified_gmt":"2025-02-14T10:34:08","slug":"informacja-publiczna","status":"publish","type":"page","link":"https:\/\/bip.rops-opole.pl\/?page_id=70","title":{"rendered":"Udost\u0119pnianie informacji publicznej"},"content":{"rendered":"\n<p>Udost\u0119pnianie informacji publicznej na wniosek nast\u0119puje bez zb\u0119dnej zw\u0142oki, nie p\u00f3\u017aniej jednak ni\u017c w terminie 14 dni od dnia z\u0142o\u017cenia wniosku. Je\u015bli nie mo\u017ce by\u0107 udost\u0119pniona w tym terminie, nale\u017cy powiadomi\u0107 o powodach op\u00f3\u017anienia i wskaza\u0107 termin, w kt\u00f3rym informacja b\u0119dzie udost\u0119pniona. Termin ten nie mo\u017ce by\u0107 d\u0142u\u017cszy ni\u017c 2 miesi\u0105ce od z\u0142o\u017cenia wniosku.<\/p>\n\n\n\n<p><strong>Za skutecznie z\u0142o\u017cone uznaje si\u0119 wnioski z\u0142o\u017cone za pomoc\u0105 \u015brodk\u00f3w komunikacji elektronicznej (r\u00f3wnie\u017c bez kwalifikowanego podpisu elektronicznego) przez elektroniczn\u0105 skrzynk\u0119 podawcz\u0105 urz\u0119du.<br>Za skutecznie z\u0142o\u017cone drog\u0105 elektroniczn\u0105 uznaje si\u0119 wnioski przes\u0142ane na adres mailowy rops(at)rops-opole.pl<\/strong><\/p>\n\n\n\n<p>Udost\u0119pnianie informacji publicznej na wniosek nast\u0119puje w spos\u00f3b i w formie zgodnych z wnioskiem, chyba \u017ce \u015brodki techniczne, kt\u00f3rymi dysponuje Regionalny O\u015brodek Polityki Spo\u0142ecznej w Opolu nie umo\u017cliwiaj\u0105 udost\u0119pnienia w takiej formie. W takim przypadku powiadamia si\u0119 pisemnie wnioskodawc\u0119 o przyczynach braku mo\u017cliwo\u015bci udost\u0119pnienia informacji zgodnie z wnioskiem i wskazuje spos\u00f3b, w jaki informacja mo\u017ce by\u0107 udost\u0119pniona. Je\u015bli wnioskodawca w terminie 14 dni od powiadomienia nie z\u0142o\u017cy wniosku o udost\u0119pnienie informacji w spos\u00f3b wskazany w powiadomieniu, post\u0119powanie o udost\u0119pnienie informacji umarza si\u0119.<\/p>\n\n\n\n<p>Odmowa udost\u0119pniania informacji oraz umorzenie post\u0119powania nast\u0119puj\u0105 w drodze decyzji, do kt\u00f3rych stosuje si\u0119 przepisy Kodeksu post\u0119powania administracyjnego, z tym \u017ce odwo\u0142anie od decyzji rozpoznaje si\u0119 w terminie 14 dni, a uzasadnienie takiej decyzji zawiera tak\u017ce dane (imiona, nazwiska i funkcje) os\u00f3b, kt\u00f3re zaj\u0119\u0142y stanowisko w toku post\u0119powania i oznaczenie podmiot\u00f3w, ze wzgl\u0119du na dobra kt\u00f3rych (prywatno\u015b\u0107 osoby fizycznej, tajemnica przedsi\u0119biorcy) wydano decyzj\u0119 o odmowie dost\u0119pu do informacji publicznej.<\/p>\n\n\n\n<p>Je\u015bli w wyniku udost\u0119pniania informacji publicznej na wniosek Regionalny O\u015brodek Polityki Spo\u0142ecznej w Opolu poniesienie dodatkowe koszty, mo\u017ce on pobra\u0107 od wnioskodawcy op\u0142at\u0119 w wysoko\u015bci odpowiadaj\u0105cej tym kosztom. Nale\u017cy w\u00f3wczas w terminie 14 dni od z\u0142o\u017cenia wniosku powiadomi\u0107 wnioskodawc\u0119 o wysoko\u015bci op\u0142aty; udost\u0119pnienie informacji nast\u0119puje w\u00f3wczas w terminie 14 dni od dnia powiadomienia wnioskodawcy, chyba \u017ce dokona on w tym terminie zmiany wniosku w zakresie sposobu lub formy udost\u0119pniania informacji albo wycofa wniosek.<\/p>\n\n\n\n<p><a href=\"\/wp-content\/uploads\/wniosek%20o%20udostepnienie%20informacji%20publicznej.docx\" class=\"use-tooltip\" aria-label=\"Wniosek o udost\u0119pnienie informacji publicznej ( dokument MS Word)\">Wniosek o udost\u0119pnienie informacji publicznej<svg aria-hidden=\"true\" class=\"icon-word\" viewbox=\"0 0 1792 1792\"><path d=\"M1596 380q28 28 48 76t20 88v1152q0 40-28 68t-68 28h-1344q-40 0-68-28t-28-68v-1600q0-40 28-68t68-28h896q40 0 88 20t76 48zm-444-244v376h376q-10-29-22-41l-313-313q-12-12-41-22zm384 1528v-1024h-416q-40 0-68-28t-28-68v-416h-768v1536h1280zm-1175-896v107h70l164 661h159l128-485q7-20 10-46 2-16 2-24h4l3 24q1 3 3.5 20t5.5 26l128 485h159l164-661h70v-107h-300v107h90l-99 438q-5 20-7 46l-2 21h-4l-3-21q-1-5-4-21t-5-25l-144-545h-114l-144 545q-2 9-4.5 24.5t-3.5 21.5l-4 21h-4l-2-21q-2-26-7-46l-99-438h90v-107h-300z\"><\/path><\/svg><span class=\"tooltip\"> dokument MS Word<\/span><\/a><\/p>\n\n\n\n<hr class=\"wp-block-separator has-css-opacity\">\n\n\n\n<p>Osoba odpowiedzialna za tre\u015b\u0107: <br>Opublikowa\u0142: Dariusz Lisowski (10 sierpnia 2020 r. godz. 8:00)<br>Ostatnio zmieni\u0142: Dariusz Lisowski (14 lutego 2025 r. godz. 11:31)<\/p>\n\n","protected":false},"excerpt":{"rendered":null,"protected":false},"author":1,"featured_media":0,"parent":0,"menu_order":0,"comment_status":"closed","ping_status":"closed","template":"","meta":{"footnotes":""},"categories":[],"tags":[],"class_list":["post-70","page","type-page","status-publish","hentry"],"_links":{"self":[{"href":"https:\/\/bip.rops-opole.pl\/index.php?rest_route=\/wp\/v2\/pages\/70","targetHints":{"allow":["GET"]}}],"collection":[{"href":"https:\/\/bip.rops-opole.pl\/index.php?rest_route=\/wp\/v2\/pages"}],"about":[{"href":"https:\/\/bip.rops-opole.pl\/index.php?rest_route=\/wp\/v2\/types\/page"}],"author":[{"embeddable":true,"href":"https:\/\/bip.rops-opole.pl\/index.php?rest_route=\/wp\/v2\/users\/1"}],"replies":[{"embeddable":true,"href":"https:\/\/bip.rops-opole.pl\/index.php?rest_route=%2Fwp%2Fv2%2Fcomments&post=70"}],"version-history":[{"count":10,"href":"https:\/\/bip.rops-opole.pl\/index.php?rest_route=\/wp\/v2\/pages\/70\/revisions"}],"predecessor-version":[{"id":4775,"href":"https:\/\/bip.rops-opole.pl\/index.php?rest_route=\/wp\/v2\/pages\/70\/revisions\/4775"}],"wp:attachment":[{"href":"https:\/\/bip.rops-opole.pl\/index.php?rest_route=%2Fwp%2Fv2%2Fmedia&parent=70"}],"wp:term":[{"taxonomy":"category","embeddable":true,"href":"https:\/\/bip.rops-opole.pl\/index.php?rest_route=%2Fwp%2Fv2%2Fcategories&post=70"},{"taxonomy":"post_tag","embeddable":true,"href":"https:\/\/bip.rops-opole.pl\/index.php?rest_route=%2Fwp%2Fv2%2Ftags&post=70"}],"curies":[{"name":"wp","href":"https:\/\/api.w.org\/{rel}","templated":true}]}}