{"id":5649,"date":"2026-02-19T09:44:39","date_gmt":"2026-02-19T08:44:39","guid":{"rendered":"https:\/\/bip.rops-opole.pl\/?page_id=5649"},"modified":"2026-02-19T09:44:39","modified_gmt":"2026-02-19T08:44:39","slug":"dostawa-cateringu-dla-uczestnikow-szkolenia-specjalizacyjnego-z-zakresu-organizacji-pomocy-spolecznej-dla-jednostek-samorzadu-terytorialnego-jst-w-ramach-projektu-opolskie-spojne-i-aktywne","status":"publish","type":"page","link":"https:\/\/bip.rops-opole.pl\/?page_id=5649","title":{"rendered":"Dostawa cateringu dla uczestnik\u00f3w szkolenia specjalizacyjnego z zakresu organizacji pomocy spo\u0142ecznej dla Jednostek Samorz\u0105du Terytorialnego (JST) w ramach projektu \u201eOpolskie Sp\u00f3jne i Aktywne Spo\u0142ecznie\u201d wsp\u00f3\u0142finansowanego ze \u015brodk\u00f3w Europejskiego Fundusz Spo\u0142ecznego Plus, dzia\u0142ania 04.13 Wysokiej jako\u015bci system w\u0142\u0105czenia spo\u0142ecznego, w ramach typu projekt\u00f3w pn. Dzia\u0142ania ROPS w zakresie us\u0142ug spo\u0142ecznych, pomocy spo\u0142ecznej, ES i aktywnej integracji, s\u0142u\u017c\u0105ce w\u0142\u0105czeniu spo\u0142ecznemu, realizowane na poziomie wojew\u00f3dzkim. Znak sprawy: NZP.4011.18.2026"},"content":{"rendered":"\n<!--more--><p>19.02.2026 r.<\/p>\n\n\n\n<p>Dokumenty do post\u0119powania dost\u0119pne s\u0105 na stronie:<\/p>\n\n\n\n<p><a href=\"https:\/\/bazakonkurencyjnosci.funduszeeuropejskie.gov.pl\/ogloszenia\/265462\" target=\"_blank\" rel=\"noopener noreferrer\" aria-label=\"https:\/\/bazakonkurencyjnosci.funduszeeuropejskie.gov.pl\/ogloszenia\/265462 (external, otworzy si\u0119 w nowym oknie)\" class=\"extlink target-blank use-tooltip\">https:\/\/bazakonkurencyjnosci.funduszeeuropejskie.gov.pl\/ogloszenia\/265462<svg aria-hidden=\"true\" class=\"icon-extlink\" viewbox=\"0 0 1792 1792\"><path d=\"M1408 928v320q0 119-84.5 203.5t-203.5 84.5h-832q-119 0-203.5-84.5t-84.5-203.5v-832q0-119 84.5-203.5t203.5-84.5h704q14 0 23 9t9 23v64q0 14-9 23t-23 9h-704q-66 0-113 47t-47 113v832q0 66 47 113t113 47h832q66 0 113-47t47-113v-320q0-14 9-23t23-9h64q14 0 23 9t9 23zm384-864v512q0 26-19 45t-45 19-45-19l-176-176-652 652q-10 10-23 10t-23-10l-114-114q-10-10-10-23t10-23l652-652-176-176q-19-19-19-45t19-45 45-19h512q26 0 45 19t19 45z\"><\/path><\/svg><svg aria-hidden=\"true\" class=\"icon-new-window\" viewbox=\"0 0 1792 1792\"><path d=\"M1408 960v-128q0-26-19-45t-45-19h-320v-320q0-26-19-45t-45-19h-128q-26 0-45 19t-19 45v320h-320q-26 0-45 19t-19 45v128q0 26 19 45t45 19h320v320q0 26 19 45t45 19h128q26 0 45-19t19-45v-320h320q26 0 45-19t19-45zm256-544v960q0 119-84.5 203.5t-203.5 84.5h-960q-119 0-203.5-84.5t-84.5-203.5v-960q0-119 84.5-203.5t203.5-84.5h960q119 0 203.5 84.5t84.5 203.5z\"><\/path><\/svg><span class=\"tooltip\">external, otworzy si\u0119 w nowym oknie<\/span><\/a><\/p>\n\n\n\n<hr class=\"wp-block-separator has-alpha-channel-opacity\">\n\n\n\n<p>Osoba odpowiedzialna za tre\u015b\u0107: Barbara Rokosz<br>Opublikowa\u0142: Dariusz Lisowski (19 lutego 2026 r. godz. 9:44)<br>Ostatnio zmieni\u0142: Dariusz Lisowski (19 lutego 2026 r. godz. 9:44)<\/p>\n\n","protected":false},"excerpt":{"rendered":null,"protected":false},"author":1,"featured_media":0,"parent":0,"menu_order":0,"comment_status":"closed","ping_status":"closed","template":"","meta":{"footnotes":""},"categories":[19,23],"tags":[],"class_list":["post-5649","page","type-page","status-publish","hentry","category-zamowienia-publiczne","category-zamowienia-do-ktorych-nie-stosuje-sie-ustawy-pzp-pon-170-tys-zl-netto"],"_links":{"self":[{"href":"https:\/\/bip.rops-opole.pl\/index.php?rest_route=\/wp\/v2\/pages\/5649","targetHints":{"allow":["GET"]}}],"collection":[{"href":"https:\/\/bip.rops-opole.pl\/index.php?rest_route=\/wp\/v2\/pages"}],"about":[{"href":"https:\/\/bip.rops-opole.pl\/index.php?rest_route=\/wp\/v2\/types\/page"}],"author":[{"embeddable":true,"href":"https:\/\/bip.rops-opole.pl\/index.php?rest_route=\/wp\/v2\/users\/1"}],"replies":[{"embeddable":true,"href":"https:\/\/bip.rops-opole.pl\/index.php?rest_route=%2Fwp%2Fv2%2Fcomments&post=5649"}],"version-history":[{"count":1,"href":"https:\/\/bip.rops-opole.pl\/index.php?rest_route=\/wp\/v2\/pages\/5649\/revisions"}],"predecessor-version":[{"id":5650,"href":"https:\/\/bip.rops-opole.pl\/index.php?rest_route=\/wp\/v2\/pages\/5649\/revisions\/5650"}],"wp:attachment":[{"href":"https:\/\/bip.rops-opole.pl\/index.php?rest_route=%2Fwp%2Fv2%2Fmedia&parent=5649"}],"wp:term":[{"taxonomy":"category","embeddable":true,"href":"https:\/\/bip.rops-opole.pl\/index.php?rest_route=%2Fwp%2Fv2%2Fcategories&post=5649"},{"taxonomy":"post_tag","embeddable":true,"href":"https:\/\/bip.rops-opole.pl\/index.php?rest_route=%2Fwp%2Fv2%2Ftags&post=5649"}],"curies":[{"name":"wp","href":"https:\/\/api.w.org\/{rel}","templated":true}]}}