{"id":536,"date":"2020-09-22T20:06:38","date_gmt":"2020-09-22T18:06:38","guid":{"rendered":"http:\/\/bip.rops-opole.pl\/?page_id=536"},"modified":"2026-02-03T11:44:29","modified_gmt":"2026-02-03T10:44:29","slug":"deklaracja-dostepnosci","status":"publish","type":"page","link":"https:\/\/bip.rops-opole.pl\/?page_id=536","title":{"rendered":"Deklaracja dost\u0119pno\u015bci"},"content":{"rendered":"\n<p><span id=\"\u201ea11y-wstep\u201d\">\n<span id=\"\u201ea11y-podmiot\u201d\"><\/span><\/span><\/p>\n\n\n\n<p><strong><span id=\"\u201ea11y-podmiot\u201d\">Regionalny O\u015brodek Polityki Spo\u0142ecznej w Opolu<\/span><\/strong> zobowi\u0105zuje si\u0119 zapewni\u0107 dost\u0119pno\u015b\u0107 swojej strony internetowej zgodnie z przepisami ustawy z dnia 4 kwietnia 2019 r. o dost\u0119pno\u015bci cyfrowej stron internetowych i aplikacji mobilnych podmiot\u00f3w publicznych. O\u015bwiadczenie w sprawie dost\u0119pno\u015bci ma zastosowanie do strony internetowej <strong><a href=\"http:\/\/bip.rops-opole.pl\/\" id=\"\u201da11y-url\u201d\" data-type=\"URL\" data-id=\"http:\/\/bip.rops-opole.pl\/\">Biuletyn Informacji Publicznej Regionalnego O\u015brodka Polityki Spo\u0142ecznej w Opolu<\/a><\/strong><\/p>\n\n\n\n<p><\/p>\n\n\n\n<h3 class=\"wp-block-heading\">Daty publikacji i aktualizacji<\/h3>\n\n\n\n<p>Data publikacji strony internetowej: <strong>2020-08-06<\/strong>. Data ostatniej istotnej aktualizacji: <strong>2026-02-03.<\/strong><\/p>\n\n\n\n<h3 class=\"wp-block-heading\">Status pod wzgl\u0119dem zgodno\u015bci z ustaw\u0105<\/h3>\n\n\n\n<p>Strona internetowa jest <strong>zgodna<\/strong> z ustaw\u0105 z dnia 4 kwietnia 2019 r. o dost\u0119pno\u015bci cyfrowej stron internetowych i aplikacji mobilnych podmiot\u00f3w publicznych.<\/p>\n\n\n\n<h3 class=\"wp-block-heading\">Data sporz\u0105dzenia Deklaracji i metoda oceny dost\u0119pno\u015bci cyfrowej<\/h3>\n\n\n\n<p>O\u015bwiadczenie sporz\u0105dzono dnia:\u00a0<strong>2020-08-06<\/strong>. Data ostatniego przegl\u0105du deklaracji:<strong>\u00a02026-02-03<\/strong><\/p>\n\n\n\n<p>Deklaracj\u0119 sporz\u0105dzono na podstawie samooceny przeprowadzonej przez podmiot publiczny.<\/p>\n\n\n\n<h3 class=\"wp-block-heading\"><strong>Dane teleadresowe podmiotu publicznego:<\/strong><\/h3>\n\n\n\n<p>Regionalny O\u015brodek Polityki Spo\u0142ecznej w Opolu<br>ul. G\u0142ogowska 25c (1 pi\u0119tro)<br>45-315 Opole<br>tel.: 77 455 19 00<br>e-mail: rops(at)rops-opole.pl<br>strona internetowa: www.rops-opole.pl<\/p>\n\n\n\n<h3 class=\"wp-block-heading\">Skr\u00f3ty klawiaturowe<\/h3>\n\n\n\n<p>Na stronie internetowej mo\u017cna u\u017cywa\u0107 standardowych skr\u00f3t\u00f3w klawiaturowych przegl\u0105darki.<\/p>\n\n\n\n<ul class=\"wp-block-list\">\n<li>TAB \u2013 przej\u015bcie do kolejnego elementu<\/li>\n\n\n\n<li>SHIFT + TAB \u2013 przej\u015bcie do poprzedniego elementu<\/li>\n\n\n\n<li>ESC \u2013 anulowanie podpowiedzi<\/li>\n\n\n\n<li>Lewy ALT + 4 \u2013 przej\u015bcie do pola wyszukiwania<\/li>\n<\/ul>\n\n\n\n<h3 class=\"wp-block-heading\">Informacje zwrotne i dane kontaktowe.<\/h3>\n\n\n\n<p>W przypadku problem\u00f3w z dost\u0119pno\u015bci\u0105 strony internetowej prosimy o kontakt. Osob\u0105 kontaktow\u0105 jest <strong>Dariusz Lisowski, d.lisowski(at)rops-opole.pl.<\/strong> Kontaktowa\u0107 mo\u017cna si\u0119 tak\u017ce dzwoni\u0105c na numer telefonu <strong>77 455 12 26.<\/strong> T\u0105 sam\u0105 drog\u0105 mo\u017cna sk\u0142ada\u0107 wnioski o udost\u0119pnienie informacji niedost\u0119pnej oraz sk\u0142ada\u0107 \u017c\u0105dania zapewnienia dost\u0119pno\u015bci.<\/p>\n\n\n\n<h3 class=\"wp-block-heading\">Informacje na temat procedury<\/h3>\n\n\n\n<p>Ka\u017cdy ma prawo do wyst\u0105pienia z \u017c\u0105daniem zapewnienia dost\u0119pno\u015bci cyfrowej strony internetowej, aplikacji mobilnej lub jakiego\u015b ich elementu. Mo\u017cna tak\u017ce za\u017c\u0105da\u0107 udost\u0119pnienia informacji za pomoc\u0105 alternatywnego sposobu dost\u0119pu, na przyk\u0142ad przez odczytanie niedost\u0119pnego cyfrowo dokumentu, opisanie zawarto\u015bci filmu bez audiodeskrypcji itp. \u017b\u0105danie powinno zawiera\u0107 dane osoby zg\u0142aszaj\u0105cej \u017c\u0105danie, wskazanie, o kt\u00f3r\u0105 stron\u0119 internetow\u0105 chodzi oraz spos\u00f3b kontaktu. Je\u017celi osoba \u017c\u0105daj\u0105ca zg\u0142asza potrzeb\u0119 otrzymania informacji za pomoc\u0105 alternatywnego sposobu dost\u0119pu, powinna tak\u017ce okre\u015bli\u0107 dogodny dla niej spos\u00f3b przedstawienia tej informacji. Podmiot publiczny powinien zrealizowa\u0107 \u017c\u0105danie niezw\u0142ocznie, nie p\u00f3\u017aniej ni\u017c w ci\u0105gu 7 dni od dnia wyst\u0105pienia z \u017c\u0105daniem. Je\u017celi dotrzymanie tego terminu nie jest mo\u017cliwe, podmiot publiczny niezw\u0142ocznie informuje o tym wnosz\u0105cego \u017c\u0105danie, kiedy realizacja \u017c\u0105dania b\u0119dzie mo\u017cliwa, przy czym termin ten nie mo\u017ce by\u0107 d\u0142u\u017cszy ni\u017c 2 miesi\u0105ce od dnia wyst\u0105pienia z \u017c\u0105daniem. Je\u017celi zapewnienie dost\u0119pno\u015bci cyfrowej nie jest mo\u017cliwe, podmiot publiczny mo\u017ce zaproponowa\u0107 alternatywny spos\u00f3b dost\u0119pu do informacji. W przypadku, gdy podmiot publiczny odm\u00f3wi realizacji \u017c\u0105dania zapewnienia dost\u0119pno\u015bci lub alternatywnego sposobu dost\u0119pu do informacji, wnosz\u0105cy \u017c\u0105danie mo\u017cne z\u0142o\u017cy\u0107 skarg\u0119 w sprawie zapewniana dost\u0119pno\u015bci cyfrowej strony internetowej, aplikacji mobilnej lub elementu strony internetowej, lub aplikacji mobilnej. Po wyczerpaniu wskazanej wy\u017cej procedury mo\u017cna tak\u017ce z\u0142o\u017cy\u0107 wniosek do Rzecznika Praw Obywatelskich.<\/p>\n\n\n\n<h3 class=\"wp-block-heading\"><strong>Strona internetowa Rzecznika Praw Obywatelskich<\/strong><\/h3>\n\n\n\n<p><a href=\"https:\/\/www.rpo.gov.pl\/\" aria-label=\"https:\/\/www.rpo.gov.pl\/ (external)\" class=\"extlink use-tooltip\">https:\/\/www.rpo.gov.pl\/<svg aria-hidden=\"true\" class=\"icon-extlink\" viewbox=\"0 0 1792 1792\"><path d=\"M1408 928v320q0 119-84.5 203.5t-203.5 84.5h-832q-119 0-203.5-84.5t-84.5-203.5v-832q0-119 84.5-203.5t203.5-84.5h704q14 0 23 9t9 23v64q0 14-9 23t-23 9h-704q-66 0-113 47t-47 113v832q0 66 47 113t113 47h832q66 0 113-47t47-113v-320q0-14 9-23t23-9h64q14 0 23 9t9 23zm384-864v512q0 26-19 45t-45 19-45-19l-176-176-652 652q-10 10-23 10t-23-10l-114-114q-10-10-10-23t10-23l652-652-176-176q-19-19-19-45t19-45 45-19h512q26 0 45 19t19 45z\"><\/path><\/svg><span class=\"tooltip\">external<\/span><\/a><\/p>\n\n\n\n<h3 class=\"wp-block-heading\">Dost\u0119pno\u015b\u0107 architektoniczna<\/h3>\n\n\n\n<div class=\"wp-block-group\"><div class=\"wp-block-group__inner-container is-layout-flow wp-block-group-is-layout-flow\">\n<div class=\"wp-block-group\"><div class=\"wp-block-group__inner-container is-layout-flow wp-block-group-is-layout-flow\">\n<p><strong>Budynek w Opolu przy ul. G\u0142ogowskiej 25C \u2013 g\u0142\u00f3wna siedziba<\/strong><\/p>\n\n\n\n<p>ROPS w Opolu znajduje si\u0119 na pierwszym pi\u0119trze. Budynek jest wyposa\u017cony w wind\u0119, do kt\u00f3rej wej\u015bcie znajduje si\u0119 od strony wewn\u0119trznego parkingu.<\/p>\n<\/div><\/div>\n\n\n\n<p><strong>Budynek w Opolu przy ul. Rejtana 5 \u2013 siedziba O\u015brodka Adopcyjnego oraz Obserwatorium Polityki Spo\u0142ecznej<\/strong><\/p>\n\n\n\n<p>Budynek nie jest wyposa\u017cony w wind\u0119, ani platform\u0119 dla w\u00f3zk\u00f3w inwalidzkich.\u00a0 Osoba z niepe\u0142nosprawno\u015bci\u0105 na w\u00f3zku inwalidzkim ma mo\u017cliwo\u015b\u0107 wjazdu na parter od strony podw\u00f3rza, gdzie mo\u017ce oczekiwa\u0107 na zej\u015bcie pracownika po uprzednim um\u00f3wieniu si\u0119 telefonicznie.<\/p>\n\n\n\n<p><strong>Budynek w Nysie przy ul. Pi\u0142sudskiego 47 \u2013 siedziba Sekcji Zamiejscowej O\u015brodka Adopcyjnego<\/strong><\/p>\n\n\n\n<p>Sekcja zamiejscowa O\u015brodka Adopcyjnego mie\u015bci si\u0119 na pierwszym pi\u0119trze. Budynek nale\u017cy do NZOZ \u201eVita\u201d Sp. z o.o. \u00a0i spe\u0142nia minimalne wymagania zgodne z ustaw\u0105 z dnia 19 lipca 2019 r. o zapewnianiu dost\u0119pno\u015bci osobom ze szczeg\u00f3lnymi potrzebami. W zakresie dost\u0119pno\u015bci architektonicznej:<\/p>\n\n\n\n<ul>\n<li>przestrzenie komunikacyjne budynk\u00f3w wolne od barier poziomych i pionowych (komunikacja pozioma \u2013 korytarze na jednym poziomie, komunikacja pionowa \u2013 windy),<\/li>\n<li>instalacja urz\u0105dze\u0144 lub zastosowanie \u015brodk\u00f3w technicznych i rozwi\u0105za\u0144 architektonicznych w budynku, kt\u00f3re umo\u017cliwiaj\u0105 dost\u0119p do wszystkich pomieszcze\u0144 \u2013 rampy podjazdowe, windy,<\/li>\n<li>zapewnienie informacji na temat rozk\u0142adu pomieszcze\u0144 w budynku, co najmniej w spos\u00f3b wizualny i dotykowy lub g\u0142osowy \u2013 tablice informacyjne, recepcja,<\/li>\n<li>zapewnienie wst\u0119pu do budynku osobie korzystaj\u0105cej z psa asystuj\u0105cego \u2013 instrukcja dla recepcji,<\/li>\n<li>zapewnienie osobom ze szczeg\u00f3lnymi potrzebami mo\u017cliwo\u015bci ewakuacji lub ich uratowania w inny spos\u00f3b \u2013 komunikaty d\u017awi\u0119kowe, oznaczenia dr\u00f3g ewakuacyjnych, szkolenia i instrukcje dla os\u00f3b funkcyjnych z zakresu ochrony przeciwpo\u017carowej i zasad post\u0119powania na wypadek ewakuacji.<\/li>\n<\/ul>\n<p><a href=\"\/wp-content\/uploads\/dostepnosc\/Raport%20o%20stanie%20zapewniania%20dost%C4%99pno%C5%9Bci%20podmiotu%20publicznego.pdf\" target=\"_blank\" rel=\"noopener\" class=\"target-blank use-tooltip\" aria-label=\"Raport o stanie zapewniania dost\u0119pno\u015bci podmiotu publicznego.pdf ( dokument PDF, otworzy si\u0119 w nowym oknie)\">Raport o stanie zapewniania dost\u0119pno\u015bci podmiotu publicznego.pdf<svg aria-hidden=\"true\" class=\"icon-pdf\" viewbox=\"0 0 1792 1792\"><path d=\"M1596 380q28 28 48 76t20 88v1152q0 40-28 68t-68 28h-1344q-40 0-68-28t-28-68v-1600q0-40 28-68t68-28h896q40 0 88 20t76 48zm-444-244v376h376q-10-29-22-41l-313-313q-12-12-41-22zm384 1528v-1024h-416q-40 0-68-28t-28-68v-416h-768v1536h1280zm-514-593q33 26 84 56 59-7 117-7 147 0 177 49 16 22 2 52 0 1-1 2l-2 2v1q-6 38-71 38-48 0-115-20t-130-53q-221 24-392 83-153 262-242 262-15 0-28-7l-24-12q-1-1-6-5-10-10-6-36 9-40 56-91.5t132-96.5q14-9 23 6 2 2 2 4 52-85 107-197 68-136 104-262-24-82-30.5-159.5t6.5-127.5q11-40 42-40h22q23 0 35 15 18 21 9 68-2 6-4 8 1 3 1 8v30q-2 123-14 192 55 164 146 238zm-576 411q52-24 137-158-51 40-87.5 84t-49.5 74zm398-920q-15 42-2 132 1-7 7-44 0-3 7-43 1-4 4-8-1-1-1-2t-.5-1.5-.5-1.5q-1-22-13-36 0 1-1 2v2zm-124 661q135-54 284-81-2-1-13-9.5t-16-13.5q-76-67-127-176-27 86-83 197-30 56-45 83zm646-16q-24-24-140-24 76 28 124 28 14 0 18-1 0-1-2-3z\"><\/path><\/svg><svg aria-hidden=\"true\" class=\"icon-new-window\" viewbox=\"0 0 1792 1792\"><path d=\"M1408 960v-128q0-26-19-45t-45-19h-320v-320q0-26-19-45t-45-19h-128q-26 0-45 19t-19 45v320h-320q-26 0-45 19t-19 45v128q0 26 19 45t45 19h320v320q0 26 19 45t45 19h128q26 0 45-19t19-45v-320h320q26 0 45-19t19-45zm256-544v960q0 119-84.5 203.5t-203.5 84.5h-960q-119 0-203.5-84.5t-84.5-203.5v-960q0-119 84.5-203.5t203.5-84.5h960q119 0 203.5 84.5t84.5 203.5z\"><\/path><\/svg><span class=\"tooltip\"> dokument PDF, otworzy si\u0119 w nowym oknie<\/span><\/a><\/p>\n\n\n\n<hr class=\"wp-block-separator has-css-opacity\">\n\n\n\n<p>Osoba odpowiedzialna za tre\u015b\u0107: Dariusz Lisowski<br>Opublikowa\u0142: Waldemar Szczepa\u0144ski (22 wrze\u015bnia 2020 r. godz. 20:36)<br>Ostatnio zmieni\u0142: Dariusz Lisowski (3 lutego 2026 r. godz. 11:35)<\/p>\n<\/div><\/div>\n\n","protected":false},"excerpt":{"rendered":null,"protected":false},"author":1,"featured_media":0,"parent":0,"menu_order":0,"comment_status":"closed","ping_status":"closed","template":"","meta":{"footnotes":""},"categories":[],"tags":[],"class_list":["post-536","page","type-page","status-publish","hentry"],"_links":{"self":[{"href":"https:\/\/bip.rops-opole.pl\/index.php?rest_route=\/wp\/v2\/pages\/536","targetHints":{"allow":["GET"]}}],"collection":[{"href":"https:\/\/bip.rops-opole.pl\/index.php?rest_route=\/wp\/v2\/pages"}],"about":[{"href":"https:\/\/bip.rops-opole.pl\/index.php?rest_route=\/wp\/v2\/types\/page"}],"author":[{"embeddable":true,"href":"https:\/\/bip.rops-opole.pl\/index.php?rest_route=\/wp\/v2\/users\/1"}],"replies":[{"embeddable":true,"href":"https:\/\/bip.rops-opole.pl\/index.php?rest_route=%2Fwp%2Fv2%2Fcomments&post=536"}],"version-history":[{"count":34,"href":"https:\/\/bip.rops-opole.pl\/index.php?rest_route=\/wp\/v2\/pages\/536\/revisions"}],"predecessor-version":[{"id":5621,"href":"https:\/\/bip.rops-opole.pl\/index.php?rest_route=\/wp\/v2\/pages\/536\/revisions\/5621"}],"wp:attachment":[{"href":"https:\/\/bip.rops-opole.pl\/index.php?rest_route=%2Fwp%2Fv2%2Fmedia&parent=536"}],"wp:term":[{"taxonomy":"category","embeddable":true,"href":"https:\/\/bip.rops-opole.pl\/index.php?rest_route=%2Fwp%2Fv2%2Fcategories&post=536"},{"taxonomy":"post_tag","embeddable":true,"href":"https:\/\/bip.rops-opole.pl\/index.php?rest_route=%2Fwp%2Fv2%2Ftags&post=536"}],"curies":[{"name":"wp","href":"https:\/\/api.w.org\/{rel}","templated":true}]}}