{"id":5324,"date":"2025-08-18T09:47:53","date_gmt":"2025-08-18T07:47:53","guid":{"rendered":"https:\/\/bip.rops-opole.pl\/?page_id=5324"},"modified":"2025-08-18T09:56:17","modified_gmt":"2025-08-18T07:56:17","slug":"usluga-polegajaca-na-organizacji-i-przeprowadzeniu-szkolen-z-zakresu-rewitalizacji-oraz-stosowania-klauzul-spolecznych-znak-sprawy-uzp-4011-12-2025","status":"publish","type":"page","link":"https:\/\/bip.rops-opole.pl\/?page_id=5324","title":{"rendered":"Us\u0142uga polegaj\u0105ca na organizacji i przeprowadzeniu szkole\u0144 z zakresu rewitalizacji oraz stosowania klauzul spo\u0142ecznych. Znak sprawy: UZP.4011.12.2025"},"content":{"rendered":"\n<!--more--><p>Zadanie realizowane jest w ramach projektu pod nazw\u0105 Opolskie Sp\u00f3jne i Aktywne Spo\u0142ecznie, w ramach programu Fundusze Europejskie dla Rozwoju Spo\u0142ecznego 2021-2027 wsp\u00f3\u0142finansowanego ze \u015brodk\u00f3w Europejskiego Funduszu Spo\u0142ecznego Plus 2021-2027, Priorytet FERS.04 Sp\u00f3jno\u015b\u0107 spo\u0142eczna i zdrowie, Dzia\u0142anie FERS.04.13 Wysokiej jako\u015bci system w\u0142\u0105czenia spo\u0142ecznego.<br><\/p>\n\n\n\n<p>W post\u0119powaniu o udzielenie zam\u00f3wienia publicznego komunikacja mi\u0119dzy zamawiaj\u0105cym, a Wykonawcami odbywa si\u0119 przy u\u017cyciu Platformy e-Zam\u00f3wienia, kt\u00f3ra jest dost\u0119pna pod adresem <a href=\"https:\/\/ezamowienia.gov.pl\/pl\/\" target=\"_blank\" rel=\"noopener noreferrer\" aria-label=\"https:\/\/ezamowienia.gov.pl\/pl\/ (external, otworzy si\u0119 w nowym oknie)\" class=\"extlink target-blank use-tooltip\">https:\/\/ezamowienia.gov.pl\/pl\/<svg aria-hidden=\"true\" class=\"icon-extlink\" viewbox=\"0 0 1792 1792\"><path d=\"M1408 928v320q0 119-84.5 203.5t-203.5 84.5h-832q-119 0-203.5-84.5t-84.5-203.5v-832q0-119 84.5-203.5t203.5-84.5h704q14 0 23 9t9 23v64q0 14-9 23t-23 9h-704q-66 0-113 47t-47 113v832q0 66 47 113t113 47h832q66 0 113-47t47-113v-320q0-14 9-23t23-9h64q14 0 23 9t9 23zm384-864v512q0 26-19 45t-45 19-45-19l-176-176-652 652q-10 10-23 10t-23-10l-114-114q-10-10-10-23t10-23l652-652-176-176q-19-19-19-45t19-45 45-19h512q26 0 45 19t19 45z\"><\/path><\/svg><svg aria-hidden=\"true\" class=\"icon-new-window\" viewbox=\"0 0 1792 1792\"><path d=\"M1408 960v-128q0-26-19-45t-45-19h-320v-320q0-26-19-45t-45-19h-128q-26 0-45 19t-19 45v320h-320q-26 0-45 19t-19 45v128q0 26 19 45t45 19h320v320q0 26 19 45t45 19h128q26 0 45-19t19-45v-320h320q26 0 45-19t19-45zm256-544v960q0 119-84.5 203.5t-203.5 84.5h-960q-119 0-203.5-84.5t-84.5-203.5v-960q0-119 84.5-203.5t203.5-84.5h960q119 0 203.5 84.5t84.5 203.5z\"><\/path><\/svg><span class=\"tooltip\">external, otworzy si\u0119 w nowym oknie<\/span><\/a><br><br>lub przez maila rops(at)rops-opole.pl.<br><br>Wykonawca zamierzaj\u0105cy wzi\u0105\u0107 udzia\u0142 w post\u0119powaniu o udzielenie zam\u00f3wienia publicznego (z\u0142o\u017cy\u0107 ofert\u0119) musi posiada\u0107 konto podmiotu \u201eWykonawca\u201d na Platformie e-Zam\u00f3wienia.<br>Szczeg\u00f3\u0142owe informacje na temat zak\u0142adania kont podmiot\u00f3w oraz zasady i warunki korzystania z Platformy e-Zam\u00f3wienia, w tym minimalne wymagania techniczne dotycz\u0105ce sprz\u0119tu u\u017cywanego w celu korzystania z us\u0142ug oraz informacje dotycz\u0105ce specyfikacji po\u0142\u0105czenia okre\u015bla Regulamin Platformy e-Zam\u00f3wienia oraz informacje zamieszczone w zak\u0142adce \u201eCentrum Pomocy\u201d<br><br>Dokumenty do post\u0119powania dost\u0119pne s\u0105 na stronie prowadzonego post\u0119powania:<\/p>\n\n\n\n<p><a href=\"https:\/\/ezamowienia.gov.pl\/mp-client\/search\/list\/ocds-148610-61d16a76-4fe6-4027-b119-b15d05df17d4\" target=\"_blank\" rel=\"noopener noreferrer\" aria-label=\"https:\/\/ezamowienia.gov.pl\/mp-client\/search\/list\/ocds-148610-61d16a76-4fe6-4027-b119-b15d05df17d4 (external, otworzy si\u0119 w nowym oknie)\" class=\"extlink target-blank use-tooltip\">https:\/\/ezamowienia.gov.pl\/mp-client\/search\/list\/ocds-148610-61d16a76-4fe6-4027-b119-b15d05df17d4<svg aria-hidden=\"true\" class=\"icon-extlink\" viewbox=\"0 0 1792 1792\"><path d=\"M1408 928v320q0 119-84.5 203.5t-203.5 84.5h-832q-119 0-203.5-84.5t-84.5-203.5v-832q0-119 84.5-203.5t203.5-84.5h704q14 0 23 9t9 23v64q0 14-9 23t-23 9h-704q-66 0-113 47t-47 113v832q0 66 47 113t113 47h832q66 0 113-47t47-113v-320q0-14 9-23t23-9h64q14 0 23 9t9 23zm384-864v512q0 26-19 45t-45 19-45-19l-176-176-652 652q-10 10-23 10t-23-10l-114-114q-10-10-10-23t10-23l652-652-176-176q-19-19-19-45t19-45 45-19h512q26 0 45 19t19 45z\"><\/path><\/svg><svg aria-hidden=\"true\" class=\"icon-new-window\" viewbox=\"0 0 1792 1792\"><path d=\"M1408 960v-128q0-26-19-45t-45-19h-320v-320q0-26-19-45t-45-19h-128q-26 0-45 19t-19 45v320h-320q-26 0-45 19t-19 45v128q0 26 19 45t45 19h320v320q0 26 19 45t45 19h128q26 0 45-19t19-45v-320h320q26 0 45-19t19-45zm256-544v960q0 119-84.5 203.5t-203.5 84.5h-960q-119 0-203.5-84.5t-84.5-203.5v-960q0-119 84.5-203.5t203.5-84.5h960q119 0 203.5 84.5t84.5 203.5z\"><\/path><\/svg><span class=\"tooltip\">external, otworzy si\u0119 w nowym oknie<\/span><\/a><\/p>\n\n\n\n<hr class=\"wp-block-separator has-alpha-channel-opacity\">\n\n\n\n<p>Osoba odpowiedzialna za tre\u015b\u0107: Barbara Rokosz<br>Opublikowa\u0142: Dariusz Lisowski (18 sierpnia 2025 r. godz. 9:46)<br>Ostatnio zmieni\u0142: Dariusz Lisowski (18 sierpnia 2025 r. godz. 9:46)<\/p>\n\n","protected":false},"excerpt":{"rendered":null,"protected":false},"author":1,"featured_media":0,"parent":0,"menu_order":0,"comment_status":"closed","ping_status":"closed","template":"","meta":{"footnotes":""},"categories":[24,19],"tags":[],"class_list":["post-5324","page","type-page","status-publish","hentry","category-zamowienia-na-podstawie-ustawy-pzp-pow-170-tys-zl-netto","category-zamowienia-publiczne"],"_links":{"self":[{"href":"https:\/\/bip.rops-opole.pl\/index.php?rest_route=\/wp\/v2\/pages\/5324","targetHints":{"allow":["GET"]}}],"collection":[{"href":"https:\/\/bip.rops-opole.pl\/index.php?rest_route=\/wp\/v2\/pages"}],"about":[{"href":"https:\/\/bip.rops-opole.pl\/index.php?rest_route=\/wp\/v2\/types\/page"}],"author":[{"embeddable":true,"href":"https:\/\/bip.rops-opole.pl\/index.php?rest_route=\/wp\/v2\/users\/1"}],"replies":[{"embeddable":true,"href":"https:\/\/bip.rops-opole.pl\/index.php?rest_route=%2Fwp%2Fv2%2Fcomments&post=5324"}],"version-history":[{"count":2,"href":"https:\/\/bip.rops-opole.pl\/index.php?rest_route=\/wp\/v2\/pages\/5324\/revisions"}],"predecessor-version":[{"id":5328,"href":"https:\/\/bip.rops-opole.pl\/index.php?rest_route=\/wp\/v2\/pages\/5324\/revisions\/5328"}],"wp:attachment":[{"href":"https:\/\/bip.rops-opole.pl\/index.php?rest_route=%2Fwp%2Fv2%2Fmedia&parent=5324"}],"wp:term":[{"taxonomy":"category","embeddable":true,"href":"https:\/\/bip.rops-opole.pl\/index.php?rest_route=%2Fwp%2Fv2%2Fcategories&post=5324"},{"taxonomy":"post_tag","embeddable":true,"href":"https:\/\/bip.rops-opole.pl\/index.php?rest_route=%2Fwp%2Fv2%2Ftags&post=5324"}],"curies":[{"name":"wp","href":"https:\/\/api.w.org\/{rel}","templated":true}]}}