{"id":5291,"date":"2025-08-01T15:27:07","date_gmt":"2025-08-01T13:27:07","guid":{"rendered":"https:\/\/bip.rops-opole.pl\/?page_id=5291"},"modified":"2025-08-01T16:45:23","modified_gmt":"2025-08-01T14:45:23","slug":"kompleksowa-organizacja-uslug-szkoleniowych-dla-czlonkow-zespolow-interdyscyplinarnych-i-grup-diagnostyczno-pomocowych-w-ramach-projektu-pod-nazwa-blizej-rodziny-i-dziecka","status":"publish","type":"page","link":"https:\/\/bip.rops-opole.pl\/?page_id=5291","title":{"rendered":"Kompleksowa organizacja us\u0142ug szkoleniowych dla cz\u0142onk\u00f3w zespo\u0142\u00f3w interdyscyplinarnych i grup diagnostyczno \u2013 pomocowych w ramach projektu pod nazw\u0105 \u201eBli\u017cej rodziny i dziecka \u2013 wsparcie rodzin prze\u017cywaj\u0105cych problemy opieku\u0144czo-wychowawcze oraz wsparcie pieczy zast\u0119pczej \u2013 etap II\u201d w ramach programu regionalnego Fundusze Europejskie dla Opolskiego 2021-2027 wsp\u00f3\u0142finansowanego ze \u015brodk\u00f3w Europejskiego Funduszu Spo\u0142ecznego Plus 2021-2027, w ramach Priorytetu 6 Fundusze europejskie wspieraj\u0105ce w\u0142\u0105czenie spo\u0142eczne w opolskim, dzia\u0142ania 6.7 Wsparcie rodziny i pieczy zast\u0119pczej"},"content":{"rendered":"\n<!--more--><ol class=\"wp-block-list\">\n<li><a href=\"\/wp-content\/uploads\/szacowanie-wartosci-zamowienia\/2025-08-01\/Zaproszenie%20do%20szacowania.docx\" target=\"_blank\" rel=\"noreferrer noopener\" class=\"target-blank use-tooltip\" aria-label=\"Zaproszenie do szacowania.docx ( dokument MS Word, otworzy si\u0119 w nowym oknie)\">Zaproszenie do szacowania.docx<svg aria-hidden=\"true\" class=\"icon-word\" viewbox=\"0 0 1792 1792\"><path d=\"M1596 380q28 28 48 76t20 88v1152q0 40-28 68t-68 28h-1344q-40 0-68-28t-28-68v-1600q0-40 28-68t68-28h896q40 0 88 20t76 48zm-444-244v376h376q-10-29-22-41l-313-313q-12-12-41-22zm384 1528v-1024h-416q-40 0-68-28t-28-68v-416h-768v1536h1280zm-1175-896v107h70l164 661h159l128-485q7-20 10-46 2-16 2-24h4l3 24q1 3 3.5 20t5.5 26l128 485h159l164-661h70v-107h-300v107h90l-99 438q-5 20-7 46l-2 21h-4l-3-21q-1-5-4-21t-5-25l-144-545h-114l-144 545q-2 9-4.5 24.5t-3.5 21.5l-4 21h-4l-2-21q-2-26-7-46l-99-438h90v-107h-300z\"><\/path><\/svg><svg aria-hidden=\"true\" class=\"icon-new-window\" viewbox=\"0 0 1792 1792\"><path d=\"M1408 960v-128q0-26-19-45t-45-19h-320v-320q0-26-19-45t-45-19h-128q-26 0-45 19t-19 45v320h-320q-26 0-45 19t-19 45v128q0 26 19 45t45 19h320v320q0 26 19 45t45 19h128q26 0 45-19t19-45v-320h320q26 0 45-19t19-45zm256-544v960q0 119-84.5 203.5t-203.5 84.5h-960q-119 0-203.5-84.5t-84.5-203.5v-960q0-119 84.5-203.5t203.5-84.5h960q119 0 203.5 84.5t84.5 203.5z\"><\/path><\/svg><span class=\"tooltip\"> dokument MS Word, otworzy si\u0119 w nowym oknie<\/span><\/a><\/li>\n\n\n\n<li><a href=\"\/wp-content\/uploads\/szacowanie-wartosci-zamowienia\/2025-08-01\/Za%C5%82%C4%85cznik%20nr%201%20-%20Szczeg%C3%B3%C5%82owy%20Opis%20Przedmiotu%20Zam%C3%B3wienia.docx\" target=\"_blank\" rel=\"noreferrer noopener\" class=\"target-blank use-tooltip\" aria-label=\"Za\u0142\u0105cznik nr 1 \u2013 Szczeg\u00f3\u0142owy Opis Przedmiotu Zam\u00f3wienia.docx ( dokument MS Word, otworzy si\u0119 w nowym oknie)\">Za\u0142\u0105cznik nr 1 \u2013 Szczeg\u00f3\u0142owy Opis Przedmiotu Zam\u00f3wienia.docx<svg aria-hidden=\"true\" class=\"icon-word\" viewbox=\"0 0 1792 1792\"><path d=\"M1596 380q28 28 48 76t20 88v1152q0 40-28 68t-68 28h-1344q-40 0-68-28t-28-68v-1600q0-40 28-68t68-28h896q40 0 88 20t76 48zm-444-244v376h376q-10-29-22-41l-313-313q-12-12-41-22zm384 1528v-1024h-416q-40 0-68-28t-28-68v-416h-768v1536h1280zm-1175-896v107h70l164 661h159l128-485q7-20 10-46 2-16 2-24h4l3 24q1 3 3.5 20t5.5 26l128 485h159l164-661h70v-107h-300v107h90l-99 438q-5 20-7 46l-2 21h-4l-3-21q-1-5-4-21t-5-25l-144-545h-114l-144 545q-2 9-4.5 24.5t-3.5 21.5l-4 21h-4l-2-21q-2-26-7-46l-99-438h90v-107h-300z\"><\/path><\/svg><svg aria-hidden=\"true\" class=\"icon-new-window\" viewbox=\"0 0 1792 1792\"><path d=\"M1408 960v-128q0-26-19-45t-45-19h-320v-320q0-26-19-45t-45-19h-128q-26 0-45 19t-19 45v320h-320q-26 0-45 19t-19 45v128q0 26 19 45t45 19h320v320q0 26 19 45t45 19h128q26 0 45-19t19-45v-320h320q26 0 45-19t19-45zm256-544v960q0 119-84.5 203.5t-203.5 84.5h-960q-119 0-203.5-84.5t-84.5-203.5v-960q0-119 84.5-203.5t203.5-84.5h960q119 0 203.5 84.5t84.5 203.5z\"><\/path><\/svg><span class=\"tooltip\"> dokument MS Word, otworzy si\u0119 w nowym oknie<\/span><\/a><\/li>\n\n\n\n<li><a href=\"\/wp-content\/uploads\/szacowanie-wartosci-zamowienia\/2025-08-01\/Za%C5%82%C4%85cznik%20nr%202%20-%20Oferta%20dot.%20szacowania%20warto%C5%9Bci%20zam%C3%B3wienia.docx\" target=\"_blank\" rel=\"noreferrer noopener\" class=\"target-blank use-tooltip\" aria-label=\"Za\u0142\u0105cznik nr 2 \u2013 Oferta dot. szacowania warto\u015bci zam\u00f3wienia.docx ( dokument MS Word, otworzy si\u0119 w nowym oknie)\">Za\u0142\u0105cznik nr 2 \u2013 Oferta dot. szacowania warto\u015bci zam\u00f3wienia.docx<svg aria-hidden=\"true\" class=\"icon-word\" viewbox=\"0 0 1792 1792\"><path d=\"M1596 380q28 28 48 76t20 88v1152q0 40-28 68t-68 28h-1344q-40 0-68-28t-28-68v-1600q0-40 28-68t68-28h896q40 0 88 20t76 48zm-444-244v376h376q-10-29-22-41l-313-313q-12-12-41-22zm384 1528v-1024h-416q-40 0-68-28t-28-68v-416h-768v1536h1280zm-1175-896v107h70l164 661h159l128-485q7-20 10-46 2-16 2-24h4l3 24q1 3 3.5 20t5.5 26l128 485h159l164-661h70v-107h-300v107h90l-99 438q-5 20-7 46l-2 21h-4l-3-21q-1-5-4-21t-5-25l-144-545h-114l-144 545q-2 9-4.5 24.5t-3.5 21.5l-4 21h-4l-2-21q-2-26-7-46l-99-438h90v-107h-300z\"><\/path><\/svg><svg aria-hidden=\"true\" class=\"icon-new-window\" viewbox=\"0 0 1792 1792\"><path d=\"M1408 960v-128q0-26-19-45t-45-19h-320v-320q0-26-19-45t-45-19h-128q-26 0-45 19t-19 45v320h-320q-26 0-45 19t-19 45v128q0 26 19 45t45 19h320v320q0 26 19 45t45 19h128q26 0 45-19t19-45v-320h320q26 0 45-19t19-45zm256-544v960q0 119-84.5 203.5t-203.5 84.5h-960q-119 0-203.5-84.5t-84.5-203.5v-960q0-119 84.5-203.5t203.5-84.5h960q119 0 203.5 84.5t84.5 203.5z\"><\/path><\/svg><span class=\"tooltip\"> dokument MS Word, otworzy si\u0119 w nowym oknie<\/span><\/a><\/li>\n\n\n\n<li><a href=\"\/wp-content\/uploads\/szacowanie-wartosci-zamowienia\/2025-08-01\/Za%C5%82%C4%85cznik%20nr%203%20-%20Projektowane%20postanowienia%20umowy.docx\" target=\"_blank\" rel=\"noreferrer noopener\" class=\"target-blank use-tooltip\" aria-label=\"Za\u0142\u0105cznik nr 3 \u2013 Projektowane postanowienia umowy.docx ( dokument MS Word, otworzy si\u0119 w nowym oknie)\">Za\u0142\u0105cznik nr 3 \u2013 Projektowane postanowienia umowy.docx<svg aria-hidden=\"true\" class=\"icon-word\" viewbox=\"0 0 1792 1792\"><path d=\"M1596 380q28 28 48 76t20 88v1152q0 40-28 68t-68 28h-1344q-40 0-68-28t-28-68v-1600q0-40 28-68t68-28h896q40 0 88 20t76 48zm-444-244v376h376q-10-29-22-41l-313-313q-12-12-41-22zm384 1528v-1024h-416q-40 0-68-28t-28-68v-416h-768v1536h1280zm-1175-896v107h70l164 661h159l128-485q7-20 10-46 2-16 2-24h4l3 24q1 3 3.5 20t5.5 26l128 485h159l164-661h70v-107h-300v107h90l-99 438q-5 20-7 46l-2 21h-4l-3-21q-1-5-4-21t-5-25l-144-545h-114l-144 545q-2 9-4.5 24.5t-3.5 21.5l-4 21h-4l-2-21q-2-26-7-46l-99-438h90v-107h-300z\"><\/path><\/svg><svg aria-hidden=\"true\" class=\"icon-new-window\" viewbox=\"0 0 1792 1792\"><path d=\"M1408 960v-128q0-26-19-45t-45-19h-320v-320q0-26-19-45t-45-19h-128q-26 0-45 19t-19 45v320h-320q-26 0-45 19t-19 45v128q0 26 19 45t45 19h320v320q0 26 19 45t45 19h128q26 0 45-19t19-45v-320h320q26 0 45-19t19-45zm256-544v960q0 119-84.5 203.5t-203.5 84.5h-960q-119 0-203.5-84.5t-84.5-203.5v-960q0-119 84.5-203.5t203.5-84.5h960q119 0 203.5 84.5t84.5 203.5z\"><\/path><\/svg><span class=\"tooltip\"> dokument MS Word, otworzy si\u0119 w nowym oknie<\/span><\/a><\/li>\n\n\n\n<li><a href=\"\/wp-content\/uploads\/szacowanie-wartosci-zamowienia\/2025-08-01\/Za%C5%82%C4%85cznik%20nr%204%20-%20Wytyczne%2030%20pa%C5%BAdziernika%202023%20r.pdf\" target=\"_blank\" rel=\"noreferrer noopener\" class=\"target-blank use-tooltip\" aria-label=\"Za\u0142\u0105cznik nr 4 \u2013 Wytyczne 30 pa\u017adziernika 2023 r.pdf ( dokument PDF, otworzy si\u0119 w nowym oknie)\">Za\u0142\u0105cznik nr 4 \u2013 Wytyczne 30 pa\u017adziernika 2023 r.pdf<svg aria-hidden=\"true\" class=\"icon-pdf\" viewbox=\"0 0 1792 1792\"><path d=\"M1596 380q28 28 48 76t20 88v1152q0 40-28 68t-68 28h-1344q-40 0-68-28t-28-68v-1600q0-40 28-68t68-28h896q40 0 88 20t76 48zm-444-244v376h376q-10-29-22-41l-313-313q-12-12-41-22zm384 1528v-1024h-416q-40 0-68-28t-28-68v-416h-768v1536h1280zm-514-593q33 26 84 56 59-7 117-7 147 0 177 49 16 22 2 52 0 1-1 2l-2 2v1q-6 38-71 38-48 0-115-20t-130-53q-221 24-392 83-153 262-242 262-15 0-28-7l-24-12q-1-1-6-5-10-10-6-36 9-40 56-91.5t132-96.5q14-9 23 6 2 2 2 4 52-85 107-197 68-136 104-262-24-82-30.5-159.5t6.5-127.5q11-40 42-40h22q23 0 35 15 18 21 9 68-2 6-4 8 1 3 1 8v30q-2 123-14 192 55 164 146 238zm-576 411q52-24 137-158-51 40-87.5 84t-49.5 74zm398-920q-15 42-2 132 1-7 7-44 0-3 7-43 1-4 4-8-1-1-1-2t-.5-1.5-.5-1.5q-1-22-13-36 0 1-1 2v2zm-124 661q135-54 284-81-2-1-13-9.5t-16-13.5q-76-67-127-176-27 86-83 197-30 56-45 83zm646-16q-24-24-140-24 76 28 124 28 14 0 18-1 0-1-2-3z\"><\/path><\/svg><svg aria-hidden=\"true\" class=\"icon-new-window\" viewbox=\"0 0 1792 1792\"><path d=\"M1408 960v-128q0-26-19-45t-45-19h-320v-320q0-26-19-45t-45-19h-128q-26 0-45 19t-19 45v320h-320q-26 0-45 19t-19 45v128q0 26 19 45t45 19h320v320q0 26 19 45t45 19h128q26 0 45-19t19-45v-320h320q26 0 45-19t19-45zm256-544v960q0 119-84.5 203.5t-203.5 84.5h-960q-119 0-203.5-84.5t-84.5-203.5v-960q0-119 84.5-203.5t203.5-84.5h960q119 0 203.5 84.5t84.5 203.5z\"><\/path><\/svg><span class=\"tooltip\"> dokument PDF, otworzy si\u0119 w nowym oknie<\/span><\/a><br><br>Osoba odpowiedzialna za tre\u015b\u0107: Ewa Skar\u017cy\u0144ska<br>Opublikowa\u0142: Dariusz Lisowski (1 sierpnia 2025 r. godz. 16:42)<br>Ostatnio zmieni\u0142: Dariusz Lisowski (1 sierpnia 2025 r. godz. 16:42)<\/li>\n<\/ol>\n\n\n\n<p><\/p>\n\n","protected":false},"excerpt":{"rendered":null,"protected":false},"author":1,"featured_media":0,"parent":0,"menu_order":0,"comment_status":"closed","ping_status":"closed","template":"","meta":{"footnotes":""},"categories":[25],"tags":[],"class_list":["post-5291","page","type-page","status-publish","hentry","category-szacowanie-wartosci-zamowienia"],"_links":{"self":[{"href":"https:\/\/bip.rops-opole.pl\/index.php?rest_route=\/wp\/v2\/pages\/5291","targetHints":{"allow":["GET"]}}],"collection":[{"href":"https:\/\/bip.rops-opole.pl\/index.php?rest_route=\/wp\/v2\/pages"}],"about":[{"href":"https:\/\/bip.rops-opole.pl\/index.php?rest_route=\/wp\/v2\/types\/page"}],"author":[{"embeddable":true,"href":"https:\/\/bip.rops-opole.pl\/index.php?rest_route=\/wp\/v2\/users\/1"}],"replies":[{"embeddable":true,"href":"https:\/\/bip.rops-opole.pl\/index.php?rest_route=%2Fwp%2Fv2%2Fcomments&post=5291"}],"version-history":[{"count":5,"href":"https:\/\/bip.rops-opole.pl\/index.php?rest_route=\/wp\/v2\/pages\/5291\/revisions"}],"predecessor-version":[{"id":5298,"href":"https:\/\/bip.rops-opole.pl\/index.php?rest_route=\/wp\/v2\/pages\/5291\/revisions\/5298"}],"wp:attachment":[{"href":"https:\/\/bip.rops-opole.pl\/index.php?rest_route=%2Fwp%2Fv2%2Fmedia&parent=5291"}],"wp:term":[{"taxonomy":"category","embeddable":true,"href":"https:\/\/bip.rops-opole.pl\/index.php?rest_route=%2Fwp%2Fv2%2Fcategories&post=5291"},{"taxonomy":"post_tag","embeddable":true,"href":"https:\/\/bip.rops-opole.pl\/index.php?rest_route=%2Fwp%2Fv2%2Ftags&post=5291"}],"curies":[{"name":"wp","href":"https:\/\/api.w.org\/{rel}","templated":true}]}}