{"id":5113,"date":"2025-05-28T21:05:24","date_gmt":"2025-05-28T19:05:24","guid":{"rendered":"https:\/\/bip.rops-opole.pl\/?page_id=5113"},"modified":"2025-05-28T21:06:37","modified_gmt":"2025-05-28T19:06:37","slug":"swiadczenie-uslug-hotelarskich-dla-uczestnikow-szkolenia-specjalizacyjnego-z-zakresu-organizacji-pomocy-spolecznej-dla-jednostek-samorzadu-terytorialnego-jst-w-wojewodztwie-opolskim-powtorzo","status":"publish","type":"page","link":"https:\/\/bip.rops-opole.pl\/?page_id=5113","title":{"rendered":"\u015awiadczenie us\u0142ug hotelarskich dla uczestnik\u00f3w szkolenia specjalizacyjnego z\u00a0 zakresu organizacji pomocy spo\u0142ecznej dla Jednostek Samorz\u0105du Terytorialnego (JST) w wojew\u00f3dztwie opolskim &#8211; powt\u00f3rzone"},"content":{"rendered":"\n<!--more--><p>Zam\u00f3wienie realizowane jest w ramach projektu \u201eOpolskie Sp\u00f3jne i Aktywne Spo\u0142ecznie\u201d, wsp\u00f3\u0142finansowanego ze \u015brodk\u00f3w Funduszy Europejskich dla Rozwoju Spo\u0142ecznego na lata 2021 \u2013 2027, Priorytet FERS.04. Sp\u00f3jno\u015b\u0107 spo\u0142eczna i zdrowie, Dzia\u0142anie FERS.04.13 Wysokiej jako\u015bci system w\u0142\u0105czenia spo\u0142ecznego.<br><br>Dokumenty do post\u0119powania dost\u0119pne s\u0105 na stronie:<\/p>\n<p><a class=\"moz-txt-link-freetext extlink use-tooltip\" href=\"https:\/\/bazakonkurencyjnosci.funduszeeuropejskie.gov.pl\/ogloszenia\/230626\" aria-label=\"https:\/\/bazakonkurencyjnosci.funduszeeuropejskie.gov.pl\/ogloszenia\/230626 (external)\">https:\/\/bazakonkurencyjnosci.funduszeeuropejskie.gov.pl\/ogloszenia\/230626<svg aria-hidden=\"true\" class=\"icon-extlink\" viewbox=\"0 0 1792 1792\"><path d=\"M1408 928v320q0 119-84.5 203.5t-203.5 84.5h-832q-119 0-203.5-84.5t-84.5-203.5v-832q0-119 84.5-203.5t203.5-84.5h704q14 0 23 9t9 23v64q0 14-9 23t-23 9h-704q-66 0-113 47t-47 113v832q0 66 47 113t113 47h832q66 0 113-47t47-113v-320q0-14 9-23t23-9h64q14 0 23 9t9 23zm384-864v512q0 26-19 45t-45 19-45-19l-176-176-652 652q-10 10-23 10t-23-10l-114-114q-10-10-10-23t10-23l652-652-176-176q-19-19-19-45t19-45 45-19h512q26 0 45 19t19 45z\"><\/path><\/svg><span class=\"tooltip\">external<\/span><\/a><\/p>\n<hr class=\"wp-block-separator has-alpha-channel-opacity\">\n<p>Osoba odpowiedzialna za tre\u015b\u0107: Barbara Rokosz<br>Opublikowa\u0142: Dariusz Lisowski (28 maja 2025 r. godz. 21:04)<br>Ostatnio zmieni\u0142: Dariusz Lisowski (28 maja 2025 r. godz. 21:04)<\/p>\n\n\n\n<p><\/p>\n\n","protected":false},"excerpt":{"rendered":null,"protected":false},"author":1,"featured_media":0,"parent":0,"menu_order":0,"comment_status":"closed","ping_status":"closed","template":"","meta":{"footnotes":""},"categories":[19,23],"tags":[],"class_list":["post-5113","page","type-page","status-publish","hentry","category-zamowienia-publiczne","category-zamowienia-do-ktorych-nie-stosuje-sie-ustawy-pzp-pon-170-tys-zl-netto"],"_links":{"self":[{"href":"https:\/\/bip.rops-opole.pl\/index.php?rest_route=\/wp\/v2\/pages\/5113","targetHints":{"allow":["GET"]}}],"collection":[{"href":"https:\/\/bip.rops-opole.pl\/index.php?rest_route=\/wp\/v2\/pages"}],"about":[{"href":"https:\/\/bip.rops-opole.pl\/index.php?rest_route=\/wp\/v2\/types\/page"}],"author":[{"embeddable":true,"href":"https:\/\/bip.rops-opole.pl\/index.php?rest_route=\/wp\/v2\/users\/1"}],"replies":[{"embeddable":true,"href":"https:\/\/bip.rops-opole.pl\/index.php?rest_route=%2Fwp%2Fv2%2Fcomments&post=5113"}],"version-history":[{"count":1,"href":"https:\/\/bip.rops-opole.pl\/index.php?rest_route=\/wp\/v2\/pages\/5113\/revisions"}],"predecessor-version":[{"id":5114,"href":"https:\/\/bip.rops-opole.pl\/index.php?rest_route=\/wp\/v2\/pages\/5113\/revisions\/5114"}],"wp:attachment":[{"href":"https:\/\/bip.rops-opole.pl\/index.php?rest_route=%2Fwp%2Fv2%2Fmedia&parent=5113"}],"wp:term":[{"taxonomy":"category","embeddable":true,"href":"https:\/\/bip.rops-opole.pl\/index.php?rest_route=%2Fwp%2Fv2%2Fcategories&post=5113"},{"taxonomy":"post_tag","embeddable":true,"href":"https:\/\/bip.rops-opole.pl\/index.php?rest_route=%2Fwp%2Fv2%2Ftags&post=5113"}],"curies":[{"name":"wp","href":"https:\/\/api.w.org\/{rel}","templated":true}]}}