{"id":4893,"date":"2025-03-21T15:01:21","date_gmt":"2025-03-21T14:01:21","guid":{"rendered":"https:\/\/bip.rops-opole.pl\/?page_id=4893"},"modified":"2025-03-21T15:01:21","modified_gmt":"2025-03-21T14:01:21","slug":"usluga-kompleksowego-przygotowania-oraz-obslugi-pikniku-w-czerwcu-2025-r-na-rzecz-rodziny-i-rodzicielstwa-zastepczego-w-ramach-realizacji-projektu-pn-blizej-rodziny-i-dziecka-wsparcie-rod","status":"publish","type":"page","link":"https:\/\/bip.rops-opole.pl\/?page_id=4893","title":{"rendered":"Us\u0142uga kompleksowego przygotowania oraz obs\u0142ugi pikniku w czerwcu 2025 r. na rzecz rodziny i rodzicielstwa zast\u0119pczego w ramach realizacji projektu pn. \u201eBli\u017cej rodziny i dziecka &#8211; wsparcie rodzin prze\u017cywaj\u0105cych problemy opieku\u0144czo &#8211; wychowawcze oraz wsparcie pieczy zast\u0119pczej \u2013 etap II\u201d realizowanego w ramach Programu Fundusze Europejskie dla Opolskiego na lata 2021-2027, Priorytet\/Dzia\u0142anie 6.7 Wsparcie rodziny i pieczy zast\u0119pczej"},"content":{"rendered":"\n<!--more--><ol>\n<li><a href=\"\/wp-content\/uploads\/szacowanie-wartosci-zamowienia\/2025-03-21\/Zapytanie%20do%20szacowania.docx\" target=\"_blank\" rel=\"noopener\" class=\"target-blank use-tooltip\" aria-label=\"Zapytanie do szacowania.docx ( dokument MS Word, otworzy si\u0119 w nowym oknie)\">Zapytanie do szacowania.docx<svg aria-hidden=\"true\" class=\"icon-word\" viewbox=\"0 0 1792 1792\"><path d=\"M1596 380q28 28 48 76t20 88v1152q0 40-28 68t-68 28h-1344q-40 0-68-28t-28-68v-1600q0-40 28-68t68-28h896q40 0 88 20t76 48zm-444-244v376h376q-10-29-22-41l-313-313q-12-12-41-22zm384 1528v-1024h-416q-40 0-68-28t-28-68v-416h-768v1536h1280zm-1175-896v107h70l164 661h159l128-485q7-20 10-46 2-16 2-24h4l3 24q1 3 3.5 20t5.5 26l128 485h159l164-661h70v-107h-300v107h90l-99 438q-5 20-7 46l-2 21h-4l-3-21q-1-5-4-21t-5-25l-144-545h-114l-144 545q-2 9-4.5 24.5t-3.5 21.5l-4 21h-4l-2-21q-2-26-7-46l-99-438h90v-107h-300z\"><\/path><\/svg><svg aria-hidden=\"true\" class=\"icon-new-window\" viewbox=\"0 0 1792 1792\"><path d=\"M1408 960v-128q0-26-19-45t-45-19h-320v-320q0-26-19-45t-45-19h-128q-26 0-45 19t-19 45v320h-320q-26 0-45 19t-19 45v128q0 26 19 45t45 19h320v320q0 26 19 45t45 19h128q26 0 45-19t19-45v-320h320q26 0 45-19t19-45zm256-544v960q0 119-84.5 203.5t-203.5 84.5h-960q-119 0-203.5-84.5t-84.5-203.5v-960q0-119 84.5-203.5t203.5-84.5h960q119 0 203.5 84.5t84.5 203.5z\"><\/path><\/svg><span class=\"tooltip\"> dokument MS Word, otworzy si\u0119 w nowym oknie<\/span><\/a><\/li>\n<li><a href=\"\/wp-content\/uploads\/szacowanie-wartosci-zamowienia\/2025-03-21\/Za%C5%82%C4%85cznik%20nr%201%20-%20Szczeg%C3%B3%C5%82owa%20kalkulacja%20koszt%C3%B3w%20-%20do%20szacowania.docx\" target=\"_blank\" rel=\"noopener\" class=\"target-blank use-tooltip\" aria-label=\"Za\u0142\u0105cznik nr 1 \u2013 Szczeg\u00f3\u0142owa kalkulacja koszt\u00f3w \u2013 do szacowania.docx ( dokument MS Word, otworzy si\u0119 w nowym oknie)\">Za\u0142\u0105cznik nr 1 \u2013 Szczeg\u00f3\u0142owa kalkulacja koszt\u00f3w \u2013 do szacowania.docx<svg aria-hidden=\"true\" class=\"icon-word\" viewbox=\"0 0 1792 1792\"><path d=\"M1596 380q28 28 48 76t20 88v1152q0 40-28 68t-68 28h-1344q-40 0-68-28t-28-68v-1600q0-40 28-68t68-28h896q40 0 88 20t76 48zm-444-244v376h376q-10-29-22-41l-313-313q-12-12-41-22zm384 1528v-1024h-416q-40 0-68-28t-28-68v-416h-768v1536h1280zm-1175-896v107h70l164 661h159l128-485q7-20 10-46 2-16 2-24h4l3 24q1 3 3.5 20t5.5 26l128 485h159l164-661h70v-107h-300v107h90l-99 438q-5 20-7 46l-2 21h-4l-3-21q-1-5-4-21t-5-25l-144-545h-114l-144 545q-2 9-4.5 24.5t-3.5 21.5l-4 21h-4l-2-21q-2-26-7-46l-99-438h90v-107h-300z\"><\/path><\/svg><svg aria-hidden=\"true\" class=\"icon-new-window\" viewbox=\"0 0 1792 1792\"><path d=\"M1408 960v-128q0-26-19-45t-45-19h-320v-320q0-26-19-45t-45-19h-128q-26 0-45 19t-19 45v320h-320q-26 0-45 19t-19 45v128q0 26 19 45t45 19h320v320q0 26 19 45t45 19h128q26 0 45-19t19-45v-320h320q26 0 45-19t19-45zm256-544v960q0 119-84.5 203.5t-203.5 84.5h-960q-119 0-203.5-84.5t-84.5-203.5v-960q0-119 84.5-203.5t203.5-84.5h960q119 0 203.5 84.5t84.5 203.5z\"><\/path><\/svg><span class=\"tooltip\"> dokument MS Word, otworzy si\u0119 w nowym oknie<\/span><\/a><\/li>\n<\/ol>\n<hr class=\"wp-block-separator has-alpha-channel-opacity\">\n<p>Osoba odpowiedzialna za tre\u015b\u0107: Barbara Rokosz<br>Opublikowa\u0142: Dariusz Lisowski (21 marca 2025 r. godz. 15:01)<br>Ostatnio zmieni\u0142: Dariusz Lisowski (21 marca 2025 r. godz. 15:01)<\/p>\n\n\n\n<p><\/p>\n\n","protected":false},"excerpt":{"rendered":null,"protected":false},"author":1,"featured_media":0,"parent":0,"menu_order":0,"comment_status":"closed","ping_status":"closed","template":"","meta":{"footnotes":""},"categories":[25],"tags":[],"class_list":["post-4893","page","type-page","status-publish","hentry","category-szacowanie-wartosci-zamowienia"],"_links":{"self":[{"href":"https:\/\/bip.rops-opole.pl\/index.php?rest_route=\/wp\/v2\/pages\/4893","targetHints":{"allow":["GET"]}}],"collection":[{"href":"https:\/\/bip.rops-opole.pl\/index.php?rest_route=\/wp\/v2\/pages"}],"about":[{"href":"https:\/\/bip.rops-opole.pl\/index.php?rest_route=\/wp\/v2\/types\/page"}],"author":[{"embeddable":true,"href":"https:\/\/bip.rops-opole.pl\/index.php?rest_route=\/wp\/v2\/users\/1"}],"replies":[{"embeddable":true,"href":"https:\/\/bip.rops-opole.pl\/index.php?rest_route=%2Fwp%2Fv2%2Fcomments&post=4893"}],"version-history":[{"count":1,"href":"https:\/\/bip.rops-opole.pl\/index.php?rest_route=\/wp\/v2\/pages\/4893\/revisions"}],"predecessor-version":[{"id":4894,"href":"https:\/\/bip.rops-opole.pl\/index.php?rest_route=\/wp\/v2\/pages\/4893\/revisions\/4894"}],"wp:attachment":[{"href":"https:\/\/bip.rops-opole.pl\/index.php?rest_route=%2Fwp%2Fv2%2Fmedia&parent=4893"}],"wp:term":[{"taxonomy":"category","embeddable":true,"href":"https:\/\/bip.rops-opole.pl\/index.php?rest_route=%2Fwp%2Fv2%2Fcategories&post=4893"},{"taxonomy":"post_tag","embeddable":true,"href":"https:\/\/bip.rops-opole.pl\/index.php?rest_route=%2Fwp%2Fv2%2Ftags&post=4893"}],"curies":[{"name":"wp","href":"https:\/\/api.w.org\/{rel}","templated":true}]}}