{"id":4779,"date":"2025-02-17T11:19:35","date_gmt":"2025-02-17T10:19:35","guid":{"rendered":"https:\/\/bip.rops-opole.pl\/?page_id=4779"},"modified":"2025-02-17T11:19:35","modified_gmt":"2025-02-17T10:19:35","slug":"usluga-polegajaca-na-organizacji-i-przeprowadzeniu-5-spotkan-sieciujacych-szkolen-dla-10-osob-w-ramach-projektu-pn-opolskie-spojne-i-aktywne-spolecznie-w-ramach-programu-fundusze-europejskie-dla-roz-2","status":"publish","type":"page","link":"https:\/\/bip.rops-opole.pl\/?page_id=4779","title":{"rendered":"Us\u0142uga polegaj\u0105ca na organizacji i przeprowadzeniu 5 spotka\u0144 sieciuj\u0105cych\/szkole\u0144 dla 10 os\u00f3b w ramach projektu pn. Opolskie Sp\u00f3jne i Aktywne Spo\u0142ecznie, w ramach programu Fundusze Europejskie dla Rozwoju Spo\u0142ecznego 2021-2027 wsp\u00f3\u0142finansowanego ze \u015brodk\u00f3w Europejskiego Funduszu Spo\u0142ecznego Plus 2021-2027, Priorytet FERS.04 Sp\u00f3jno\u015b\u0107 spo\u0142eczna i zdrowie, Dzia\u0142anie FERS.04.13 Wysokiej jako\u015bci system w\u0142\u0105czenia spo\u0142ecznego"},"content":{"rendered":"\n<!--more--><ol>\n<li><a href=\"\/wp-content\/uploads\/szacowanie-wartosci-zamowienia\/2025-02-17\/Zaproszenie%20do%20sk%C5%82adania%20ofert%20w%20celu%20oszacowania%20warto%C5%9Bci%20zam%C3%B3wienia%203.7.docx\" target=\"_blank\" rel=\"noopener\" class=\"target-blank use-tooltip\" aria-label=\"Zaproszenie do sk\u0142adania ofert w celu oszacowania warto\u015bci zam\u00f3wienia 3.7.docx ( dokument MS Word, otworzy si\u0119 w nowym oknie)\">Zaproszenie do sk\u0142adania ofert w celu oszacowania warto\u015bci zam\u00f3wienia 3.7.docx<svg aria-hidden=\"true\" class=\"icon-word\" viewbox=\"0 0 1792 1792\"><path d=\"M1596 380q28 28 48 76t20 88v1152q0 40-28 68t-68 28h-1344q-40 0-68-28t-28-68v-1600q0-40 28-68t68-28h896q40 0 88 20t76 48zm-444-244v376h376q-10-29-22-41l-313-313q-12-12-41-22zm384 1528v-1024h-416q-40 0-68-28t-28-68v-416h-768v1536h1280zm-1175-896v107h70l164 661h159l128-485q7-20 10-46 2-16 2-24h4l3 24q1 3 3.5 20t5.5 26l128 485h159l164-661h70v-107h-300v107h90l-99 438q-5 20-7 46l-2 21h-4l-3-21q-1-5-4-21t-5-25l-144-545h-114l-144 545q-2 9-4.5 24.5t-3.5 21.5l-4 21h-4l-2-21q-2-26-7-46l-99-438h90v-107h-300z\"><\/path><\/svg><svg aria-hidden=\"true\" class=\"icon-new-window\" viewbox=\"0 0 1792 1792\"><path d=\"M1408 960v-128q0-26-19-45t-45-19h-320v-320q0-26-19-45t-45-19h-128q-26 0-45 19t-19 45v320h-320q-26 0-45 19t-19 45v128q0 26 19 45t45 19h320v320q0 26 19 45t45 19h128q26 0 45-19t19-45v-320h320q26 0 45-19t19-45zm256-544v960q0 119-84.5 203.5t-203.5 84.5h-960q-119 0-203.5-84.5t-84.5-203.5v-960q0-119 84.5-203.5t203.5-84.5h960q119 0 203.5 84.5t84.5 203.5z\"><\/path><\/svg><span class=\"tooltip\"> dokument MS Word, otworzy si\u0119 w nowym oknie<\/span><\/a><\/li>\n<li><a href=\"\/wp-content\/uploads\/szacowanie-wartosci-zamowienia\/2025-02-17\/Za%C5%82%C4%85cznik%20nr%201%20do%20Szczeg%C3%B3%C5%82owego%20Opis%20Przedmiotu%20Zam%C3%B3wienia.docx\" target=\"_blank\" rel=\"noopener\" class=\"target-blank use-tooltip\" aria-label=\"Za\u0142\u0105cznik nr 1 do Szczeg\u00f3\u0142owego Opis Przedmiotu Zam\u00f3wienia.docx ( dokument MS Word, otworzy si\u0119 w nowym oknie)\">Za\u0142\u0105cznik nr 1 do Szczeg\u00f3\u0142owego Opis Przedmiotu Zam\u00f3wienia.docx<svg aria-hidden=\"true\" class=\"icon-word\" viewbox=\"0 0 1792 1792\"><path d=\"M1596 380q28 28 48 76t20 88v1152q0 40-28 68t-68 28h-1344q-40 0-68-28t-28-68v-1600q0-40 28-68t68-28h896q40 0 88 20t76 48zm-444-244v376h376q-10-29-22-41l-313-313q-12-12-41-22zm384 1528v-1024h-416q-40 0-68-28t-28-68v-416h-768v1536h1280zm-1175-896v107h70l164 661h159l128-485q7-20 10-46 2-16 2-24h4l3 24q1 3 3.5 20t5.5 26l128 485h159l164-661h70v-107h-300v107h90l-99 438q-5 20-7 46l-2 21h-4l-3-21q-1-5-4-21t-5-25l-144-545h-114l-144 545q-2 9-4.5 24.5t-3.5 21.5l-4 21h-4l-2-21q-2-26-7-46l-99-438h90v-107h-300z\"><\/path><\/svg><svg aria-hidden=\"true\" class=\"icon-new-window\" viewbox=\"0 0 1792 1792\"><path d=\"M1408 960v-128q0-26-19-45t-45-19h-320v-320q0-26-19-45t-45-19h-128q-26 0-45 19t-19 45v320h-320q-26 0-45 19t-19 45v128q0 26 19 45t45 19h320v320q0 26 19 45t45 19h128q26 0 45-19t19-45v-320h320q26 0 45-19t19-45zm256-544v960q0 119-84.5 203.5t-203.5 84.5h-960q-119 0-203.5-84.5t-84.5-203.5v-960q0-119 84.5-203.5t203.5-84.5h960q119 0 203.5 84.5t84.5 203.5z\"><\/path><\/svg><span class=\"tooltip\"> dokument MS Word, otworzy si\u0119 w nowym oknie<\/span><\/a><\/li>\n<li><a href=\"\/wp-content\/uploads\/szacowanie-wartosci-zamowienia\/2025-02-17\/Za%C5%82%C4%85cznik%20nr%202%20-%20Oferta%20dot.%20szacowania%20warto%C5%9Bci%20zam%C3%B3wienia.docx\" target=\"_blank\" rel=\"noopener\" class=\"target-blank use-tooltip\" aria-label=\"Za\u0142\u0105cznik nr 2 \u2013 Oferta dot. szacowania warto\u015bci zam\u00f3wienia.docx ( dokument MS Word, otworzy si\u0119 w nowym oknie)\">Za\u0142\u0105cznik nr 2 \u2013 Oferta dot. szacowania warto\u015bci zam\u00f3wienia.docx<svg aria-hidden=\"true\" class=\"icon-word\" viewbox=\"0 0 1792 1792\"><path d=\"M1596 380q28 28 48 76t20 88v1152q0 40-28 68t-68 28h-1344q-40 0-68-28t-28-68v-1600q0-40 28-68t68-28h896q40 0 88 20t76 48zm-444-244v376h376q-10-29-22-41l-313-313q-12-12-41-22zm384 1528v-1024h-416q-40 0-68-28t-28-68v-416h-768v1536h1280zm-1175-896v107h70l164 661h159l128-485q7-20 10-46 2-16 2-24h4l3 24q1 3 3.5 20t5.5 26l128 485h159l164-661h70v-107h-300v107h90l-99 438q-5 20-7 46l-2 21h-4l-3-21q-1-5-4-21t-5-25l-144-545h-114l-144 545q-2 9-4.5 24.5t-3.5 21.5l-4 21h-4l-2-21q-2-26-7-46l-99-438h90v-107h-300z\"><\/path><\/svg><svg aria-hidden=\"true\" class=\"icon-new-window\" viewbox=\"0 0 1792 1792\"><path d=\"M1408 960v-128q0-26-19-45t-45-19h-320v-320q0-26-19-45t-45-19h-128q-26 0-45 19t-19 45v320h-320q-26 0-45 19t-19 45v128q0 26 19 45t45 19h320v320q0 26 19 45t45 19h128q26 0 45-19t19-45v-320h320q26 0 45-19t19-45zm256-544v960q0 119-84.5 203.5t-203.5 84.5h-960q-119 0-203.5-84.5t-84.5-203.5v-960q0-119 84.5-203.5t203.5-84.5h960q119 0 203.5 84.5t84.5 203.5z\"><\/path><\/svg><span class=\"tooltip\"> dokument MS Word, otworzy si\u0119 w nowym oknie<\/span><\/a><\/li>\n<\/ol>\n<hr class=\"wp-block-separator has-alpha-channel-opacity\">\n<p>Osoba odpowiedzialna za tre\u015b\u0107: Beata Wolny<br>Opublikowa\u0142: Dariusz Lisowski (17 lutego 2025 r. godz. 11:19)<br>Ostatnio zmieni\u0142: Dariusz Lisowski (17 lutego 2025 r. godz. 11:19)<\/p>\n\n","protected":false},"excerpt":{"rendered":null,"protected":false},"author":1,"featured_media":0,"parent":0,"menu_order":0,"comment_status":"closed","ping_status":"closed","template":"","meta":{"footnotes":""},"categories":[25],"tags":[],"class_list":["post-4779","page","type-page","status-publish","hentry","category-szacowanie-wartosci-zamowienia"],"_links":{"self":[{"href":"https:\/\/bip.rops-opole.pl\/index.php?rest_route=\/wp\/v2\/pages\/4779","targetHints":{"allow":["GET"]}}],"collection":[{"href":"https:\/\/bip.rops-opole.pl\/index.php?rest_route=\/wp\/v2\/pages"}],"about":[{"href":"https:\/\/bip.rops-opole.pl\/index.php?rest_route=\/wp\/v2\/types\/page"}],"author":[{"embeddable":true,"href":"https:\/\/bip.rops-opole.pl\/index.php?rest_route=\/wp\/v2\/users\/1"}],"replies":[{"embeddable":true,"href":"https:\/\/bip.rops-opole.pl\/index.php?rest_route=%2Fwp%2Fv2%2Fcomments&post=4779"}],"version-history":[{"count":1,"href":"https:\/\/bip.rops-opole.pl\/index.php?rest_route=\/wp\/v2\/pages\/4779\/revisions"}],"predecessor-version":[{"id":4780,"href":"https:\/\/bip.rops-opole.pl\/index.php?rest_route=\/wp\/v2\/pages\/4779\/revisions\/4780"}],"wp:attachment":[{"href":"https:\/\/bip.rops-opole.pl\/index.php?rest_route=%2Fwp%2Fv2%2Fmedia&parent=4779"}],"wp:term":[{"taxonomy":"category","embeddable":true,"href":"https:\/\/bip.rops-opole.pl\/index.php?rest_route=%2Fwp%2Fv2%2Fcategories&post=4779"},{"taxonomy":"post_tag","embeddable":true,"href":"https:\/\/bip.rops-opole.pl\/index.php?rest_route=%2Fwp%2Fv2%2Ftags&post=4779"}],"curies":[{"name":"wp","href":"https:\/\/api.w.org\/{rel}","templated":true}]}}