{"id":3324,"date":"2023-07-27T06:30:15","date_gmt":"2023-07-27T04:30:15","guid":{"rendered":"https:\/\/bip.rops-opole.pl\/?page_id=3324"},"modified":"2023-07-27T06:30:15","modified_gmt":"2023-07-27T04:30:15","slug":"aktualnosci","status":"publish","type":"page","link":"https:\/\/bip.rops-opole.pl\/","title":{"rendered":"Aktualno\u015bci"},"content":{"rendered":"\n<div class=\"pt-cv-wrapper\"><div class=\"pt-cv-view pt-cv-grid pt-cv-colsys\" id=\"pt-cv-view-be5c86b16o\"><div data-id=\"pt-cv-page-1\" class=\"pt-cv-page\" data-cvc=\"1\"><div class=\"col-md-12 col-sm-12 col-xs-12 pt-cv-content-item pt-cv-2-col\"><div class=\"pt-cv-ifield\"><a href=\"https:\/\/bip.rops-opole.pl\/?p=3548\" class=\"_self pt-cv-href-thumbnail pt-cv-thumb-left attachment-link use-tooltip\" target=\"_self\" aria-label=\"Zapraszamy do udzia\u0142u w konsultacjach dotycz\u0105cych Opolskiego programu rozwoju ekonomii spo\u0142ecznej na lata 2023-2027. Termin konsultacji: 18.12.2023 r. - 21.01.2024 r. Wi\u0119cej informacji: bip.rops-opole.pl\"><img loading=\"lazy\" decoding=\"async\" width=\"248\" height=\"178\" src=\"https:\/\/bip.rops-opole.pl\/wp-content\/uploads\/2023\/12\/Konsultacje-248x178.jpg\" class=\"pt-cv-thumbnail pull-left\" alt=\"Zapraszamy do udzia\u0142u w konsultacjach dotycz\u0105cych Opolskiego programu rozwoju ekonomii spo\u0142ecznej na lata 2023-2027. Termin konsultacji: 18.12.2023 r. - 21.01.2024 r. Wi\u0119cej informacji: bip.rops-opole.pl\" srcset=\"https:\/\/bip.rops-opole.pl\/wp-content\/uploads\/2023\/12\/Konsultacje-248x178.jpg 248w, https:\/\/bip.rops-opole.pl\/wp-content\/uploads\/2023\/12\/Konsultacje-1536x1102.jpg 1536w, https:\/\/bip.rops-opole.pl\/wp-content\/uploads\/2023\/12\/Konsultacje-825x592.jpg 825w, https:\/\/bip.rops-opole.pl\/wp-content\/uploads\/2023\/12\/Konsultacje.jpg 1884w\" sizes=\"auto, (max-width: 248px) 100vw, 248px\"><span class=\"tooltip\">Zapraszamy do udzia\u0142u w konsultacjach dotycz\u0105cych Opolskiego programu rozwoju ekonomii spo\u0142ecznej na lata 2023-2027. Termin konsultacji: 18.12.2023 r. - 21.01.2024 r. Wi\u0119cej informacji: bip.rops-opole.pl<\/span><\/a>\n<h4 class=\"pt-cv-title\"><a href=\"https:\/\/bip.rops-opole.pl\/?p=3548\" class=\"_self\" target=\"_self\">Zapraszamy do udzia\u0142u w konsultacjach dotycz\u0105cych Opolskiego programu rozwoju ekonomii spo\u0142ecznej na lata 2023-2027<\/a><\/h4>\n<div class=\"pt-cv-content\"> ...<br><div class=\"pt-cv-rmwrap\"><a href=\"https:\/\/bip.rops-opole.pl\/?p=3548\" class=\"_self pt-cv-readmore btn btn-success\" target=\"_self\">Czytaj dalej<\/a><\/div><\/div>\n<div class=\"pt-cv-meta-fields\"><span class=\"entry-date\"> <time datetime=\"2023-12-18T23:32:54+01:00\">18 grudnia 2023<\/time><\/span><\/div><\/div><\/div>\n<div class=\"col-md-12 col-sm-12 col-xs-12 pt-cv-content-item pt-cv-2-col\"><div class=\"pt-cv-ifield\"><a href=\"https:\/\/bip.rops-opole.pl\/?p=3313\" class=\"_self pt-cv-href-thumbnail pt-cv-thumb-left attachment-link use-tooltip\" target=\"_self\" aria-label=\"Baner Lider Ekonomii Spo\u0142ecznej Wojew\u00f3dztwa Opolskiego Roku za 2022 rok\"><img loading=\"lazy\" decoding=\"async\" width=\"268\" height=\"134\" src=\"https:\/\/bip.rops-opole.pl\/wp-content\/uploads\/2023\/07\/IMG-20230724-WA0002-e1690229291818-268x134.jpg\" class=\"pt-cv-thumbnail pull-left\" alt=\"Baner Lider Ekonomii Spo\u0142ecznej Wojew\u00f3dztwa Opolskiego Roku za 2022 rok\" srcset=\"https:\/\/bip.rops-opole.pl\/wp-content\/uploads\/2023\/07\/IMG-20230724-WA0002-e1690229291818-268x134.jpg 268w, https:\/\/bip.rops-opole.pl\/wp-content\/uploads\/2023\/07\/IMG-20230724-WA0002-e1690229291818-890x445.jpg 890w, https:\/\/bip.rops-opole.pl\/wp-content\/uploads\/2023\/07\/IMG-20230724-WA0002-e1690229291818-768x384.jpg 768w, https:\/\/bip.rops-opole.pl\/wp-content\/uploads\/2023\/07\/IMG-20230724-WA0002-e1690229291818.jpg 1024w\" sizes=\"auto, (max-width: 268px) 100vw, 268px\"><span class=\"tooltip\">Baner Lider Ekonomii Spo\u0142ecznej Wojew\u00f3dztwa Opolskiego Roku za 2022 rok<\/span><\/a>\n<h4 class=\"pt-cv-title\"><a href=\"https:\/\/bip.rops-opole.pl\/?p=3313\" class=\"_self\" target=\"_self\">Og\u0142oszenie III edycji Konkursu przyznania Tytu\u0142u \u201eLider Ekonomii Spo\u0142ecznej Wojew\u00f3dztwa Opolskiego Roku\u201d za 2022 rok<\/a><\/h4>\n<div class=\"pt-cv-content\">Og\u0142oszenie Konkursu Lider Ekonomii Spo\u0142ecznej Wojew\u00f3dztwa Opolskiego za 2022 rok.pdf Regulamin konkursowy - Uchwa\u0142a 10083\/2023 z 24.07.2023 z za\u0142\u0105cznikami.pdf Wniosek ...<br><div class=\"pt-cv-rmwrap\"><a href=\"https:\/\/bip.rops-opole.pl\/?p=3313\" class=\"_self pt-cv-readmore btn btn-success\" target=\"_self\">Czytaj dalej<\/a><\/div><\/div>\n<div class=\"pt-cv-meta-fields\"><span class=\"entry-date\"> <time datetime=\"2023-07-24T22:36:00+02:00\">24 lipca 2023<\/time><\/span><\/div><\/div><\/div><\/div><\/div><\/div>\n\n","protected":false},"excerpt":{"rendered":null,"protected":false},"author":1,"featured_media":0,"parent":0,"menu_order":0,"comment_status":"closed","ping_status":"closed","template":"","meta":{"footnotes":""},"categories":[],"tags":[],"class_list":["post-3324","page","type-page","status-publish","hentry"],"_links":{"self":[{"href":"https:\/\/bip.rops-opole.pl\/index.php?rest_route=\/wp\/v2\/pages\/3324","targetHints":{"allow":["GET"]}}],"collection":[{"href":"https:\/\/bip.rops-opole.pl\/index.php?rest_route=\/wp\/v2\/pages"}],"about":[{"href":"https:\/\/bip.rops-opole.pl\/index.php?rest_route=\/wp\/v2\/types\/page"}],"author":[{"embeddable":true,"href":"https:\/\/bip.rops-opole.pl\/index.php?rest_route=\/wp\/v2\/users\/1"}],"replies":[{"embeddable":true,"href":"https:\/\/bip.rops-opole.pl\/index.php?rest_route=%2Fwp%2Fv2%2Fcomments&post=3324"}],"version-history":[{"count":1,"href":"https:\/\/bip.rops-opole.pl\/index.php?rest_route=\/wp\/v2\/pages\/3324\/revisions"}],"predecessor-version":[{"id":3325,"href":"https:\/\/bip.rops-opole.pl\/index.php?rest_route=\/wp\/v2\/pages\/3324\/revisions\/3325"}],"wp:attachment":[{"href":"https:\/\/bip.rops-opole.pl\/index.php?rest_route=%2Fwp%2Fv2%2Fmedia&parent=3324"}],"wp:term":[{"taxonomy":"category","embeddable":true,"href":"https:\/\/bip.rops-opole.pl\/index.php?rest_route=%2Fwp%2Fv2%2Fcategories&post=3324"},{"taxonomy":"post_tag","embeddable":true,"href":"https:\/\/bip.rops-opole.pl\/index.php?rest_route=%2Fwp%2Fv2%2Ftags&post=3324"}],"curies":[{"name":"wp","href":"https:\/\/api.w.org\/{rel}","templated":true}]}}