{"id":2956,"date":"2023-03-01T12:09:58","date_gmt":"2023-03-01T11:09:58","guid":{"rendered":"https:\/\/bip.rops-opole.pl\/?page_id=2956"},"modified":"2023-03-07T12:36:26","modified_gmt":"2023-03-07T11:36:26","slug":"wykonanie-i-dostawa-artykulow-produktow-informacyjno-promocyjnych-sluzacych-kampanii-informacyjno-swiadomosciowej-w-ramach-projektu-pt-blizej-rodziny-i-dziecka-wsparcie-rodzin-p","status":"publish","type":"page","link":"https:\/\/bip.rops-opole.pl\/?page_id=2956","title":{"rendered":"Wykonanie i dostawa artyku\u0142\u00f3w \/produkt\u00f3w informacyjno \u2013 promocyjnych s\u0142u\u017c\u0105cych kampanii informacyjno-\u015bwiadomo\u015bciowej w ramach projektu pt. \u201eBli\u017cej rodziny i dziecka &#8211; wsparcie rodzin prze\u017cywaj\u0105cych problemy opieku\u0144czo \u2013 wychowawcze oraz wsparcie pieczy zast\u0119pczej- III edycja\u201d w ramach Regionalnego Programu Operacyjnego Wojew\u00f3dztwa Opolskiego 2014 \u2013 2020 (RPO WO), Osi priorytetowej VIII Integracja spo\u0142eczna dla Dzia\u0142ania 8.1 Dost\u0119p do wysokiej jako\u015bci us\u0142ug zdrowotnych i spo\u0142ecznych w zakresie wspierania rodziny i pieczy zast\u0119pczej. Znak sprawy NZP.4011.59.2023 &#8211; ANULOWANE"},"content":{"rendered":"\n<!--more--><p>Dokumenty post\u0119powania dost\u0119pne s\u0105 na stronie:<\/p>\n<p><a class=\"moz-txt-link-freetext extlink target-blank use-tooltip\" href=\"https:\/\/bazakonkurencyjnosci.funduszeeuropejskie.gov.pl\/ogloszenia\/148505\" target=\"_blank\" rel=\"noopener noreferrer\" aria-label=\"https:\/\/bazakonkurencyjnosci.funduszeeuropejskie.gov.pl\/ogloszenia\/148505 (external, otworzy si\u0119 w nowym oknie)\">https:\/\/bazakonkurencyjnosci.funduszeeuropejskie.gov.pl\/ogloszenia\/148505<svg aria-hidden=\"true\" class=\"icon-extlink\" viewbox=\"0 0 1792 1792\"><path d=\"M1408 928v320q0 119-84.5 203.5t-203.5 84.5h-832q-119 0-203.5-84.5t-84.5-203.5v-832q0-119 84.5-203.5t203.5-84.5h704q14 0 23 9t9 23v64q0 14-9 23t-23 9h-704q-66 0-113 47t-47 113v832q0 66 47 113t113 47h832q66 0 113-47t47-113v-320q0-14 9-23t23-9h64q14 0 23 9t9 23zm384-864v512q0 26-19 45t-45 19-45-19l-176-176-652 652q-10 10-23 10t-23-10l-114-114q-10-10-10-23t10-23l652-652-176-176q-19-19-19-45t19-45 45-19h512q26 0 45 19t19 45z\"><\/path><\/svg><svg aria-hidden=\"true\" class=\"icon-new-window\" viewbox=\"0 0 1792 1792\"><path d=\"M1408 960v-128q0-26-19-45t-45-19h-320v-320q0-26-19-45t-45-19h-128q-26 0-45 19t-19 45v320h-320q-26 0-45 19t-19 45v128q0 26 19 45t45 19h320v320q0 26 19 45t45 19h128q26 0 45-19t19-45v-320h320q26 0 45-19t19-45zm256-544v960q0 119-84.5 203.5t-203.5 84.5h-960q-119 0-203.5-84.5t-84.5-203.5v-960q0-119 84.5-203.5t203.5-84.5h960q119 0 203.5 84.5t84.5 203.5z\"><\/path><\/svg><span class=\"tooltip\">external, otworzy si\u0119 w nowym oknie<\/span><\/a><\/p>\n<p>\u00a0<\/p>\n<p>7.03.2023 r.<\/p>\n<p>W dniu 07.03.2023 zam\u00f3wienie zosta\u0142o ANULOWANE. <br><br>Zapraszamy na stron\u0119 nowego post\u0119powania: <br><br><a class=\"moz-txt-link-freetext extlink use-tooltip\" href=\"https:\/\/bazakonkurencyjnosci.funduszeeuropejskie.gov.pl\/ogloszenia\/149267\" aria-label=\"https:\/\/bazakonkurencyjnosci.funduszeeuropejskie.gov.pl\/ogloszenia\/149267 (external)\">https:\/\/bazakonkurencyjnosci.funduszeeuropejskie.gov.pl\/ogloszenia\/149267<svg aria-hidden=\"true\" class=\"icon-extlink\" viewbox=\"0 0 1792 1792\"><path d=\"M1408 928v320q0 119-84.5 203.5t-203.5 84.5h-832q-119 0-203.5-84.5t-84.5-203.5v-832q0-119 84.5-203.5t203.5-84.5h704q14 0 23 9t9 23v64q0 14-9 23t-23 9h-704q-66 0-113 47t-47 113v832q0 66 47 113t113 47h832q66 0 113-47t47-113v-320q0-14 9-23t23-9h64q14 0 23 9t9 23zm384-864v512q0 26-19 45t-45 19-45-19l-176-176-652 652q-10 10-23 10t-23-10l-114-114q-10-10-10-23t10-23l652-652-176-176q-19-19-19-45t19-45 45-19h512q26 0 45 19t19 45z\"><\/path><\/svg><span class=\"tooltip\">external<\/span><\/a><\/p>\n<hr class=\"wp-block-separator has-alpha-channel-opacity\">\n<p>Osoba odpowiedzialna za tre\u015b\u0107: Barbara Rokosz<br>Opublikowa\u0142: Dariusz Lisowski (1 marca 2023 r. godz. 12:09)<br>Ostatnio zmieni\u0142: Dariusz Lisowski (7 marca 2023 r. godz. 12:26)<\/p>\n\n","protected":false},"excerpt":{"rendered":null,"protected":false},"author":1,"featured_media":0,"parent":0,"menu_order":0,"comment_status":"closed","ping_status":"closed","template":"","meta":{"footnotes":""},"categories":[19,23],"tags":[],"class_list":["post-2956","page","type-page","status-publish","hentry","category-zamowienia-publiczne","category-zamowienia-do-ktorych-nie-stosuje-sie-ustawy-pzp-pon-170-tys-zl-netto"],"_links":{"self":[{"href":"https:\/\/bip.rops-opole.pl\/index.php?rest_route=\/wp\/v2\/pages\/2956","targetHints":{"allow":["GET"]}}],"collection":[{"href":"https:\/\/bip.rops-opole.pl\/index.php?rest_route=\/wp\/v2\/pages"}],"about":[{"href":"https:\/\/bip.rops-opole.pl\/index.php?rest_route=\/wp\/v2\/types\/page"}],"author":[{"embeddable":true,"href":"https:\/\/bip.rops-opole.pl\/index.php?rest_route=\/wp\/v2\/users\/1"}],"replies":[{"embeddable":true,"href":"https:\/\/bip.rops-opole.pl\/index.php?rest_route=%2Fwp%2Fv2%2Fcomments&post=2956"}],"version-history":[{"count":5,"href":"https:\/\/bip.rops-opole.pl\/index.php?rest_route=\/wp\/v2\/pages\/2956\/revisions"}],"predecessor-version":[{"id":2998,"href":"https:\/\/bip.rops-opole.pl\/index.php?rest_route=\/wp\/v2\/pages\/2956\/revisions\/2998"}],"wp:attachment":[{"href":"https:\/\/bip.rops-opole.pl\/index.php?rest_route=%2Fwp%2Fv2%2Fmedia&parent=2956"}],"wp:term":[{"taxonomy":"category","embeddable":true,"href":"https:\/\/bip.rops-opole.pl\/index.php?rest_route=%2Fwp%2Fv2%2Fcategories&post=2956"},{"taxonomy":"post_tag","embeddable":true,"href":"https:\/\/bip.rops-opole.pl\/index.php?rest_route=%2Fwp%2Fv2%2Ftags&post=2956"}],"curies":[{"name":"wp","href":"https:\/\/api.w.org\/{rel}","templated":true}]}}