{"id":2945,"date":"2023-02-27T12:55:41","date_gmt":"2023-02-27T11:55:41","guid":{"rendered":"https:\/\/bip.rops-opole.pl\/?page_id=2945"},"modified":"2023-05-12T19:08:45","modified_gmt":"2023-05-12T17:08:45","slug":"otwarty-konkurs-ofert-na-realizacje-zadan-publicznych-w-zakresie-pomocy-spolecznej-w-tym-pomocy-rodzinom-i-osobom-w-trudnej-sytuacji-zyciowej-wykluczonych-spolecznie-badz-zagrozonych-wykluczeniem-sp","status":"publish","type":"page","link":"https:\/\/bip.rops-opole.pl\/?page_id=2945","title":{"rendered":"Otwarty konkurs ofert na realizacj\u0119 zada\u0144 publicznych w zakresie pomocy spo\u0142ecznej, w tym pomocy rodzinom i osobom w trudnej sytuacji \u017cyciowej, wykluczonych spo\u0142ecznie b\u0105d\u017a zagro\u017conych wykluczeniem spo\u0142ecznym oraz wyr\u00f3wnywanie szans tych rodzin i os\u00f3b pn. \u201eWYR\u00d3WNYWANIE SZANS\u201d w 2023 roku, skierowanego do organizacji pozarz\u0105dowych i innych uprawnionych podmiot\u00f3w wskazanych w art. 3 ust. 3 ustawy z dnia 24 kwietnia 2003 r. o dzia\u0142alno\u015bci po\u017cytku publicznego i o wolontariacie"},"content":{"rendered":"\n<!--more--><p>27.02.2023 r.<\/p>\n<ol>\n<li><a class=\"target-blank use-tooltip extlink target-blank use-tooltip\" href=\"https:\/\/rops-opole.pl\/wp-content\/uploads\/otwarte-konkursy-ofert\/0037\/Og%C5%82oszenie%20konkursu%20-%20Za%C5%82%C4%85cznik%20do%20Uchwa%C5%82y%20nr%208904.2023%20z%2027.02.2023.doc\" target=\"_blank\" rel=\"noopener noreferrer\" aria-label=\"Og\u0142oszenie konkursu \u2013 Za\u0142\u0105cznik do Uchwa\u0142y nr 8904.2023 z 27.02.2023.doc (external,  dokument MS Word, otworzy si\u0119 w nowym oknie)\">Og\u0142oszenie konkursu \u2013 Za\u0142\u0105cznik do Uchwa\u0142y nr 8904.2023 z 27.02.2023.doc<svg aria-hidden=\"true\" class=\"icon-extlink\" viewbox=\"0 0 1792 1792\"><path d=\"M1408 928v320q0 119-84.5 203.5t-203.5 84.5h-832q-119 0-203.5-84.5t-84.5-203.5v-832q0-119 84.5-203.5t203.5-84.5h704q14 0 23 9t9 23v64q0 14-9 23t-23 9h-704q-66 0-113 47t-47 113v832q0 66 47 113t113 47h832q66 0 113-47t47-113v-320q0-14 9-23t23-9h64q14 0 23 9t9 23zm384-864v512q0 26-19 45t-45 19-45-19l-176-176-652 652q-10 10-23 10t-23-10l-114-114q-10-10-10-23t10-23l652-652-176-176q-19-19-19-45t19-45 45-19h512q26 0 45 19t19 45z\"><\/path><\/svg><svg aria-hidden=\"true\" class=\"icon-word\" viewbox=\"0 0 1792 1792\"><path d=\"M1596 380q28 28 48 76t20 88v1152q0 40-28 68t-68 28h-1344q-40 0-68-28t-28-68v-1600q0-40 28-68t68-28h896q40 0 88 20t76 48zm-444-244v376h376q-10-29-22-41l-313-313q-12-12-41-22zm384 1528v-1024h-416q-40 0-68-28t-28-68v-416h-768v1536h1280zm-1175-896v107h70l164 661h159l128-485q7-20 10-46 2-16 2-24h4l3 24q1 3 3.5 20t5.5 26l128 485h159l164-661h70v-107h-300v107h90l-99 438q-5 20-7 46l-2 21h-4l-3-21q-1-5-4-21t-5-25l-144-545h-114l-144 545q-2 9-4.5 24.5t-3.5 21.5l-4 21h-4l-2-21q-2-26-7-46l-99-438h90v-107h-300z\"><\/path><\/svg><svg aria-hidden=\"true\" class=\"icon-new-window\" viewbox=\"0 0 1792 1792\"><path d=\"M1408 960v-128q0-26-19-45t-45-19h-320v-320q0-26-19-45t-45-19h-128q-26 0-45 19t-19 45v320h-320q-26 0-45 19t-19 45v128q0 26 19 45t45 19h320v320q0 26 19 45t45 19h128q26 0 45-19t19-45v-320h320q26 0 45-19t19-45zm256-544v960q0 119-84.5 203.5t-203.5 84.5h-960q-119 0-203.5-84.5t-84.5-203.5v-960q0-119 84.5-203.5t203.5-84.5h960q119 0 203.5 84.5t84.5 203.5z\"><\/path><\/svg><span class=\"tooltip\">external,  dokument MS Word, otworzy si\u0119 w nowym oknie<\/span><\/a><\/li>\n<li><a class=\"target-blank use-tooltip extlink target-blank use-tooltip\" href=\"https:\/\/rops-opole.pl\/wp-content\/uploads\/otwarte-konkursy-ofert\/0037\/Za%C5%82%C4%85cznik%20nr%201%20-%20Karta%20oceny%20formalnej%20-%20Wyr%C3%B3wnywanie%20szans.doc\" target=\"_blank\" rel=\"noopener noreferrer\" aria-label=\"Za\u0142\u0105cznik nr 1 \u2013 Karta oceny formalnej \u2013 Wyr\u00f3wnywanie szans.doc (external,  dokument MS Word, otworzy si\u0119 w nowym oknie)\">Za\u0142\u0105cznik nr 1 \u2013 Karta oceny formalnej \u2013 Wyr\u00f3wnywanie szans.doc<svg aria-hidden=\"true\" class=\"icon-extlink\" viewbox=\"0 0 1792 1792\"><path d=\"M1408 928v320q0 119-84.5 203.5t-203.5 84.5h-832q-119 0-203.5-84.5t-84.5-203.5v-832q0-119 84.5-203.5t203.5-84.5h704q14 0 23 9t9 23v64q0 14-9 23t-23 9h-704q-66 0-113 47t-47 113v832q0 66 47 113t113 47h832q66 0 113-47t47-113v-320q0-14 9-23t23-9h64q14 0 23 9t9 23zm384-864v512q0 26-19 45t-45 19-45-19l-176-176-652 652q-10 10-23 10t-23-10l-114-114q-10-10-10-23t10-23l652-652-176-176q-19-19-19-45t19-45 45-19h512q26 0 45 19t19 45z\"><\/path><\/svg><svg aria-hidden=\"true\" class=\"icon-word\" viewbox=\"0 0 1792 1792\"><path d=\"M1596 380q28 28 48 76t20 88v1152q0 40-28 68t-68 28h-1344q-40 0-68-28t-28-68v-1600q0-40 28-68t68-28h896q40 0 88 20t76 48zm-444-244v376h376q-10-29-22-41l-313-313q-12-12-41-22zm384 1528v-1024h-416q-40 0-68-28t-28-68v-416h-768v1536h1280zm-1175-896v107h70l164 661h159l128-485q7-20 10-46 2-16 2-24h4l3 24q1 3 3.5 20t5.5 26l128 485h159l164-661h70v-107h-300v107h90l-99 438q-5 20-7 46l-2 21h-4l-3-21q-1-5-4-21t-5-25l-144-545h-114l-144 545q-2 9-4.5 24.5t-3.5 21.5l-4 21h-4l-2-21q-2-26-7-46l-99-438h90v-107h-300z\"><\/path><\/svg><svg aria-hidden=\"true\" class=\"icon-new-window\" viewbox=\"0 0 1792 1792\"><path d=\"M1408 960v-128q0-26-19-45t-45-19h-320v-320q0-26-19-45t-45-19h-128q-26 0-45 19t-19 45v320h-320q-26 0-45 19t-19 45v128q0 26 19 45t45 19h320v320q0 26 19 45t45 19h128q26 0 45-19t19-45v-320h320q26 0 45-19t19-45zm256-544v960q0 119-84.5 203.5t-203.5 84.5h-960q-119 0-203.5-84.5t-84.5-203.5v-960q0-119 84.5-203.5t203.5-84.5h960q119 0 203.5 84.5t84.5 203.5z\"><\/path><\/svg><span class=\"tooltip\">external,  dokument MS Word, otworzy si\u0119 w nowym oknie<\/span><\/a><\/li>\n<li><a class=\"target-blank use-tooltip extlink target-blank use-tooltip\" href=\"https:\/\/rops-opole.pl\/wp-content\/uploads\/otwarte-konkursy-ofert\/0037\/Za%C5%82%C4%85cznik%20nr%202%20-%20Karta%20oceny%20merytorycznej%20-%20Wyr%C3%B3wnywanie%20szans.doc\" target=\"_blank\" rel=\"noopener noreferrer\" aria-label=\"Za\u0142\u0105cznik nr 2 \u2013 Karta oceny merytorycznej \u2013 Wyr\u00f3wnywanie szans.doc (external,  dokument MS Word, otworzy si\u0119 w nowym oknie)\">Za\u0142\u0105cznik nr 2 \u2013 Karta oceny merytorycznej \u2013 Wyr\u00f3wnywanie szans.doc<svg aria-hidden=\"true\" class=\"icon-extlink\" viewbox=\"0 0 1792 1792\"><path d=\"M1408 928v320q0 119-84.5 203.5t-203.5 84.5h-832q-119 0-203.5-84.5t-84.5-203.5v-832q0-119 84.5-203.5t203.5-84.5h704q14 0 23 9t9 23v64q0 14-9 23t-23 9h-704q-66 0-113 47t-47 113v832q0 66 47 113t113 47h832q66 0 113-47t47-113v-320q0-14 9-23t23-9h64q14 0 23 9t9 23zm384-864v512q0 26-19 45t-45 19-45-19l-176-176-652 652q-10 10-23 10t-23-10l-114-114q-10-10-10-23t10-23l652-652-176-176q-19-19-19-45t19-45 45-19h512q26 0 45 19t19 45z\"><\/path><\/svg><svg aria-hidden=\"true\" class=\"icon-word\" viewbox=\"0 0 1792 1792\"><path d=\"M1596 380q28 28 48 76t20 88v1152q0 40-28 68t-68 28h-1344q-40 0-68-28t-28-68v-1600q0-40 28-68t68-28h896q40 0 88 20t76 48zm-444-244v376h376q-10-29-22-41l-313-313q-12-12-41-22zm384 1528v-1024h-416q-40 0-68-28t-28-68v-416h-768v1536h1280zm-1175-896v107h70l164 661h159l128-485q7-20 10-46 2-16 2-24h4l3 24q1 3 3.5 20t5.5 26l128 485h159l164-661h70v-107h-300v107h90l-99 438q-5 20-7 46l-2 21h-4l-3-21q-1-5-4-21t-5-25l-144-545h-114l-144 545q-2 9-4.5 24.5t-3.5 21.5l-4 21h-4l-2-21q-2-26-7-46l-99-438h90v-107h-300z\"><\/path><\/svg><svg aria-hidden=\"true\" class=\"icon-new-window\" viewbox=\"0 0 1792 1792\"><path d=\"M1408 960v-128q0-26-19-45t-45-19h-320v-320q0-26-19-45t-45-19h-128q-26 0-45 19t-19 45v320h-320q-26 0-45 19t-19 45v128q0 26 19 45t45 19h320v320q0 26 19 45t45 19h128q26 0 45-19t19-45v-320h320q26 0 45-19t19-45zm256-544v960q0 119-84.5 203.5t-203.5 84.5h-960q-119 0-203.5-84.5t-84.5-203.5v-960q0-119 84.5-203.5t203.5-84.5h960q119 0 203.5 84.5t84.5 203.5z\"><\/path><\/svg><span class=\"tooltip\">external,  dokument MS Word, otworzy si\u0119 w nowym oknie<\/span><\/a><\/li>\n<\/ol>\n<p>12.05.2023 r.<\/p>\n<ol start=\"4\">\n<li><a class=\"target-blank use-tooltip extlink target-blank use-tooltip\" href=\"https:\/\/rops-opole.pl\/wp-content\/uploads\/otwarte-konkursy-ofert\/0037\/Uchwa%C5%82a%20-%20rozstrzygni%C4%99cie%20otwartego%20konkursu%20ofert.docx\" target=\"_blank\" rel=\"noopener noreferrer\" aria-label=\"Uchwa\u0142a \u2013 rozstrzygni\u0119cie otwartego konkursu ofert.docx (external,  dokument MS Word, otworzy si\u0119 w nowym oknie)\">Uchwa\u0142a \u2013 rozstrzygni\u0119cie otwartego konkursu ofert.docx<svg aria-hidden=\"true\" class=\"icon-extlink\" viewbox=\"0 0 1792 1792\"><path d=\"M1408 928v320q0 119-84.5 203.5t-203.5 84.5h-832q-119 0-203.5-84.5t-84.5-203.5v-832q0-119 84.5-203.5t203.5-84.5h704q14 0 23 9t9 23v64q0 14-9 23t-23 9h-704q-66 0-113 47t-47 113v832q0 66 47 113t113 47h832q66 0 113-47t47-113v-320q0-14 9-23t23-9h64q14 0 23 9t9 23zm384-864v512q0 26-19 45t-45 19-45-19l-176-176-652 652q-10 10-23 10t-23-10l-114-114q-10-10-10-23t10-23l652-652-176-176q-19-19-19-45t19-45 45-19h512q26 0 45 19t19 45z\"><\/path><\/svg><svg aria-hidden=\"true\" class=\"icon-word\" viewbox=\"0 0 1792 1792\"><path d=\"M1596 380q28 28 48 76t20 88v1152q0 40-28 68t-68 28h-1344q-40 0-68-28t-28-68v-1600q0-40 28-68t68-28h896q40 0 88 20t76 48zm-444-244v376h376q-10-29-22-41l-313-313q-12-12-41-22zm384 1528v-1024h-416q-40 0-68-28t-28-68v-416h-768v1536h1280zm-1175-896v107h70l164 661h159l128-485q7-20 10-46 2-16 2-24h4l3 24q1 3 3.5 20t5.5 26l128 485h159l164-661h70v-107h-300v107h90l-99 438q-5 20-7 46l-2 21h-4l-3-21q-1-5-4-21t-5-25l-144-545h-114l-144 545q-2 9-4.5 24.5t-3.5 21.5l-4 21h-4l-2-21q-2-26-7-46l-99-438h90v-107h-300z\"><\/path><\/svg><svg aria-hidden=\"true\" class=\"icon-new-window\" viewbox=\"0 0 1792 1792\"><path d=\"M1408 960v-128q0-26-19-45t-45-19h-320v-320q0-26-19-45t-45-19h-128q-26 0-45 19t-19 45v320h-320q-26 0-45 19t-19 45v128q0 26 19 45t45 19h320v320q0 26 19 45t45 19h128q26 0 45-19t19-45v-320h320q26 0 45-19t19-45zm256-544v960q0 119-84.5 203.5t-203.5 84.5h-960q-119 0-203.5-84.5t-84.5-203.5v-960q0-119 84.5-203.5t203.5-84.5h960q119 0 203.5 84.5t84.5 203.5z\"><\/path><\/svg><span class=\"tooltip\">external,  dokument MS Word, otworzy si\u0119 w nowym oknie<\/span><\/a><\/li>\n<li><a class=\"target-blank use-tooltip extlink target-blank use-tooltip\" href=\"https:\/\/rops-opole.pl\/wp-content\/uploads\/otwarte-konkursy-ofert\/0037\/Za%C5%82%C4%85cznik%20nr%201%20do%20uchwa%C5%82y%209472.2023%20-%20wykaz%20z%C5%82o%C5%BConych%20ofert.xlsx\" target=\"_blank\" rel=\"noopener noreferrer\" aria-label=\"Za\u0142\u0105cznik nr 1 do uchwa\u0142y 9472.2023 \u2013 wykaz z\u0142o\u017conych ofert.xlsx (external,  dokument MS Excel, otworzy si\u0119 w nowym oknie)\">Za\u0142\u0105cznik nr 1 do uchwa\u0142y 9472.2023 \u2013 wykaz z\u0142o\u017conych ofert.xlsx<svg aria-hidden=\"true\" class=\"icon-extlink\" viewbox=\"0 0 1792 1792\"><path d=\"M1408 928v320q0 119-84.5 203.5t-203.5 84.5h-832q-119 0-203.5-84.5t-84.5-203.5v-832q0-119 84.5-203.5t203.5-84.5h704q14 0 23 9t9 23v64q0 14-9 23t-23 9h-704q-66 0-113 47t-47 113v832q0 66 47 113t113 47h832q66 0 113-47t47-113v-320q0-14 9-23t23-9h64q14 0 23 9t9 23zm384-864v512q0 26-19 45t-45 19-45-19l-176-176-652 652q-10 10-23 10t-23-10l-114-114q-10-10-10-23t10-23l652-652-176-176q-19-19-19-45t19-45 45-19h512q26 0 45 19t19 45z\"><\/path><\/svg><svg aria-hidden=\"true\" class=\"icon-excel\" viewbox=\"0 0 1792 1792\"><path d=\"M1596 380q28 28 48 76t20 88v1152q0 40-28 68t-68 28h-1344q-40 0-68-28t-28-68v-1600q0-40 28-68t68-28h896q40 0 88 20t76 48zm-444-244v376h376q-10-29-22-41l-313-313q-12-12-41-22zm384 1528v-1024h-416q-40 0-68-28t-28-68v-416h-768v1536h1280zm-979-234v106h281v-106h-75l103-161q5-7 10-16.5t7.5-13.5 3.5-4h2q1 4 5 10 2 4 4.5 7.5t6 8 6.5 8.5l107 161h-76v106h291v-106h-68l-192-273 195-282h67v-107h-279v107h74l-103 159q-4 7-10 16.5t-9 13.5l-2 3h-2q-1-4-5-10-6-11-17-23l-106-159h76v-107h-290v107h68l189 272-194 283h-68z\"><\/path><\/svg><svg aria-hidden=\"true\" class=\"icon-new-window\" viewbox=\"0 0 1792 1792\"><path d=\"M1408 960v-128q0-26-19-45t-45-19h-320v-320q0-26-19-45t-45-19h-128q-26 0-45 19t-19 45v320h-320q-26 0-45 19t-19 45v128q0 26 19 45t45 19h320v320q0 26 19 45t45 19h128q26 0 45-19t19-45v-320h320q26 0 45-19t19-45zm256-544v960q0 119-84.5 203.5t-203.5 84.5h-960q-119 0-203.5-84.5t-84.5-203.5v-960q0-119 84.5-203.5t203.5-84.5h960q119 0 203.5 84.5t84.5 203.5z\"><\/path><\/svg><span class=\"tooltip\">external,  dokument MS Excel, otworzy si\u0119 w nowym oknie<\/span><\/a><\/li>\n<li><a class=\"target-blank use-tooltip extlink target-blank use-tooltip\" href=\"https:\/\/rops-opole.pl\/wp-content\/uploads\/otwarte-konkursy-ofert\/0037\/Za%C5%82%C4%85cznik%20nr%202%20do%20uchwa%C5%82y%209472.2023%20-%20wykaz%20przyznanych%20dotacji.xlsx\" target=\"_blank\" rel=\"noopener noreferrer\" aria-label=\"Za\u0142\u0105cznik nr 2 do uchwa\u0142y 9472.2023 \u2013 wykaz przyznanych dotacji.xlsx (external,  dokument MS Excel, otworzy si\u0119 w nowym oknie)\">Za\u0142\u0105cznik nr 2 do uchwa\u0142y 9472.2023 \u2013 wykaz przyznanych dotacji.xlsx<svg aria-hidden=\"true\" class=\"icon-extlink\" viewbox=\"0 0 1792 1792\"><path d=\"M1408 928v320q0 119-84.5 203.5t-203.5 84.5h-832q-119 0-203.5-84.5t-84.5-203.5v-832q0-119 84.5-203.5t203.5-84.5h704q14 0 23 9t9 23v64q0 14-9 23t-23 9h-704q-66 0-113 47t-47 113v832q0 66 47 113t113 47h832q66 0 113-47t47-113v-320q0-14 9-23t23-9h64q14 0 23 9t9 23zm384-864v512q0 26-19 45t-45 19-45-19l-176-176-652 652q-10 10-23 10t-23-10l-114-114q-10-10-10-23t10-23l652-652-176-176q-19-19-19-45t19-45 45-19h512q26 0 45 19t19 45z\"><\/path><\/svg><svg aria-hidden=\"true\" class=\"icon-excel\" viewbox=\"0 0 1792 1792\"><path d=\"M1596 380q28 28 48 76t20 88v1152q0 40-28 68t-68 28h-1344q-40 0-68-28t-28-68v-1600q0-40 28-68t68-28h896q40 0 88 20t76 48zm-444-244v376h376q-10-29-22-41l-313-313q-12-12-41-22zm384 1528v-1024h-416q-40 0-68-28t-28-68v-416h-768v1536h1280zm-979-234v106h281v-106h-75l103-161q5-7 10-16.5t7.5-13.5 3.5-4h2q1 4 5 10 2 4 4.5 7.5t6 8 6.5 8.5l107 161h-76v106h291v-106h-68l-192-273 195-282h67v-107h-279v107h74l-103 159q-4 7-10 16.5t-9 13.5l-2 3h-2q-1-4-5-10-6-11-17-23l-106-159h76v-107h-290v107h68l189 272-194 283h-68z\"><\/path><\/svg><svg aria-hidden=\"true\" class=\"icon-new-window\" viewbox=\"0 0 1792 1792\"><path d=\"M1408 960v-128q0-26-19-45t-45-19h-320v-320q0-26-19-45t-45-19h-128q-26 0-45 19t-19 45v320h-320q-26 0-45 19t-19 45v128q0 26 19 45t45 19h320v320q0 26 19 45t45 19h128q26 0 45-19t19-45v-320h320q26 0 45-19t19-45zm256-544v960q0 119-84.5 203.5t-203.5 84.5h-960q-119 0-203.5-84.5t-84.5-203.5v-960q0-119 84.5-203.5t203.5-84.5h960q119 0 203.5 84.5t84.5 203.5z\"><\/path><\/svg><span class=\"tooltip\">external,  dokument MS Excel, otworzy si\u0119 w nowym oknie<\/span><\/a><\/li>\n<\/ol>\n<hr class=\"wp-block-separator has-alpha-channel-opacity\">\n<p>Osoba odpowiedzialna za tre\u015b\u0107: Ma\u0142gorzata Widuli\u0144ska<br>Opublikowa\u0142: Dariusz Lisowski (27 lutego 2023 r. godz. 12:55)<br>Ostatnio zmieni\u0142: Dariusz Lisowski (12 maja 2023 r. godz. 19:08)<\/p>\n\n","protected":false},"excerpt":{"rendered":null,"protected":false},"author":1,"featured_media":0,"parent":0,"menu_order":0,"comment_status":"closed","ping_status":"closed","template":"","meta":{"footnotes":""},"categories":[1,16],"tags":[],"class_list":["post-2945","page","type-page","status-publish","hentry","category-otwarte-konkursy-ofert","category-otwarte-konkursy-ofert-zakonczone"],"_links":{"self":[{"href":"https:\/\/bip.rops-opole.pl\/index.php?rest_route=\/wp\/v2\/pages\/2945","targetHints":{"allow":["GET"]}}],"collection":[{"href":"https:\/\/bip.rops-opole.pl\/index.php?rest_route=\/wp\/v2\/pages"}],"about":[{"href":"https:\/\/bip.rops-opole.pl\/index.php?rest_route=\/wp\/v2\/types\/page"}],"author":[{"embeddable":true,"href":"https:\/\/bip.rops-opole.pl\/index.php?rest_route=\/wp\/v2\/users\/1"}],"replies":[{"embeddable":true,"href":"https:\/\/bip.rops-opole.pl\/index.php?rest_route=%2Fwp%2Fv2%2Fcomments&post=2945"}],"version-history":[{"count":2,"href":"https:\/\/bip.rops-opole.pl\/index.php?rest_route=\/wp\/v2\/pages\/2945\/revisions"}],"predecessor-version":[{"id":3199,"href":"https:\/\/bip.rops-opole.pl\/index.php?rest_route=\/wp\/v2\/pages\/2945\/revisions\/3199"}],"wp:attachment":[{"href":"https:\/\/bip.rops-opole.pl\/index.php?rest_route=%2Fwp%2Fv2%2Fmedia&parent=2945"}],"wp:term":[{"taxonomy":"category","embeddable":true,"href":"https:\/\/bip.rops-opole.pl\/index.php?rest_route=%2Fwp%2Fv2%2Fcategories&post=2945"},{"taxonomy":"post_tag","embeddable":true,"href":"https:\/\/bip.rops-opole.pl\/index.php?rest_route=%2Fwp%2Fv2%2Ftags&post=2945"}],"curies":[{"name":"wp","href":"https:\/\/api.w.org\/{rel}","templated":true}]}}