{"id":2818,"date":"2023-01-23T15:39:02","date_gmt":"2023-01-23T14:39:02","guid":{"rendered":"https:\/\/bip.rops-opole.pl\/?page_id=2818"},"modified":"2023-05-04T12:11:27","modified_gmt":"2023-05-04T10:11:27","slug":"otwarty-konkurs-ofert-na-realizacje-zadania-publicznego-w-zakresie-dzialalnosci-na-rzecz-integracji-i-reintegracji-zawodowej-i-spolecznej-osob-zagrozonych-wykluczeniem-spolecznym-pn-organizacja","status":"publish","type":"page","link":"https:\/\/bip.rops-opole.pl\/?page_id=2818","title":{"rendered":"Otwarty konkurs ofert na realizacj\u0119 zadania publicznego w zakresie dzia\u0142alno\u015bci na rzecz integracji i reintegracji zawodowej i spo\u0142ecznej os\u00f3b zagro\u017conych wykluczeniem spo\u0142ecznym \u00a0pn. Organizacja przedsi\u0119wzi\u0119cia pn. \u201eOpolskie Targi Ekonomii Spo\u0142ecznej\u201d w 2023 roku, skierowany do organizacji pozarz\u0105dowych i innych uprawnionych podmiot\u00f3w, wskazanych w art. 3 ust. 3 ustawy z dnia 24 kwietnia 2003 r. o dzia\u0142alno\u015bci po\u017cytku publicznego i o wolontariacie"},"content":{"rendered":"\n<!--more--><p>23.01.2023 r.<\/p>\n<ol>\n<li><a class=\"target-blank use-tooltip extlink target-blank use-tooltip\" href=\"https:\/\/rops-opole.pl\/wp-content\/uploads\/otwarte-konkursy-ofert\/0035\/Og%C5%82oszenie%20konkursu%20-%20za%C5%82%C4%85cznik%20do%20uchwa%C5%82y%208700.2023%20z%20dn.%2023.01.2023.doc\" target=\"_blank\" rel=\"noopener noreferrer\" aria-label=\"Og\u0142oszenie konkursu \u2013 za\u0142\u0105cznik do uchwa\u0142y 8700.2023 z dn. 23.01.2023.docMS Word document, opens a new window (external,  dokument MS Word, otworzy si\u0119 w nowym oknie)\">Og\u0142oszenie konkursu \u2013 za\u0142\u0105cznik do uchwa\u0142y 8700.2023 z dn. 23.01.2023.doc<span class=\"tooltip\">MS Word document, opens a new window<\/span><svg aria-hidden=\"true\" class=\"icon-extlink\" viewbox=\"0 0 1792 1792\"><path d=\"M1408 928v320q0 119-84.5 203.5t-203.5 84.5h-832q-119 0-203.5-84.5t-84.5-203.5v-832q0-119 84.5-203.5t203.5-84.5h704q14 0 23 9t9 23v64q0 14-9 23t-23 9h-704q-66 0-113 47t-47 113v832q0 66 47 113t113 47h832q66 0 113-47t47-113v-320q0-14 9-23t23-9h64q14 0 23 9t9 23zm384-864v512q0 26-19 45t-45 19-45-19l-176-176-652 652q-10 10-23 10t-23-10l-114-114q-10-10-10-23t10-23l652-652-176-176q-19-19-19-45t19-45 45-19h512q26 0 45 19t19 45z\"><\/path><\/svg><svg aria-hidden=\"true\" class=\"icon-word\" viewbox=\"0 0 1792 1792\"><path d=\"M1596 380q28 28 48 76t20 88v1152q0 40-28 68t-68 28h-1344q-40 0-68-28t-28-68v-1600q0-40 28-68t68-28h896q40 0 88 20t76 48zm-444-244v376h376q-10-29-22-41l-313-313q-12-12-41-22zm384 1528v-1024h-416q-40 0-68-28t-28-68v-416h-768v1536h1280zm-1175-896v107h70l164 661h159l128-485q7-20 10-46 2-16 2-24h4l3 24q1 3 3.5 20t5.5 26l128 485h159l164-661h70v-107h-300v107h90l-99 438q-5 20-7 46l-2 21h-4l-3-21q-1-5-4-21t-5-25l-144-545h-114l-144 545q-2 9-4.5 24.5t-3.5 21.5l-4 21h-4l-2-21q-2-26-7-46l-99-438h90v-107h-300z\"><\/path><\/svg><svg aria-hidden=\"true\" class=\"icon-new-window\" viewbox=\"0 0 1792 1792\"><path d=\"M1408 960v-128q0-26-19-45t-45-19h-320v-320q0-26-19-45t-45-19h-128q-26 0-45 19t-19 45v320h-320q-26 0-45 19t-19 45v128q0 26 19 45t45 19h320v320q0 26 19 45t45 19h128q26 0 45-19t19-45v-320h320q26 0 45-19t19-45zm256-544v960q0 119-84.5 203.5t-203.5 84.5h-960q-119 0-203.5-84.5t-84.5-203.5v-960q0-119 84.5-203.5t203.5-84.5h960q119 0 203.5 84.5t84.5 203.5z\"><\/path><\/svg><span class=\"tooltip\">external,  dokument MS Word, otworzy si\u0119 w nowym oknie<\/span><\/a><\/li>\n<li><a class=\"target-blank use-tooltip extlink target-blank use-tooltip\" href=\"https:\/\/rops-opole.pl\/wp-content\/uploads\/otwarte-konkursy-ofert\/0035\/Karta%20oceny%20formalnej%20-%20za%C5%82%C4%85cznik%201%20do%20og%C5%82oszenia.doc\" target=\"_blank\" rel=\"noopener noreferrer\" aria-label=\"Karta oceny formalnej \u2013 za\u0142\u0105cznik 1 do og\u0142oszenia.doc (external,  dokument MS Word, otworzy si\u0119 w nowym oknie)\">Karta oceny formalnej \u2013 za\u0142\u0105cznik 1 do og\u0142oszenia.doc<svg aria-hidden=\"true\" class=\"icon-extlink\" viewbox=\"0 0 1792 1792\"><path d=\"M1408 928v320q0 119-84.5 203.5t-203.5 84.5h-832q-119 0-203.5-84.5t-84.5-203.5v-832q0-119 84.5-203.5t203.5-84.5h704q14 0 23 9t9 23v64q0 14-9 23t-23 9h-704q-66 0-113 47t-47 113v832q0 66 47 113t113 47h832q66 0 113-47t47-113v-320q0-14 9-23t23-9h64q14 0 23 9t9 23zm384-864v512q0 26-19 45t-45 19-45-19l-176-176-652 652q-10 10-23 10t-23-10l-114-114q-10-10-10-23t10-23l652-652-176-176q-19-19-19-45t19-45 45-19h512q26 0 45 19t19 45z\"><\/path><\/svg><svg aria-hidden=\"true\" class=\"icon-word\" viewbox=\"0 0 1792 1792\"><path d=\"M1596 380q28 28 48 76t20 88v1152q0 40-28 68t-68 28h-1344q-40 0-68-28t-28-68v-1600q0-40 28-68t68-28h896q40 0 88 20t76 48zm-444-244v376h376q-10-29-22-41l-313-313q-12-12-41-22zm384 1528v-1024h-416q-40 0-68-28t-28-68v-416h-768v1536h1280zm-1175-896v107h70l164 661h159l128-485q7-20 10-46 2-16 2-24h4l3 24q1 3 3.5 20t5.5 26l128 485h159l164-661h70v-107h-300v107h90l-99 438q-5 20-7 46l-2 21h-4l-3-21q-1-5-4-21t-5-25l-144-545h-114l-144 545q-2 9-4.5 24.5t-3.5 21.5l-4 21h-4l-2-21q-2-26-7-46l-99-438h90v-107h-300z\"><\/path><\/svg><svg aria-hidden=\"true\" class=\"icon-new-window\" viewbox=\"0 0 1792 1792\"><path d=\"M1408 960v-128q0-26-19-45t-45-19h-320v-320q0-26-19-45t-45-19h-128q-26 0-45 19t-19 45v320h-320q-26 0-45 19t-19 45v128q0 26 19 45t45 19h320v320q0 26 19 45t45 19h128q26 0 45-19t19-45v-320h320q26 0 45-19t19-45zm256-544v960q0 119-84.5 203.5t-203.5 84.5h-960q-119 0-203.5-84.5t-84.5-203.5v-960q0-119 84.5-203.5t203.5-84.5h960q119 0 203.5 84.5t84.5 203.5z\"><\/path><\/svg><span class=\"tooltip\">external,  dokument MS Word, otworzy si\u0119 w nowym oknie<\/span><\/a><\/li>\n<li><a class=\"target-blank use-tooltip extlink target-blank use-tooltip\" href=\"https:\/\/rops-opole.pl\/wp-content\/uploads\/otwarte-konkursy-ofert\/0035\/Karta%20oceny%20merytorycznej%20-%20za%C5%82%C4%85cznik%202%20do%20og%C5%82oszenia.doc\" target=\"_blank\" rel=\"noopener noreferrer\" aria-label=\"Karta oceny merytorycznej \u2013 za\u0142\u0105cznik 2 do og\u0142oszenia.doc (external,  dokument MS Word, otworzy si\u0119 w nowym oknie)\">Karta oceny merytorycznej \u2013 za\u0142\u0105cznik 2 do og\u0142oszenia.doc<svg aria-hidden=\"true\" class=\"icon-extlink\" viewbox=\"0 0 1792 1792\"><path d=\"M1408 928v320q0 119-84.5 203.5t-203.5 84.5h-832q-119 0-203.5-84.5t-84.5-203.5v-832q0-119 84.5-203.5t203.5-84.5h704q14 0 23 9t9 23v64q0 14-9 23t-23 9h-704q-66 0-113 47t-47 113v832q0 66 47 113t113 47h832q66 0 113-47t47-113v-320q0-14 9-23t23-9h64q14 0 23 9t9 23zm384-864v512q0 26-19 45t-45 19-45-19l-176-176-652 652q-10 10-23 10t-23-10l-114-114q-10-10-10-23t10-23l652-652-176-176q-19-19-19-45t19-45 45-19h512q26 0 45 19t19 45z\"><\/path><\/svg><svg aria-hidden=\"true\" class=\"icon-word\" viewbox=\"0 0 1792 1792\"><path d=\"M1596 380q28 28 48 76t20 88v1152q0 40-28 68t-68 28h-1344q-40 0-68-28t-28-68v-1600q0-40 28-68t68-28h896q40 0 88 20t76 48zm-444-244v376h376q-10-29-22-41l-313-313q-12-12-41-22zm384 1528v-1024h-416q-40 0-68-28t-28-68v-416h-768v1536h1280zm-1175-896v107h70l164 661h159l128-485q7-20 10-46 2-16 2-24h4l3 24q1 3 3.5 20t5.5 26l128 485h159l164-661h70v-107h-300v107h90l-99 438q-5 20-7 46l-2 21h-4l-3-21q-1-5-4-21t-5-25l-144-545h-114l-144 545q-2 9-4.5 24.5t-3.5 21.5l-4 21h-4l-2-21q-2-26-7-46l-99-438h90v-107h-300z\"><\/path><\/svg><svg aria-hidden=\"true\" class=\"icon-new-window\" viewbox=\"0 0 1792 1792\"><path d=\"M1408 960v-128q0-26-19-45t-45-19h-320v-320q0-26-19-45t-45-19h-128q-26 0-45 19t-19 45v320h-320q-26 0-45 19t-19 45v128q0 26 19 45t45 19h320v320q0 26 19 45t45 19h128q26 0 45-19t19-45v-320h320q26 0 45-19t19-45zm256-544v960q0 119-84.5 203.5t-203.5 84.5h-960q-119 0-203.5-84.5t-84.5-203.5v-960q0-119 84.5-203.5t203.5-84.5h960q119 0 203.5 84.5t84.5 203.5z\"><\/path><\/svg><span class=\"tooltip\">external,  dokument MS Word, otworzy si\u0119 w nowym oknie<\/span><\/a><\/li>\n<\/ol>\n<p>21.02.2023 r.<\/p>\n<ol start=\"4\">\n<li><a class=\"target-blank use-tooltip target-blank use-tooltip extlink target-blank use-tooltip\" href=\"https:\/\/rops-opole.pl\/wp-content\/uploads\/otwarte-konkursy-ofert\/0035\/Wykaz%20brak%C3%B3w%20formalnych%20-%20oko%20Opolskie%20Targi%20Ekonomii%20Spo%C5%82ecznej.pdf\" target=\"_blank\" rel=\"noopener noreferrer\" aria-label=\"Wykaz brak\u00f3w formalnych w ofertach z\u0142o\u017conych w ramach otwartego konkursu ofert na realizacj\u0119 zadania publicznego w zakresie dzia\u0142alno\u015bci na rzecz integracji i reintegracji zawodowej i spo\u0142ecznej os\u00f3b zagro\u017conych wykluczeniem spo\u0142ecznym pn. Organizacja przedsi\u0119wzi\u0119cia pn. \u201eOpolskie Targi Ekonomii Spo\u0142ecznej\u201d w 2023 roku, skierowanego do organizacji pozarz\u0105dowych i innych uprawnionych podmiot\u00f3w, wskazanych w art. 3 ust. 3 ustawy z dnia 24 kwietnia 2003 r. o dzia\u0142alno\u015bci po\u017cytku publicznego i o wolontariacie.pdf (external,  dokument PDF, otworzy si\u0119 w nowym oknie)\">Wykaz brak\u00f3w formalnych w ofertach z\u0142o\u017conych w ramach otwartego konkursu ofert na realizacj\u0119 zadania publicznego w zakresie dzia\u0142alno\u015bci na rzecz integracji i reintegracji zawodowej i spo\u0142ecznej os\u00f3b zagro\u017conych wykluczeniem spo\u0142ecznym pn. Organizacja przedsi\u0119wzi\u0119cia pn. \u201eOpolskie Targi Ekonomii Spo\u0142ecznej\u201d w 2023 roku, skierowanego do organizacji pozarz\u0105dowych i innych uprawnionych podmiot\u00f3w, wskazanych w art. 3 ust. 3 ustawy z dnia 24 kwietnia 2003 r. o dzia\u0142alno\u015bci po\u017cytku publicznego i o wolontariacie.pdf<svg aria-hidden=\"true\" class=\"icon-extlink\" viewbox=\"0 0 1792 1792\"><path d=\"M1408 928v320q0 119-84.5 203.5t-203.5 84.5h-832q-119 0-203.5-84.5t-84.5-203.5v-832q0-119 84.5-203.5t203.5-84.5h704q14 0 23 9t9 23v64q0 14-9 23t-23 9h-704q-66 0-113 47t-47 113v832q0 66 47 113t113 47h832q66 0 113-47t47-113v-320q0-14 9-23t23-9h64q14 0 23 9t9 23zm384-864v512q0 26-19 45t-45 19-45-19l-176-176-652 652q-10 10-23 10t-23-10l-114-114q-10-10-10-23t10-23l652-652-176-176q-19-19-19-45t19-45 45-19h512q26 0 45 19t19 45z\"><\/path><\/svg><svg aria-hidden=\"true\" class=\"icon-pdf\" viewbox=\"0 0 1792 1792\"><path d=\"M1596 380q28 28 48 76t20 88v1152q0 40-28 68t-68 28h-1344q-40 0-68-28t-28-68v-1600q0-40 28-68t68-28h896q40 0 88 20t76 48zm-444-244v376h376q-10-29-22-41l-313-313q-12-12-41-22zm384 1528v-1024h-416q-40 0-68-28t-28-68v-416h-768v1536h1280zm-514-593q33 26 84 56 59-7 117-7 147 0 177 49 16 22 2 52 0 1-1 2l-2 2v1q-6 38-71 38-48 0-115-20t-130-53q-221 24-392 83-153 262-242 262-15 0-28-7l-24-12q-1-1-6-5-10-10-6-36 9-40 56-91.5t132-96.5q14-9 23 6 2 2 2 4 52-85 107-197 68-136 104-262-24-82-30.5-159.5t6.5-127.5q11-40 42-40h22q23 0 35 15 18 21 9 68-2 6-4 8 1 3 1 8v30q-2 123-14 192 55 164 146 238zm-576 411q52-24 137-158-51 40-87.5 84t-49.5 74zm398-920q-15 42-2 132 1-7 7-44 0-3 7-43 1-4 4-8-1-1-1-2t-.5-1.5-.5-1.5q-1-22-13-36 0 1-1 2v2zm-124 661q135-54 284-81-2-1-13-9.5t-16-13.5q-76-67-127-176-27 86-83 197-30 56-45 83zm646-16q-24-24-140-24 76 28 124 28 14 0 18-1 0-1-2-3z\"><\/path><\/svg><svg aria-hidden=\"true\" class=\"icon-new-window\" viewbox=\"0 0 1792 1792\"><path d=\"M1408 960v-128q0-26-19-45t-45-19h-320v-320q0-26-19-45t-45-19h-128q-26 0-45 19t-19 45v320h-320q-26 0-45 19t-19 45v128q0 26 19 45t45 19h320v320q0 26 19 45t45 19h128q26 0 45-19t19-45v-320h320q26 0 45-19t19-45zm256-544v960q0 119-84.5 203.5t-203.5 84.5h-960q-119 0-203.5-84.5t-84.5-203.5v-960q0-119 84.5-203.5t203.5-84.5h960q119 0 203.5 84.5t84.5 203.5z\"><\/path><\/svg><span class=\"tooltip\">external,  dokument PDF, otworzy si\u0119 w nowym oknie<\/span><\/a><\/li>\n<\/ol>\n<p>4.05.2023 r.<\/p>\n<ol start=\"5\">\n<li><a class=\"target-blank use-tooltip extlink target-blank use-tooltip\" href=\"https:\/\/rops-opole.pl\/wp-content\/uploads\/otwarte-konkursy-ofert\/0035\/Uchwa%C5%82a%209198.2023%20z%203.04.2023%20-%20rozstrzygni%C4%99cie%20OTES%202023.docx\" target=\"_blank\" rel=\"noopener noreferrer\" data-wplink-url-error=\"true\" aria-label=\"Uchwa\u0142a 9198.2023 z 3.04.2023 \u2013 rozstrzygni\u0119cie OTES 2023.docx (external,  dokument MS Word, otworzy si\u0119 w nowym oknie)\">Uchwa\u0142a 9198.2023 z 3.04.2023 \u2013 rozstrzygni\u0119cie OTES 2023.docx<svg aria-hidden=\"true\" class=\"icon-extlink\" viewbox=\"0 0 1792 1792\"><path d=\"M1408 928v320q0 119-84.5 203.5t-203.5 84.5h-832q-119 0-203.5-84.5t-84.5-203.5v-832q0-119 84.5-203.5t203.5-84.5h704q14 0 23 9t9 23v64q0 14-9 23t-23 9h-704q-66 0-113 47t-47 113v832q0 66 47 113t113 47h832q66 0 113-47t47-113v-320q0-14 9-23t23-9h64q14 0 23 9t9 23zm384-864v512q0 26-19 45t-45 19-45-19l-176-176-652 652q-10 10-23 10t-23-10l-114-114q-10-10-10-23t10-23l652-652-176-176q-19-19-19-45t19-45 45-19h512q26 0 45 19t19 45z\"><\/path><\/svg><svg aria-hidden=\"true\" class=\"icon-word\" viewbox=\"0 0 1792 1792\"><path d=\"M1596 380q28 28 48 76t20 88v1152q0 40-28 68t-68 28h-1344q-40 0-68-28t-28-68v-1600q0-40 28-68t68-28h896q40 0 88 20t76 48zm-444-244v376h376q-10-29-22-41l-313-313q-12-12-41-22zm384 1528v-1024h-416q-40 0-68-28t-28-68v-416h-768v1536h1280zm-1175-896v107h70l164 661h159l128-485q7-20 10-46 2-16 2-24h4l3 24q1 3 3.5 20t5.5 26l128 485h159l164-661h70v-107h-300v107h90l-99 438q-5 20-7 46l-2 21h-4l-3-21q-1-5-4-21t-5-25l-144-545h-114l-144 545q-2 9-4.5 24.5t-3.5 21.5l-4 21h-4l-2-21q-2-26-7-46l-99-438h90v-107h-300z\"><\/path><\/svg><svg aria-hidden=\"true\" class=\"icon-new-window\" viewbox=\"0 0 1792 1792\"><path d=\"M1408 960v-128q0-26-19-45t-45-19h-320v-320q0-26-19-45t-45-19h-128q-26 0-45 19t-19 45v320h-320q-26 0-45 19t-19 45v128q0 26 19 45t45 19h320v320q0 26 19 45t45 19h128q26 0 45-19t19-45v-320h320q26 0 45-19t19-45zm256-544v960q0 119-84.5 203.5t-203.5 84.5h-960q-119 0-203.5-84.5t-84.5-203.5v-960q0-119 84.5-203.5t203.5-84.5h960q119 0 203.5 84.5t84.5 203.5z\"><\/path><\/svg><span class=\"tooltip\">external,  dokument MS Word, otworzy si\u0119 w nowym oknie<\/span><\/a><\/li>\n<\/ol>\n<hr class=\"wp-block-separator has-alpha-channel-opacity\">\n<p>Osoba odpowiedzialna za tre\u015b\u0107: Izabela Podobi\u0144ska<br>Opublikowa\u0142: Dariusz Lisowski (23 stycznia 2023 r. godz. 15:38)<br>Ostatnio zmieni\u0142: Dariusz Lisowski (4 maja 2023 r. godz. 12:11)<\/p>\n\n","protected":false},"excerpt":{"rendered":null,"protected":false},"author":1,"featured_media":0,"parent":0,"menu_order":0,"comment_status":"closed","ping_status":"closed","template":"","meta":{"footnotes":""},"categories":[1,16],"tags":[],"class_list":["post-2818","page","type-page","status-publish","hentry","category-otwarte-konkursy-ofert","category-otwarte-konkursy-ofert-zakonczone"],"_links":{"self":[{"href":"https:\/\/bip.rops-opole.pl\/index.php?rest_route=\/wp\/v2\/pages\/2818","targetHints":{"allow":["GET"]}}],"collection":[{"href":"https:\/\/bip.rops-opole.pl\/index.php?rest_route=\/wp\/v2\/pages"}],"about":[{"href":"https:\/\/bip.rops-opole.pl\/index.php?rest_route=\/wp\/v2\/types\/page"}],"author":[{"embeddable":true,"href":"https:\/\/bip.rops-opole.pl\/index.php?rest_route=\/wp\/v2\/users\/1"}],"replies":[{"embeddable":true,"href":"https:\/\/bip.rops-opole.pl\/index.php?rest_route=%2Fwp%2Fv2%2Fcomments&post=2818"}],"version-history":[{"count":6,"href":"https:\/\/bip.rops-opole.pl\/index.php?rest_route=\/wp\/v2\/pages\/2818\/revisions"}],"predecessor-version":[{"id":3174,"href":"https:\/\/bip.rops-opole.pl\/index.php?rest_route=\/wp\/v2\/pages\/2818\/revisions\/3174"}],"wp:attachment":[{"href":"https:\/\/bip.rops-opole.pl\/index.php?rest_route=%2Fwp%2Fv2%2Fmedia&parent=2818"}],"wp:term":[{"taxonomy":"category","embeddable":true,"href":"https:\/\/bip.rops-opole.pl\/index.php?rest_route=%2Fwp%2Fv2%2Fcategories&post=2818"},{"taxonomy":"post_tag","embeddable":true,"href":"https:\/\/bip.rops-opole.pl\/index.php?rest_route=%2Fwp%2Fv2%2Ftags&post=2818"}],"curies":[{"name":"wp","href":"https:\/\/api.w.org\/{rel}","templated":true}]}}