{"id":2184,"date":"2022-05-30T12:34:54","date_gmt":"2022-05-30T10:34:54","guid":{"rendered":"https:\/\/bip.rops-opole.pl\/?page_id=2184"},"modified":"2022-06-29T09:01:02","modified_gmt":"2022-06-29T07:01:02","slug":"kompleksowa-organizacja-uslug-szkoleniowych-dla-przedstawicieli-instytucji-zajmujacych-sie-przeciwdzialaniem-przemocy-w-wojewodztwie-opolskim-znak-sprawy-uzp-4011-7-2022","status":"publish","type":"page","link":"https:\/\/bip.rops-opole.pl\/?page_id=2184","title":{"rendered":"Kompleksowa organizacja us\u0142ug szkoleniowych dla przedstawicieli Instytucji zajmuj\u0105cych si\u0119 przeciwdzia\u0142aniem przemocy w wojew\u00f3dztwie opolskim &#8211; znak sprawy: UZP.4011.7.2022"},"content":{"rendered":"\n<p><\/p>\n\n\n\n<!--more-->\n\n\n\n<p>Wszelkie dokumenty dotycz\u0105ce post\u0119powania dost\u0119pne s\u0105 na stronie prowadzonego post\u0119powania na platformie ezam\u00f3wienia: <br><br><a class=\"moz-txt-link-freetext extlink target-blank use-tooltip\" href=\"https:\/\/ezamowienia.gov.pl\/mp-client\/search\/list\/ocds-148610-6f762ec9-dde8-11ec-9a86-f6f4c648a056\" target=\"_blank\" rel=\"noopener noreferrer\" aria-label=\"https:\/\/ezamowienia.gov.pl\/mp-client\/search\/list\/ocds-148610-6f762ec9-dde8-11ec-9a86-f6f4c648a056 (external, otworzy si\u0119 w nowym oknie)\">https:\/\/ezamowienia.gov.pl\/mp-client\/search\/list\/ocds-148610-6f762ec9-dde8-11ec-9a86-f6f4c648a056<svg aria-hidden=\"true\" class=\"icon-extlink\" viewbox=\"0 0 1792 1792\"><path d=\"M1408 928v320q0 119-84.5 203.5t-203.5 84.5h-832q-119 0-203.5-84.5t-84.5-203.5v-832q0-119 84.5-203.5t203.5-84.5h704q14 0 23 9t9 23v64q0 14-9 23t-23 9h-704q-66 0-113 47t-47 113v832q0 66 47 113t113 47h832q66 0 113-47t47-113v-320q0-14 9-23t23-9h64q14 0 23 9t9 23zm384-864v512q0 26-19 45t-45 19-45-19l-176-176-652 652q-10 10-23 10t-23-10l-114-114q-10-10-10-23t10-23l652-652-176-176q-19-19-19-45t19-45 45-19h512q26 0 45 19t19 45z\"><\/path><\/svg><svg aria-hidden=\"true\" class=\"icon-new-window\" viewbox=\"0 0 1792 1792\"><path d=\"M1408 960v-128q0-26-19-45t-45-19h-320v-320q0-26-19-45t-45-19h-128q-26 0-45 19t-19 45v320h-320q-26 0-45 19t-19 45v128q0 26 19 45t45 19h320v320q0 26 19 45t45 19h128q26 0 45-19t19-45v-320h320q26 0 45-19t19-45zm256-544v960q0 119-84.5 203.5t-203.5 84.5h-960q-119 0-203.5-84.5t-84.5-203.5v-960q0-119 84.5-203.5t203.5-84.5h960q119 0 203.5 84.5t84.5 203.5z\"><\/path><\/svg><span class=\"tooltip\">external, otworzy si\u0119 w nowym oknie<\/span><\/a><\/p>\n<hr class=\"wp-block-separator\">\n<p>Osoba odpowiedzialna za tre\u015b\u0107: Barbara Rokosz<br>Opublikowa\u0142: Dariusz Lisowski (30 maja 2022 r. godz. 12:34)<br>Ostatnio zmieni\u0142: Dariusz Lisowski (30 maja 2022 r. godz. 12:34)<\/p>\n\n\n\n<p><\/p>\n\n","protected":false},"excerpt":{"rendered":null,"protected":false},"author":1,"featured_media":0,"parent":0,"menu_order":0,"comment_status":"closed","ping_status":"closed","template":"","meta":{"footnotes":""},"categories":[24,19],"tags":[],"class_list":["post-2184","page","type-page","status-publish","hentry","category-zamowienia-na-podstawie-ustawy-pzp-pow-170-tys-zl-netto","category-zamowienia-publiczne"],"_links":{"self":[{"href":"https:\/\/bip.rops-opole.pl\/index.php?rest_route=\/wp\/v2\/pages\/2184","targetHints":{"allow":["GET"]}}],"collection":[{"href":"https:\/\/bip.rops-opole.pl\/index.php?rest_route=\/wp\/v2\/pages"}],"about":[{"href":"https:\/\/bip.rops-opole.pl\/index.php?rest_route=\/wp\/v2\/types\/page"}],"author":[{"embeddable":true,"href":"https:\/\/bip.rops-opole.pl\/index.php?rest_route=\/wp\/v2\/users\/1"}],"replies":[{"embeddable":true,"href":"https:\/\/bip.rops-opole.pl\/index.php?rest_route=%2Fwp%2Fv2%2Fcomments&post=2184"}],"version-history":[{"count":4,"href":"https:\/\/bip.rops-opole.pl\/index.php?rest_route=\/wp\/v2\/pages\/2184\/revisions"}],"predecessor-version":[{"id":2282,"href":"https:\/\/bip.rops-opole.pl\/index.php?rest_route=\/wp\/v2\/pages\/2184\/revisions\/2282"}],"wp:attachment":[{"href":"https:\/\/bip.rops-opole.pl\/index.php?rest_route=%2Fwp%2Fv2%2Fmedia&parent=2184"}],"wp:term":[{"taxonomy":"category","embeddable":true,"href":"https:\/\/bip.rops-opole.pl\/index.php?rest_route=%2Fwp%2Fv2%2Fcategories&post=2184"},{"taxonomy":"post_tag","embeddable":true,"href":"https:\/\/bip.rops-opole.pl\/index.php?rest_route=%2Fwp%2Fv2%2Ftags&post=2184"}],"curies":[{"name":"wp","href":"https:\/\/api.w.org\/{rel}","templated":true}]}}