{"id":2157,"date":"2022-05-20T14:02:57","date_gmt":"2022-05-20T12:02:57","guid":{"rendered":"https:\/\/bip.rops-opole.pl\/?page_id=2157"},"modified":"2022-07-05T11:25:05","modified_gmt":"2022-07-05T09:25:05","slug":"wykaz-zrealizowanych-zadan","status":"publish","type":"page","link":"https:\/\/bip.rops-opole.pl\/?page_id=2157","title":{"rendered":"Wykaz zrealizowanych zada\u0144 i przyznanych dotacji"},"content":{"rendered":"\n<ul>\n<li><a class=\"target-blank use-tooltip extlink target-blank use-tooltip\" href=\"https:\/\/rops-opole.pl\/wp-content\/uploads\/otwarte-konkursy-ofert\/wykaz-zrealizowanych-zadan\/Wykaz%20zrealizowanych%20zada%C5%84%20i%20przyznanych%20dotacji%20w%202022%20r.xlsx\" target=\"_blank\" rel=\"noopener noreferrer\" aria-label=\"Wykaz zrealizowanych zada\u0144 i przyznanych dotacji w 2022 r.xlsx (external,  dokument MS Excel, otworzy si\u0119 w nowym oknie)\">Wykaz zrealizowanych zada\u0144 i przyznanych dotacji w 2022 r.xlsx<svg aria-hidden=\"true\" class=\"icon-extlink\" viewbox=\"0 0 1792 1792\"><path d=\"M1408 928v320q0 119-84.5 203.5t-203.5 84.5h-832q-119 0-203.5-84.5t-84.5-203.5v-832q0-119 84.5-203.5t203.5-84.5h704q14 0 23 9t9 23v64q0 14-9 23t-23 9h-704q-66 0-113 47t-47 113v832q0 66 47 113t113 47h832q66 0 113-47t47-113v-320q0-14 9-23t23-9h64q14 0 23 9t9 23zm384-864v512q0 26-19 45t-45 19-45-19l-176-176-652 652q-10 10-23 10t-23-10l-114-114q-10-10-10-23t10-23l652-652-176-176q-19-19-19-45t19-45 45-19h512q26 0 45 19t19 45z\"><\/path><\/svg><svg aria-hidden=\"true\" class=\"icon-excel\" viewbox=\"0 0 1792 1792\"><path d=\"M1596 380q28 28 48 76t20 88v1152q0 40-28 68t-68 28h-1344q-40 0-68-28t-28-68v-1600q0-40 28-68t68-28h896q40 0 88 20t76 48zm-444-244v376h376q-10-29-22-41l-313-313q-12-12-41-22zm384 1528v-1024h-416q-40 0-68-28t-28-68v-416h-768v1536h1280zm-979-234v106h281v-106h-75l103-161q5-7 10-16.5t7.5-13.5 3.5-4h2q1 4 5 10 2 4 4.5 7.5t6 8 6.5 8.5l107 161h-76v106h291v-106h-68l-192-273 195-282h67v-107h-279v107h74l-103 159q-4 7-10 16.5t-9 13.5l-2 3h-2q-1-4-5-10-6-11-17-23l-106-159h76v-107h-290v107h68l189 272-194 283h-68z\"><\/path><\/svg><svg aria-hidden=\"true\" class=\"icon-new-window\" viewbox=\"0 0 1792 1792\"><path d=\"M1408 960v-128q0-26-19-45t-45-19h-320v-320q0-26-19-45t-45-19h-128q-26 0-45 19t-19 45v320h-320q-26 0-45 19t-19 45v128q0 26 19 45t45 19h320v320q0 26 19 45t45 19h128q26 0 45-19t19-45v-320h320q26 0 45-19t19-45zm256-544v960q0 119-84.5 203.5t-203.5 84.5h-960q-119 0-203.5-84.5t-84.5-203.5v-960q0-119 84.5-203.5t203.5-84.5h960q119 0 203.5 84.5t84.5 203.5z\"><\/path><\/svg><span class=\"tooltip\">external,  dokument MS Excel, otworzy si\u0119 w nowym oknie<\/span><\/a><\/li>\n<li><a class=\"target-blank use-tooltip extlink target-blank use-tooltip\" href=\"https:\/\/rops-opole.pl\/wp-content\/uploads\/otwarte-konkursy-ofert\/wykaz-zrealizowanych-zadan\/Wykaz%20zrealizowanych%20zada%C5%84%20i%20przyznanych%20dotacji%20w%202021%20r.xlsx\" target=\"_blank\" rel=\"noopener noreferrer\" aria-label=\"Wykaz zrealizowanych zada\u0144 i przyznanych dotacji w 2021 r.xlsx (external,  dokument MS Excel, otworzy si\u0119 w nowym oknie)\">Wykaz zrealizowanych zada\u0144 i przyznanych dotacji w 2021 r.xlsx<svg aria-hidden=\"true\" class=\"icon-extlink\" viewbox=\"0 0 1792 1792\"><path d=\"M1408 928v320q0 119-84.5 203.5t-203.5 84.5h-832q-119 0-203.5-84.5t-84.5-203.5v-832q0-119 84.5-203.5t203.5-84.5h704q14 0 23 9t9 23v64q0 14-9 23t-23 9h-704q-66 0-113 47t-47 113v832q0 66 47 113t113 47h832q66 0 113-47t47-113v-320q0-14 9-23t23-9h64q14 0 23 9t9 23zm384-864v512q0 26-19 45t-45 19-45-19l-176-176-652 652q-10 10-23 10t-23-10l-114-114q-10-10-10-23t10-23l652-652-176-176q-19-19-19-45t19-45 45-19h512q26 0 45 19t19 45z\"><\/path><\/svg><svg aria-hidden=\"true\" class=\"icon-excel\" viewbox=\"0 0 1792 1792\"><path d=\"M1596 380q28 28 48 76t20 88v1152q0 40-28 68t-68 28h-1344q-40 0-68-28t-28-68v-1600q0-40 28-68t68-28h896q40 0 88 20t76 48zm-444-244v376h376q-10-29-22-41l-313-313q-12-12-41-22zm384 1528v-1024h-416q-40 0-68-28t-28-68v-416h-768v1536h1280zm-979-234v106h281v-106h-75l103-161q5-7 10-16.5t7.5-13.5 3.5-4h2q1 4 5 10 2 4 4.5 7.5t6 8 6.5 8.5l107 161h-76v106h291v-106h-68l-192-273 195-282h67v-107h-279v107h74l-103 159q-4 7-10 16.5t-9 13.5l-2 3h-2q-1-4-5-10-6-11-17-23l-106-159h76v-107h-290v107h68l189 272-194 283h-68z\"><\/path><\/svg><svg aria-hidden=\"true\" class=\"icon-new-window\" viewbox=\"0 0 1792 1792\"><path d=\"M1408 960v-128q0-26-19-45t-45-19h-320v-320q0-26-19-45t-45-19h-128q-26 0-45 19t-19 45v320h-320q-26 0-45 19t-19 45v128q0 26 19 45t45 19h320v320q0 26 19 45t45 19h128q26 0 45-19t19-45v-320h320q26 0 45-19t19-45zm256-544v960q0 119-84.5 203.5t-203.5 84.5h-960q-119 0-203.5-84.5t-84.5-203.5v-960q0-119 84.5-203.5t203.5-84.5h960q119 0 203.5 84.5t84.5 203.5z\"><\/path><\/svg><span class=\"tooltip\">external,  dokument MS Excel, otworzy si\u0119 w nowym oknie<\/span><\/a><\/li>\n<\/ul>\n\n\n\n<hr class=\"wp-block-separator has-alpha-channel-opacity\">\n\n\n\n<p>Osoba odpowiedzialna za tre\u015b\u0107: Izabela Podobi\u0144ska<br>Opublikowa\u0142: Dariusz Lisowski (20 maja 2022 r. godz. 14:02)<br>Ostatnio zmieni\u0142: Dariusz Lisowski (5 lipca 2022 r. godz. 11:25)<\/p>\n\n","protected":false},"excerpt":{"rendered":null,"protected":false},"author":1,"featured_media":0,"parent":0,"menu_order":0,"comment_status":"closed","ping_status":"closed","template":"","meta":{"footnotes":""},"categories":[1],"tags":[],"class_list":["post-2157","page","type-page","status-publish","hentry","category-otwarte-konkursy-ofert"],"_links":{"self":[{"href":"https:\/\/bip.rops-opole.pl\/index.php?rest_route=\/wp\/v2\/pages\/2157","targetHints":{"allow":["GET"]}}],"collection":[{"href":"https:\/\/bip.rops-opole.pl\/index.php?rest_route=\/wp\/v2\/pages"}],"about":[{"href":"https:\/\/bip.rops-opole.pl\/index.php?rest_route=\/wp\/v2\/types\/page"}],"author":[{"embeddable":true,"href":"https:\/\/bip.rops-opole.pl\/index.php?rest_route=\/wp\/v2\/users\/1"}],"replies":[{"embeddable":true,"href":"https:\/\/bip.rops-opole.pl\/index.php?rest_route=%2Fwp%2Fv2%2Fcomments&post=2157"}],"version-history":[{"count":3,"href":"https:\/\/bip.rops-opole.pl\/index.php?rest_route=\/wp\/v2\/pages\/2157\/revisions"}],"predecessor-version":[{"id":2297,"href":"https:\/\/bip.rops-opole.pl\/index.php?rest_route=\/wp\/v2\/pages\/2157\/revisions\/2297"}],"wp:attachment":[{"href":"https:\/\/bip.rops-opole.pl\/index.php?rest_route=%2Fwp%2Fv2%2Fmedia&parent=2157"}],"wp:term":[{"taxonomy":"category","embeddable":true,"href":"https:\/\/bip.rops-opole.pl\/index.php?rest_route=%2Fwp%2Fv2%2Fcategories&post=2157"},{"taxonomy":"post_tag","embeddable":true,"href":"https:\/\/bip.rops-opole.pl\/index.php?rest_route=%2Fwp%2Fv2%2Ftags&post=2157"}],"curies":[{"name":"wp","href":"https:\/\/api.w.org\/{rel}","templated":true}]}}