{"id":2110,"date":"2022-05-13T14:55:55","date_gmt":"2022-05-13T12:55:55","guid":{"rendered":"https:\/\/bip.rops-opole.pl\/?page_id=2110"},"modified":"2022-05-13T14:55:55","modified_gmt":"2022-05-13T12:55:55","slug":"kompleksowa-organizacja-szkolen-warsztatowych-w-obszarze-wspolpracy-miedzyinstytucjonalnej-i-metod-proponowanych-w-modelach-kooperacji-dla-przedstawicieli-jst-w-woj-opolskim-znak-sprawy-uzp-4011","status":"publish","type":"page","link":"https:\/\/bip.rops-opole.pl\/?page_id=2110","title":{"rendered":"Kompleksowa organizacja szkole\u0144 warsztatowych w  obszarze wsp\u00f3\u0142pracy mi\u0119dzyinstytucjonalnej i metod proponowanych w  modelach kooperacji dla przedstawicieli JST w woj. opolskim. Znak sprawy: UZP.4011.4.2022"},"content":{"rendered":"\n<!--more--><p>JST (Jednostek Samorz\u0105du Terytorialnego) <br><br>Przedmiot zam\u00f3wienia realizowany w ramach projektu \u201eKooperacje 3 D \u2013 model wielosektorowej wsp\u00f3\u0142pracy na rzecz wsparcia os\u00f3b i rodzin\u201d, wsp\u00f3\u0142finansowanego z Europejskiego Funduszu Spo\u0142ecznego w ramach Programu Operacyjnego Wiedza Edukacja Rozw\u00f3j 2014-2020, O\u015b Priorytetowa II Efektywne polityki publiczne dla rynku pracy, gospodarki i edukacji Dzia\u0142anie 2.5 Skuteczna pomoc spo\u0142eczna. <br><br>Wszelkie dokumenty dotycz\u0105ce post\u0119powania dost\u0119pne s\u0105 na stronie prowadzonego post\u0119powania na platformie ezamowienia: <br><br><a class=\"moz-txt-link-freetext extlink use-tooltip\" href=\"https:\/\/ezamowienia.gov.pl\/mp-client\/search\/list\/ocds-148610-f9330063-d1ce-11ec-9a86-f6f4c648a056\" aria-label=\"https:\/\/ezamowienia.gov.pl\/mp-client\/search\/list\/ocds-148610-f9330063-d1ce-11ec-9a86-f6f4c648a056 (external)\">https:\/\/ezamowienia.gov.pl\/mp-client\/search\/list\/ocds-148610-f9330063-d1ce-11ec-9a86-f6f4c648a056<svg aria-hidden=\"true\" class=\"icon-extlink\" viewbox=\"0 0 1792 1792\"><path d=\"M1408 928v320q0 119-84.5 203.5t-203.5 84.5h-832q-119 0-203.5-84.5t-84.5-203.5v-832q0-119 84.5-203.5t203.5-84.5h704q14 0 23 9t9 23v64q0 14-9 23t-23 9h-704q-66 0-113 47t-47 113v832q0 66 47 113t113 47h832q66 0 113-47t47-113v-320q0-14 9-23t23-9h64q14 0 23 9t9 23zm384-864v512q0 26-19 45t-45 19-45-19l-176-176-652 652q-10 10-23 10t-23-10l-114-114q-10-10-10-23t10-23l652-652-176-176q-19-19-19-45t19-45 45-19h512q26 0 45 19t19 45z\"><\/path><\/svg><span class=\"tooltip\">external<\/span><\/a><\/p>\n\n\n\n<hr class=\"wp-block-separator\">\n\n\n\n<p>Osoba odpowiedzialna za tre\u015b\u0107: Barbara Rokosz<br>Opublikowa\u0142: Dariusz Lisowski (13 maja 2022 r. godz. 14:55)<br>Ostatnio zmieni\u0142: Dariusz Lisowski (13 maja 2022 r. godz. 14:55)<\/p>\n\n","protected":false},"excerpt":{"rendered":null,"protected":false},"author":1,"featured_media":0,"parent":0,"menu_order":0,"comment_status":"closed","ping_status":"closed","template":"","meta":{"footnotes":""},"categories":[24,19],"tags":[],"class_list":["post-2110","page","type-page","status-publish","hentry","category-zamowienia-na-podstawie-ustawy-pzp-pow-170-tys-zl-netto","category-zamowienia-publiczne"],"_links":{"self":[{"href":"https:\/\/bip.rops-opole.pl\/index.php?rest_route=\/wp\/v2\/pages\/2110","targetHints":{"allow":["GET"]}}],"collection":[{"href":"https:\/\/bip.rops-opole.pl\/index.php?rest_route=\/wp\/v2\/pages"}],"about":[{"href":"https:\/\/bip.rops-opole.pl\/index.php?rest_route=\/wp\/v2\/types\/page"}],"author":[{"embeddable":true,"href":"https:\/\/bip.rops-opole.pl\/index.php?rest_route=\/wp\/v2\/users\/1"}],"replies":[{"embeddable":true,"href":"https:\/\/bip.rops-opole.pl\/index.php?rest_route=%2Fwp%2Fv2%2Fcomments&post=2110"}],"version-history":[{"count":1,"href":"https:\/\/bip.rops-opole.pl\/index.php?rest_route=\/wp\/v2\/pages\/2110\/revisions"}],"predecessor-version":[{"id":2111,"href":"https:\/\/bip.rops-opole.pl\/index.php?rest_route=\/wp\/v2\/pages\/2110\/revisions\/2111"}],"wp:attachment":[{"href":"https:\/\/bip.rops-opole.pl\/index.php?rest_route=%2Fwp%2Fv2%2Fmedia&parent=2110"}],"wp:term":[{"taxonomy":"category","embeddable":true,"href":"https:\/\/bip.rops-opole.pl\/index.php?rest_route=%2Fwp%2Fv2%2Fcategories&post=2110"},{"taxonomy":"post_tag","embeddable":true,"href":"https:\/\/bip.rops-opole.pl\/index.php?rest_route=%2Fwp%2Fv2%2Ftags&post=2110"}],"curies":[{"name":"wp","href":"https:\/\/api.w.org\/{rel}","templated":true}]}}