{"id":2066,"date":"2022-04-20T17:43:08","date_gmt":"2022-04-20T15:43:08","guid":{"rendered":"https:\/\/bip.rops-opole.pl\/?page_id=2066"},"modified":"2022-04-20T17:43:35","modified_gmt":"2022-04-20T15:43:35","slug":"usluga-kompleksowej-organizacji-oraz-obslugi-1-spotkania-dotyczacego-problematyki-rodziny-i-dziecka-pn-piaskownica-w-ramach-realizacji-projektu-pn-blizej-rodziny-i-d","status":"publish","type":"page","link":"https:\/\/bip.rops-opole.pl\/?page_id=2066","title":{"rendered":"Us\u0142uga kompleksowej organizacji oraz obs\u0142ugi 1 spotkania dotycz\u0105cego problematyki rodziny i\u00a0 dziecka pn. \u201ePiaskownica\u201d w ramach realizacji projektu pn. \u201eBli\u017cej rodziny i dziecka &#8211; wsparcie rodzin prze\u017cywaj\u0105cych problemy opieku\u0144czo &#8211; wychowawcze oraz wsparcie pieczy zast\u0119pczej \u2013 II edycja\u201d w ramach Regionalnego Programu Operacyjnego Wojew\u00f3dztwa Opolskiego 2014 \u2013 2020 (RPO WO), Osi priorytetowej VII Integracja spo\u0142eczna dla Dzia\u0142ania 8.1 Dost\u0119p do wysokiej jako\u015bci us\u0142ug zdrowotnych i spo\u0142ecznych w zakresie wspierania rodziny i pieczy zast\u0119pczej"},"content":{"rendered":"\n<!--more--><p>Pliki dotycz\u0105ce zam\u00f3wienia dost\u0119pne s\u0105 w bazie konkurencyjno\u015bci na stronie:<\/p>\n\n\n\n<p><a href=\"https:\/\/bazakonkurencyjnosci.funduszeeuropejskie.gov.pl\/ogloszenia\/104886\" target=\"_blank\" rel=\"noopener noreferrer\" aria-label=\"https:\/\/bazakonkurencyjnosci.funduszeeuropejskie.gov.pl\/ogloszenia\/104886 (external, otworzy si\u0119 w nowym oknie)\" class=\"extlink target-blank use-tooltip\">https:\/\/bazakonkurencyjnosci.funduszeeuropejskie.gov.pl\/ogloszenia\/104886<svg aria-hidden=\"true\" class=\"icon-extlink\" viewbox=\"0 0 1792 1792\"><path d=\"M1408 928v320q0 119-84.5 203.5t-203.5 84.5h-832q-119 0-203.5-84.5t-84.5-203.5v-832q0-119 84.5-203.5t203.5-84.5h704q14 0 23 9t9 23v64q0 14-9 23t-23 9h-704q-66 0-113 47t-47 113v832q0 66 47 113t113 47h832q66 0 113-47t47-113v-320q0-14 9-23t23-9h64q14 0 23 9t9 23zm384-864v512q0 26-19 45t-45 19-45-19l-176-176-652 652q-10 10-23 10t-23-10l-114-114q-10-10-10-23t10-23l652-652-176-176q-19-19-19-45t19-45 45-19h512q26 0 45 19t19 45z\"><\/path><\/svg><svg aria-hidden=\"true\" class=\"icon-new-window\" viewbox=\"0 0 1792 1792\"><path d=\"M1408 960v-128q0-26-19-45t-45-19h-320v-320q0-26-19-45t-45-19h-128q-26 0-45 19t-19 45v320h-320q-26 0-45 19t-19 45v128q0 26 19 45t45 19h320v320q0 26 19 45t45 19h128q26 0 45-19t19-45v-320h320q26 0 45-19t19-45zm256-544v960q0 119-84.5 203.5t-203.5 84.5h-960q-119 0-203.5-84.5t-84.5-203.5v-960q0-119 84.5-203.5t203.5-84.5h960q119 0 203.5 84.5t84.5 203.5z\"><\/path><\/svg><span class=\"tooltip\">external, otworzy si\u0119 w nowym oknie<\/span><\/a><\/p>\n\n\n\n<hr class=\"wp-block-separator\">\n\n\n\n<p>Osoba odpowiedzialna za tre\u015b\u0107: Barbara Rokosz<br>Opublikowa\u0142: Dariusz Lisowski (20 kwietnia 2022 r. godz. 17:42)<br>Ostatnio zmieni\u0142: Dariusz Lisowski (20 kwietnia 2022 r. godz. 17:42)<\/p>\n\n","protected":false},"excerpt":{"rendered":null,"protected":false},"author":1,"featured_media":0,"parent":0,"menu_order":0,"comment_status":"closed","ping_status":"closed","template":"","meta":{"footnotes":""},"categories":[19,23],"tags":[],"class_list":["post-2066","page","type-page","status-publish","hentry","category-zamowienia-publiczne","category-zamowienia-do-ktorych-nie-stosuje-sie-ustawy-pzp-pon-170-tys-zl-netto"],"_links":{"self":[{"href":"https:\/\/bip.rops-opole.pl\/index.php?rest_route=\/wp\/v2\/pages\/2066","targetHints":{"allow":["GET"]}}],"collection":[{"href":"https:\/\/bip.rops-opole.pl\/index.php?rest_route=\/wp\/v2\/pages"}],"about":[{"href":"https:\/\/bip.rops-opole.pl\/index.php?rest_route=\/wp\/v2\/types\/page"}],"author":[{"embeddable":true,"href":"https:\/\/bip.rops-opole.pl\/index.php?rest_route=\/wp\/v2\/users\/1"}],"replies":[{"embeddable":true,"href":"https:\/\/bip.rops-opole.pl\/index.php?rest_route=%2Fwp%2Fv2%2Fcomments&post=2066"}],"version-history":[{"count":2,"href":"https:\/\/bip.rops-opole.pl\/index.php?rest_route=\/wp\/v2\/pages\/2066\/revisions"}],"predecessor-version":[{"id":2068,"href":"https:\/\/bip.rops-opole.pl\/index.php?rest_route=\/wp\/v2\/pages\/2066\/revisions\/2068"}],"wp:attachment":[{"href":"https:\/\/bip.rops-opole.pl\/index.php?rest_route=%2Fwp%2Fv2%2Fmedia&parent=2066"}],"wp:term":[{"taxonomy":"category","embeddable":true,"href":"https:\/\/bip.rops-opole.pl\/index.php?rest_route=%2Fwp%2Fv2%2Fcategories&post=2066"},{"taxonomy":"post_tag","embeddable":true,"href":"https:\/\/bip.rops-opole.pl\/index.php?rest_route=%2Fwp%2Fv2%2Ftags&post=2066"}],"curies":[{"name":"wp","href":"https:\/\/api.w.org\/{rel}","templated":true}]}}