{"id":1558,"date":"2021-09-24T13:23:41","date_gmt":"2021-09-24T11:23:41","guid":{"rendered":"http:\/\/bip.rops-opole.pl\/?page_id=1558"},"modified":"2021-11-17T15:18:53","modified_gmt":"2021-11-17T14:18:53","slug":"otwarty-konkurs-ofert-dla-organizacji-i-innych-uprawnionych-podmiotow-prowadzacych-dzialalnosc-pozytku-publicznego-w-zakresie-pomocy-spolecznej-na-realizacje-zadania-pn-organizacja-pobytow-z-rehabil","status":"publish","type":"page","link":"https:\/\/bip.rops-opole.pl\/?page_id=1558","title":{"rendered":"Otwarty konkurs ofert dla organizacji i innych uprawnionych podmiot\u00f3w prowadz\u0105cych dzia\u0142alno\u015b\u0107 po\u017cytku publicznego w zakresie pomocy spo\u0142ecznej na realizacj\u0119 zadania pn.: Organizacja pobyt\u00f3w z rehabilitacj\u0105 dla os\u00f3b niesamodzielnych i os\u00f3b z ich otoczenia w ramach projektu pt. \u201eNie-Sami-Dzielni II \u2013 rozw\u00f3j us\u0142ug spo\u0142ecznych oraz wspieraj\u0105cych osoby niesamodzielne\u201d realizowanego w ramach Regionalnego Programu Operacyjnego Wojew\u00f3dztwa Opolskiego na lata 2014-2020, O\u015b priorytetowa VIII \u2013 Integracja Spo\u0142eczna, wsp\u00f3\u0142finansowanego z Europejskiego Funduszu Spo\u0142ecznego"},"content":{"rendered":"\n<!--more--><p>24.09.2021 r.<\/p>\n\n\n\n<ol class=\"wp-block-list\"><li><a rel=\"noreferrer noopener\" href=\"\/wp-content\/uploads\/otwarte-konkursy-ofert\/0014\/Uchwa%C5%82a%20nr%205500-2021.docx\" target=\"_blank\" class=\"target-blank use-tooltip\" aria-label=\"Uchwa\u0142a nr 5500\/2021 Zarz\u0105du Wojew\u00f3dztwa Opolskiego z dnia 21 wrze\u015bnia 2021 r. ( dokument MS Word, otworzy si\u0119 w nowym oknie)\">Uchwa\u0142a nr 5500\/2021 Zarz\u0105du Wojew\u00f3dztwa Opolskiego z dnia 21 wrze\u015bnia 2021 r.<svg aria-hidden=\"true\" class=\"icon-word\" viewbox=\"0 0 1792 1792\"><path d=\"M1596 380q28 28 48 76t20 88v1152q0 40-28 68t-68 28h-1344q-40 0-68-28t-28-68v-1600q0-40 28-68t68-28h896q40 0 88 20t76 48zm-444-244v376h376q-10-29-22-41l-313-313q-12-12-41-22zm384 1528v-1024h-416q-40 0-68-28t-28-68v-416h-768v1536h1280zm-1175-896v107h70l164 661h159l128-485q7-20 10-46 2-16 2-24h4l3 24q1 3 3.5 20t5.5 26l128 485h159l164-661h70v-107h-300v107h90l-99 438q-5 20-7 46l-2 21h-4l-3-21q-1-5-4-21t-5-25l-144-545h-114l-144 545q-2 9-4.5 24.5t-3.5 21.5l-4 21h-4l-2-21q-2-26-7-46l-99-438h90v-107h-300z\"><\/path><\/svg><svg aria-hidden=\"true\" class=\"icon-new-window\" viewbox=\"0 0 1792 1792\"><path d=\"M1408 960v-128q0-26-19-45t-45-19h-320v-320q0-26-19-45t-45-19h-128q-26 0-45 19t-19 45v320h-320q-26 0-45 19t-19 45v128q0 26 19 45t45 19h320v320q0 26 19 45t45 19h128q26 0 45-19t19-45v-320h320q26 0 45-19t19-45zm256-544v960q0 119-84.5 203.5t-203.5 84.5h-960q-119 0-203.5-84.5t-84.5-203.5v-960q0-119 84.5-203.5t203.5-84.5h960q119 0 203.5 84.5t84.5 203.5z\"><\/path><\/svg><span class=\"tooltip\"> dokument MS Word, otworzy si\u0119 w nowym oknie<\/span><\/a><\/li><li><a rel=\"noreferrer noopener\" href=\"\/wp-content\/uploads\/otwarte-konkursy-ofert\/0014\/Za%C5%82%C4%85cznik%20do%20uchwa%C5%82y%20nr%205500-2021.docx\" target=\"_blank\" class=\"target-blank use-tooltip\" aria-label=\"Og\u0142oszenie konkursowe \u2013 za\u0142\u0105cznik do uchwa\u0142y nr 5500\/2021 Zarz\u0105du Wojew\u00f3dztwa Opolskiego z dnia 21 wrze\u015bnia 2021 r. ( dokument MS Word, otworzy si\u0119 w nowym oknie)\">Og\u0142oszenie konkursowe \u2013 za\u0142\u0105cznik do uchwa\u0142y nr 5500\/2021 Zarz\u0105du Wojew\u00f3dztwa Opolskiego z dnia 21 wrze\u015bnia 2021 r.<svg aria-hidden=\"true\" class=\"icon-word\" viewbox=\"0 0 1792 1792\"><path d=\"M1596 380q28 28 48 76t20 88v1152q0 40-28 68t-68 28h-1344q-40 0-68-28t-28-68v-1600q0-40 28-68t68-28h896q40 0 88 20t76 48zm-444-244v376h376q-10-29-22-41l-313-313q-12-12-41-22zm384 1528v-1024h-416q-40 0-68-28t-28-68v-416h-768v1536h1280zm-1175-896v107h70l164 661h159l128-485q7-20 10-46 2-16 2-24h4l3 24q1 3 3.5 20t5.5 26l128 485h159l164-661h70v-107h-300v107h90l-99 438q-5 20-7 46l-2 21h-4l-3-21q-1-5-4-21t-5-25l-144-545h-114l-144 545q-2 9-4.5 24.5t-3.5 21.5l-4 21h-4l-2-21q-2-26-7-46l-99-438h90v-107h-300z\"><\/path><\/svg><svg aria-hidden=\"true\" class=\"icon-new-window\" viewbox=\"0 0 1792 1792\"><path d=\"M1408 960v-128q0-26-19-45t-45-19h-320v-320q0-26-19-45t-45-19h-128q-26 0-45 19t-19 45v320h-320q-26 0-45 19t-19 45v128q0 26 19 45t45 19h320v320q0 26 19 45t45 19h128q26 0 45-19t19-45v-320h320q26 0 45-19t19-45zm256-544v960q0 119-84.5 203.5t-203.5 84.5h-960q-119 0-203.5-84.5t-84.5-203.5v-960q0-119 84.5-203.5t203.5-84.5h960q119 0 203.5 84.5t84.5 203.5z\"><\/path><\/svg><span class=\"tooltip\"> dokument MS Word, otworzy si\u0119 w nowym oknie<\/span><\/a><\/li><li><a rel=\"noreferrer noopener\" href=\"\/wp-content\/uploads\/otwarte-konkursy-ofert\/0014\/Karta%20oceny%20formalnej.pdf\" target=\"_blank\" class=\"target-blank use-tooltip\" aria-label=\"Wz\u00f3r karty oceny formalnej ( dokument PDF, otworzy si\u0119 w nowym oknie)\">Wz\u00f3r karty oceny formalnej<svg aria-hidden=\"true\" class=\"icon-pdf\" viewbox=\"0 0 1792 1792\"><path d=\"M1596 380q28 28 48 76t20 88v1152q0 40-28 68t-68 28h-1344q-40 0-68-28t-28-68v-1600q0-40 28-68t68-28h896q40 0 88 20t76 48zm-444-244v376h376q-10-29-22-41l-313-313q-12-12-41-22zm384 1528v-1024h-416q-40 0-68-28t-28-68v-416h-768v1536h1280zm-514-593q33 26 84 56 59-7 117-7 147 0 177 49 16 22 2 52 0 1-1 2l-2 2v1q-6 38-71 38-48 0-115-20t-130-53q-221 24-392 83-153 262-242 262-15 0-28-7l-24-12q-1-1-6-5-10-10-6-36 9-40 56-91.5t132-96.5q14-9 23 6 2 2 2 4 52-85 107-197 68-136 104-262-24-82-30.5-159.5t6.5-127.5q11-40 42-40h22q23 0 35 15 18 21 9 68-2 6-4 8 1 3 1 8v30q-2 123-14 192 55 164 146 238zm-576 411q52-24 137-158-51 40-87.5 84t-49.5 74zm398-920q-15 42-2 132 1-7 7-44 0-3 7-43 1-4 4-8-1-1-1-2t-.5-1.5-.5-1.5q-1-22-13-36 0 1-1 2v2zm-124 661q135-54 284-81-2-1-13-9.5t-16-13.5q-76-67-127-176-27 86-83 197-30 56-45 83zm646-16q-24-24-140-24 76 28 124 28 14 0 18-1 0-1-2-3z\"><\/path><\/svg><svg aria-hidden=\"true\" class=\"icon-new-window\" viewbox=\"0 0 1792 1792\"><path d=\"M1408 960v-128q0-26-19-45t-45-19h-320v-320q0-26-19-45t-45-19h-128q-26 0-45 19t-19 45v320h-320q-26 0-45 19t-19 45v128q0 26 19 45t45 19h320v320q0 26 19 45t45 19h128q26 0 45-19t19-45v-320h320q26 0 45-19t19-45zm256-544v960q0 119-84.5 203.5t-203.5 84.5h-960q-119 0-203.5-84.5t-84.5-203.5v-960q0-119 84.5-203.5t203.5-84.5h960q119 0 203.5 84.5t84.5 203.5z\"><\/path><\/svg><span class=\"tooltip\"> dokument PDF, otworzy si\u0119 w nowym oknie<\/span><\/a><\/li><li><a rel=\"noreferrer noopener\" href=\"\/wp-content\/uploads\/otwarte-konkursy-ofert\/0014\/Karta%20oceny%20merytorycznej.pdf\" target=\"_blank\" class=\"target-blank use-tooltip\" aria-label=\"Wz\u00f3r karty oceny merytorycznej ( dokument PDF, otworzy si\u0119 w nowym oknie)\">Wz\u00f3r karty oceny merytorycznej<svg aria-hidden=\"true\" class=\"icon-pdf\" viewbox=\"0 0 1792 1792\"><path d=\"M1596 380q28 28 48 76t20 88v1152q0 40-28 68t-68 28h-1344q-40 0-68-28t-28-68v-1600q0-40 28-68t68-28h896q40 0 88 20t76 48zm-444-244v376h376q-10-29-22-41l-313-313q-12-12-41-22zm384 1528v-1024h-416q-40 0-68-28t-28-68v-416h-768v1536h1280zm-514-593q33 26 84 56 59-7 117-7 147 0 177 49 16 22 2 52 0 1-1 2l-2 2v1q-6 38-71 38-48 0-115-20t-130-53q-221 24-392 83-153 262-242 262-15 0-28-7l-24-12q-1-1-6-5-10-10-6-36 9-40 56-91.5t132-96.5q14-9 23 6 2 2 2 4 52-85 107-197 68-136 104-262-24-82-30.5-159.5t6.5-127.5q11-40 42-40h22q23 0 35 15 18 21 9 68-2 6-4 8 1 3 1 8v30q-2 123-14 192 55 164 146 238zm-576 411q52-24 137-158-51 40-87.5 84t-49.5 74zm398-920q-15 42-2 132 1-7 7-44 0-3 7-43 1-4 4-8-1-1-1-2t-.5-1.5-.5-1.5q-1-22-13-36 0 1-1 2v2zm-124 661q135-54 284-81-2-1-13-9.5t-16-13.5q-76-67-127-176-27 86-83 197-30 56-45 83zm646-16q-24-24-140-24 76 28 124 28 14 0 18-1 0-1-2-3z\"><\/path><\/svg><svg aria-hidden=\"true\" class=\"icon-new-window\" viewbox=\"0 0 1792 1792\"><path d=\"M1408 960v-128q0-26-19-45t-45-19h-320v-320q0-26-19-45t-45-19h-128q-26 0-45 19t-19 45v320h-320q-26 0-45 19t-19 45v128q0 26 19 45t45 19h320v320q0 26 19 45t45 19h128q26 0 45-19t19-45v-320h320q26 0 45-19t19-45zm256-544v960q0 119-84.5 203.5t-203.5 84.5h-960q-119 0-203.5-84.5t-84.5-203.5v-960q0-119 84.5-203.5t203.5-84.5h960q119 0 203.5 84.5t84.5 203.5z\"><\/path><\/svg><span class=\"tooltip\"> dokument PDF, otworzy si\u0119 w nowym oknie<\/span><\/a><\/li><li><a rel=\"noreferrer noopener\" href=\"\/wp-content\/uploads\/otwarte-konkursy-ofert\/0014\/Klauzula%20RODO.docx\" target=\"_blank\" class=\"target-blank use-tooltip\" aria-label=\"Klauzula informacyjna RODO ( dokument MS Word, otworzy si\u0119 w nowym oknie)\">Klauzula informacyjna RODO<svg aria-hidden=\"true\" class=\"icon-word\" viewbox=\"0 0 1792 1792\"><path d=\"M1596 380q28 28 48 76t20 88v1152q0 40-28 68t-68 28h-1344q-40 0-68-28t-28-68v-1600q0-40 28-68t68-28h896q40 0 88 20t76 48zm-444-244v376h376q-10-29-22-41l-313-313q-12-12-41-22zm384 1528v-1024h-416q-40 0-68-28t-28-68v-416h-768v1536h1280zm-1175-896v107h70l164 661h159l128-485q7-20 10-46 2-16 2-24h4l3 24q1 3 3.5 20t5.5 26l128 485h159l164-661h70v-107h-300v107h90l-99 438q-5 20-7 46l-2 21h-4l-3-21q-1-5-4-21t-5-25l-144-545h-114l-144 545q-2 9-4.5 24.5t-3.5 21.5l-4 21h-4l-2-21q-2-26-7-46l-99-438h90v-107h-300z\"><\/path><\/svg><svg aria-hidden=\"true\" class=\"icon-new-window\" viewbox=\"0 0 1792 1792\"><path d=\"M1408 960v-128q0-26-19-45t-45-19h-320v-320q0-26-19-45t-45-19h-128q-26 0-45 19t-19 45v320h-320q-26 0-45 19t-19 45v128q0 26 19 45t45 19h320v320q0 26 19 45t45 19h128q26 0 45-19t19-45v-320h320q26 0 45-19t19-45zm256-544v960q0 119-84.5 203.5t-203.5 84.5h-960q-119 0-203.5-84.5t-84.5-203.5v-960q0-119 84.5-203.5t203.5-84.5h960q119 0 203.5 84.5t84.5 203.5z\"><\/path><\/svg><span class=\"tooltip\"> dokument MS Word, otworzy si\u0119 w nowym oknie<\/span><\/a><\/li><li><a rel=\"noreferrer noopener\" href=\"\/wp-content\/uploads\/otwarte-konkursy-ofert\/0014\/Instrukcja%20podpisywania%20oferty.pdf\" target=\"_blank\" class=\"target-blank use-tooltip\" aria-label=\"Instrukcja elektronicznego sk\u0142adania ofert ( dokument PDF, otworzy si\u0119 w nowym oknie)\">Instrukcja elektronicznego sk\u0142adania ofert<svg aria-hidden=\"true\" class=\"icon-pdf\" viewbox=\"0 0 1792 1792\"><path d=\"M1596 380q28 28 48 76t20 88v1152q0 40-28 68t-68 28h-1344q-40 0-68-28t-28-68v-1600q0-40 28-68t68-28h896q40 0 88 20t76 48zm-444-244v376h376q-10-29-22-41l-313-313q-12-12-41-22zm384 1528v-1024h-416q-40 0-68-28t-28-68v-416h-768v1536h1280zm-514-593q33 26 84 56 59-7 117-7 147 0 177 49 16 22 2 52 0 1-1 2l-2 2v1q-6 38-71 38-48 0-115-20t-130-53q-221 24-392 83-153 262-242 262-15 0-28-7l-24-12q-1-1-6-5-10-10-6-36 9-40 56-91.5t132-96.5q14-9 23 6 2 2 2 4 52-85 107-197 68-136 104-262-24-82-30.5-159.5t6.5-127.5q11-40 42-40h22q23 0 35 15 18 21 9 68-2 6-4 8 1 3 1 8v30q-2 123-14 192 55 164 146 238zm-576 411q52-24 137-158-51 40-87.5 84t-49.5 74zm398-920q-15 42-2 132 1-7 7-44 0-3 7-43 1-4 4-8-1-1-1-2t-.5-1.5-.5-1.5q-1-22-13-36 0 1-1 2v2zm-124 661q135-54 284-81-2-1-13-9.5t-16-13.5q-76-67-127-176-27 86-83 197-30 56-45 83zm646-16q-24-24-140-24 76 28 124 28 14 0 18-1 0-1-2-3z\"><\/path><\/svg><svg aria-hidden=\"true\" class=\"icon-new-window\" viewbox=\"0 0 1792 1792\"><path d=\"M1408 960v-128q0-26-19-45t-45-19h-320v-320q0-26-19-45t-45-19h-128q-26 0-45 19t-19 45v320h-320q-26 0-45 19t-19 45v128q0 26 19 45t45 19h320v320q0 26 19 45t45 19h128q26 0 45-19t19-45v-320h320q26 0 45-19t19-45zm256-544v960q0 119-84.5 203.5t-203.5 84.5h-960q-119 0-203.5-84.5t-84.5-203.5v-960q0-119 84.5-203.5t203.5-84.5h960q119 0 203.5 84.5t84.5 203.5z\"><\/path><\/svg><span class=\"tooltip\"> dokument PDF, otworzy si\u0119 w nowym oknie<\/span><\/a><\/li><\/ol>\n\n\n\n<p>21.10.2021 r.<\/p>\n\n\n\n<ol class=\"wp-block-list\" start=\"7\"><li><a rel=\"noopener noreferrer\" href=\"https:\/\/rops-opole.pl\/wp-content\/uploads\/otwarte-konkursy-ofert\/0014\/Wykaz%20podmiot%C3%B3w.docx\" target=\"_blank\" class=\"extlink target-blank use-tooltip\" aria-label=\"Wykaz podmiot\u00f3w.docx (external,  dokument MS Word, otworzy si\u0119 w nowym oknie)\">Wykaz podmiot\u00f3w.docx<svg aria-hidden=\"true\" class=\"icon-extlink\" viewbox=\"0 0 1792 1792\"><path d=\"M1408 928v320q0 119-84.5 203.5t-203.5 84.5h-832q-119 0-203.5-84.5t-84.5-203.5v-832q0-119 84.5-203.5t203.5-84.5h704q14 0 23 9t9 23v64q0 14-9 23t-23 9h-704q-66 0-113 47t-47 113v832q0 66 47 113t113 47h832q66 0 113-47t47-113v-320q0-14 9-23t23-9h64q14 0 23 9t9 23zm384-864v512q0 26-19 45t-45 19-45-19l-176-176-652 652q-10 10-23 10t-23-10l-114-114q-10-10-10-23t10-23l652-652-176-176q-19-19-19-45t19-45 45-19h512q26 0 45 19t19 45z\"><\/path><\/svg><svg aria-hidden=\"true\" class=\"icon-word\" viewbox=\"0 0 1792 1792\"><path d=\"M1596 380q28 28 48 76t20 88v1152q0 40-28 68t-68 28h-1344q-40 0-68-28t-28-68v-1600q0-40 28-68t68-28h896q40 0 88 20t76 48zm-444-244v376h376q-10-29-22-41l-313-313q-12-12-41-22zm384 1528v-1024h-416q-40 0-68-28t-28-68v-416h-768v1536h1280zm-1175-896v107h70l164 661h159l128-485q7-20 10-46 2-16 2-24h4l3 24q1 3 3.5 20t5.5 26l128 485h159l164-661h70v-107h-300v107h90l-99 438q-5 20-7 46l-2 21h-4l-3-21q-1-5-4-21t-5-25l-144-545h-114l-144 545q-2 9-4.5 24.5t-3.5 21.5l-4 21h-4l-2-21q-2-26-7-46l-99-438h90v-107h-300z\"><\/path><\/svg><svg aria-hidden=\"true\" class=\"icon-new-window\" viewbox=\"0 0 1792 1792\"><path d=\"M1408 960v-128q0-26-19-45t-45-19h-320v-320q0-26-19-45t-45-19h-128q-26 0-45 19t-19 45v320h-320q-26 0-45 19t-19 45v128q0 26 19 45t45 19h320v320q0 26 19 45t45 19h128q26 0 45-19t19-45v-320h320q26 0 45-19t19-45zm256-544v960q0 119-84.5 203.5t-203.5 84.5h-960q-119 0-203.5-84.5t-84.5-203.5v-960q0-119 84.5-203.5t203.5-84.5h960q119 0 203.5 84.5t84.5 203.5z\"><\/path><\/svg><span class=\"tooltip\">external,  dokument MS Word, otworzy si\u0119 w nowym oknie<\/span><\/a><\/li><\/ol>\n\n\n\n<p>17.11.2021 r.<\/p>\n\n\n\n<ol class=\"wp-block-list\" start=\"8\"><li><a href=\"https:\/\/rops-opole.pl\/wp-content\/uploads\/otwarte-konkursy-ofert\/0014\/Uchwa%C5%82a%20nr%205848-2021.docx\" target=\"_blank\" rel=\"noopener noreferrer\" class=\"extlink target-blank use-tooltip\" aria-label=\"Uchwa\u0142a nr 5848\/2021 Zarz\u0105du Wojew\u00f3dztwa Opolskiego z dnia 15 listopada 2021 r. w sprawie rozstrzygni\u0119cia otwartego konkursu ofert dla organizacji i innych uprawnionych podmiot\u00f3w prowadz\u0105cych dzia\u0142alno\u015b\u0107 po\u017cytku publicznego w zakresie pomocy spo\u0142ecznej na realizacj\u0119 zadania pn.: Organizacja pobyt\u00f3w z rehabilitacj\u0105 dla os\u00f3b niesamodzielnych i os\u00f3b z ich otoczenia w ramach projektu pt. \u201eNie-Sami-Dzielni II \u2013 rozw\u00f3j us\u0142ug spo\u0142ecznych oraz wspieraj\u0105cych osoby niesamodzielne\u201d realizowanego w ramach Regionalnego Programu Operacyjnego Wojew\u00f3dztwa Opolskiego na lata 2014-2020, O\u015b priorytetowa VIII \u2013 Integracja Spo\u0142eczna, wsp\u00f3\u0142finansowanego z Europejskiego Funduszu Spo\u0142ecznego (external,  dokument MS Word, otworzy si\u0119 w nowym oknie)\">Uchwa\u0142a nr 5848\/2021 Zarz\u0105du Wojew\u00f3dztwa Opolskiego z dnia 15 listopada 2021 r. w sprawie rozstrzygni\u0119cia otwartego konkursu ofert dla organizacji i innych uprawnionych podmiot\u00f3w prowadz\u0105cych dzia\u0142alno\u015b\u0107 po\u017cytku publicznego w zakresie pomocy spo\u0142ecznej na realizacj\u0119 zadania pn.: Organizacja pobyt\u00f3w z rehabilitacj\u0105 dla os\u00f3b niesamodzielnych i os\u00f3b z ich otoczenia w ramach projektu pt. \u201eNie-Sami-Dzielni II \u2013 rozw\u00f3j us\u0142ug spo\u0142ecznych oraz wspieraj\u0105cych osoby niesamodzielne\u201d realizowanego w ramach Regionalnego Programu Operacyjnego Wojew\u00f3dztwa Opolskiego na lata 2014-2020, O\u015b priorytetowa VIII \u2013 Integracja Spo\u0142eczna, wsp\u00f3\u0142finansowanego z Europejskiego Funduszu Spo\u0142ecznego<svg aria-hidden=\"true\" class=\"icon-extlink\" viewbox=\"0 0 1792 1792\"><path d=\"M1408 928v320q0 119-84.5 203.5t-203.5 84.5h-832q-119 0-203.5-84.5t-84.5-203.5v-832q0-119 84.5-203.5t203.5-84.5h704q14 0 23 9t9 23v64q0 14-9 23t-23 9h-704q-66 0-113 47t-47 113v832q0 66 47 113t113 47h832q66 0 113-47t47-113v-320q0-14 9-23t23-9h64q14 0 23 9t9 23zm384-864v512q0 26-19 45t-45 19-45-19l-176-176-652 652q-10 10-23 10t-23-10l-114-114q-10-10-10-23t10-23l652-652-176-176q-19-19-19-45t19-45 45-19h512q26 0 45 19t19 45z\"><\/path><\/svg><svg aria-hidden=\"true\" class=\"icon-word\" viewbox=\"0 0 1792 1792\"><path d=\"M1596 380q28 28 48 76t20 88v1152q0 40-28 68t-68 28h-1344q-40 0-68-28t-28-68v-1600q0-40 28-68t68-28h896q40 0 88 20t76 48zm-444-244v376h376q-10-29-22-41l-313-313q-12-12-41-22zm384 1528v-1024h-416q-40 0-68-28t-28-68v-416h-768v1536h1280zm-1175-896v107h70l164 661h159l128-485q7-20 10-46 2-16 2-24h4l3 24q1 3 3.5 20t5.5 26l128 485h159l164-661h70v-107h-300v107h90l-99 438q-5 20-7 46l-2 21h-4l-3-21q-1-5-4-21t-5-25l-144-545h-114l-144 545q-2 9-4.5 24.5t-3.5 21.5l-4 21h-4l-2-21q-2-26-7-46l-99-438h90v-107h-300z\"><\/path><\/svg><svg aria-hidden=\"true\" class=\"icon-new-window\" viewbox=\"0 0 1792 1792\"><path d=\"M1408 960v-128q0-26-19-45t-45-19h-320v-320q0-26-19-45t-45-19h-128q-26 0-45 19t-19 45v320h-320q-26 0-45 19t-19 45v128q0 26 19 45t45 19h320v320q0 26 19 45t45 19h128q26 0 45-19t19-45v-320h320q26 0 45-19t19-45zm256-544v960q0 119-84.5 203.5t-203.5 84.5h-960q-119 0-203.5-84.5t-84.5-203.5v-960q0-119 84.5-203.5t203.5-84.5h960q119 0 203.5 84.5t84.5 203.5z\"><\/path><\/svg><span class=\"tooltip\">external,  dokument MS Word, otworzy si\u0119 w nowym oknie<\/span><\/a><\/li><\/ol>\n\n\n\n<hr class=\"wp-block-separator\">\n\n\n\n<p>Osoba odpowiedzialna za tre\u015b\u0107: Ewa Skar\u017cy\u0144ska<br>Opublikowa\u0142: Dariusz Lisowski (24 wrze\u015bnia 2021 r. godz. 13:23)<br>Ostatnio zmieni\u0142: Dariusz Lisowski (17 listopada 2021 r. godz. 15:18)<\/p>\n\n","protected":false},"excerpt":{"rendered":null,"protected":false},"author":1,"featured_media":0,"parent":0,"menu_order":0,"comment_status":"closed","ping_status":"closed","template":"","meta":{"footnotes":""},"categories":[1,16],"tags":[],"class_list":["post-1558","page","type-page","status-publish","hentry","category-otwarte-konkursy-ofert","category-otwarte-konkursy-ofert-zakonczone"],"_links":{"self":[{"href":"https:\/\/bip.rops-opole.pl\/index.php?rest_route=\/wp\/v2\/pages\/1558","targetHints":{"allow":["GET"]}}],"collection":[{"href":"https:\/\/bip.rops-opole.pl\/index.php?rest_route=\/wp\/v2\/pages"}],"about":[{"href":"https:\/\/bip.rops-opole.pl\/index.php?rest_route=\/wp\/v2\/types\/page"}],"author":[{"embeddable":true,"href":"https:\/\/bip.rops-opole.pl\/index.php?rest_route=\/wp\/v2\/users\/1"}],"replies":[{"embeddable":true,"href":"https:\/\/bip.rops-opole.pl\/index.php?rest_route=%2Fwp%2Fv2%2Fcomments&post=1558"}],"version-history":[{"count":5,"href":"https:\/\/bip.rops-opole.pl\/index.php?rest_route=\/wp\/v2\/pages\/1558\/revisions"}],"predecessor-version":[{"id":1722,"href":"https:\/\/bip.rops-opole.pl\/index.php?rest_route=\/wp\/v2\/pages\/1558\/revisions\/1722"}],"wp:attachment":[{"href":"https:\/\/bip.rops-opole.pl\/index.php?rest_route=%2Fwp%2Fv2%2Fmedia&parent=1558"}],"wp:term":[{"taxonomy":"category","embeddable":true,"href":"https:\/\/bip.rops-opole.pl\/index.php?rest_route=%2Fwp%2Fv2%2Fcategories&post=1558"},{"taxonomy":"post_tag","embeddable":true,"href":"https:\/\/bip.rops-opole.pl\/index.php?rest_route=%2Fwp%2Fv2%2Ftags&post=1558"}],"curies":[{"name":"wp","href":"https:\/\/api.w.org\/{rel}","templated":true}]}}