{"id":1189,"date":"2021-05-19T14:42:05","date_gmt":"2021-05-19T12:42:05","guid":{"rendered":"http:\/\/bip.rops-opole.pl\/?page_id=1189"},"modified":"2021-05-19T14:42:05","modified_gmt":"2021-05-19T12:42:05","slug":"dostawa-wraz-z-montazem-klimatyzatorow-stacjonarnych-do-pomieszczen-przeznaczonych-na-izolatke-pomieszczenia-pobytu-osoby-izolowanej-w-placowkach-calodobowej-opieki-tj-w-domach-pomocy-spolecznej-i","status":"publish","type":"page","link":"https:\/\/bip.rops-opole.pl\/?page_id=1189","title":{"rendered":"Dostawa wraz z monta\u017cem klimatyzator\u00f3w stacjonarnych do pomieszcze\u0144 przeznaczonych na izolatk\u0119 (pomieszczenia pobytu osoby izolowanej) w plac\u00f3wkach ca\u0142odobowej opieki, tj. w domach pomocy spo\u0142ecznej i plac\u00f3wkach opieku\u0144czo-wychowawczych, maj\u0105cych na celu przeciwdzia\u0142anie rozprzestrzeniania si\u0119 choroby COVID-19 w woj. opolskim, realizowana w ramach projektu \u201eKooperacje 3D &#8211; model wielosektorowej wsp\u00f3\u0142pracy na rzecz wsparcia os\u00f3b i rodzin\u201d, wsp\u00f3\u0142finansowanego z Europejskiego Funduszu Spo\u0142ecznego w ramach Programu Operacyjnego Wiedza Edukacja Rozw\u00f3j 2014-2020, O\u015b Priorytetowa II. Efektywne polityki publiczne dla rynku pracy, gospodarki i edukacji Dzia\u0142anie 2.5 Skuteczna pomoc spo\u0142eczna &#8211; Znak sprawy: NZP.4011.34.2021"},"content":{"rendered":"\n<!--more--><p><a href=\"https:\/\/bazakonkurencyjnosci.funduszeeuropejskie.gov.pl\/ogloszenia\/49097\" target=\"_blank\" rel=\"noopener noreferrer\" aria-label=\"https:\/\/bazakonkurencyjnosci.funduszeeuropejskie.gov.pl\/ogloszenia\/49097 (external, otworzy si\u0119 w nowym oknie)\" class=\"extlink target-blank use-tooltip\">https:\/\/bazakonkurencyjnosci.funduszeeuropejskie.gov.pl\/ogloszenia\/49097<svg aria-hidden=\"true\" class=\"icon-extlink\" viewbox=\"0 0 1792 1792\"><path d=\"M1408 928v320q0 119-84.5 203.5t-203.5 84.5h-832q-119 0-203.5-84.5t-84.5-203.5v-832q0-119 84.5-203.5t203.5-84.5h704q14 0 23 9t9 23v64q0 14-9 23t-23 9h-704q-66 0-113 47t-47 113v832q0 66 47 113t113 47h832q66 0 113-47t47-113v-320q0-14 9-23t23-9h64q14 0 23 9t9 23zm384-864v512q0 26-19 45t-45 19-45-19l-176-176-652 652q-10 10-23 10t-23-10l-114-114q-10-10-10-23t10-23l652-652-176-176q-19-19-19-45t19-45 45-19h512q26 0 45 19t19 45z\"><\/path><\/svg><svg aria-hidden=\"true\" class=\"icon-new-window\" viewbox=\"0 0 1792 1792\"><path d=\"M1408 960v-128q0-26-19-45t-45-19h-320v-320q0-26-19-45t-45-19h-128q-26 0-45 19t-19 45v320h-320q-26 0-45 19t-19 45v128q0 26 19 45t45 19h320v320q0 26 19 45t45 19h128q26 0 45-19t19-45v-320h320q26 0 45-19t19-45zm256-544v960q0 119-84.5 203.5t-203.5 84.5h-960q-119 0-203.5-84.5t-84.5-203.5v-960q0-119 84.5-203.5t203.5-84.5h960q119 0 203.5 84.5t84.5 203.5z\"><\/path><\/svg><span class=\"tooltip\">external, otworzy si\u0119 w nowym oknie<\/span><\/a><\/p>\n\n\n\n<hr class=\"wp-block-separator\">\n\n\n\n<p>Osoba odpowiedzialna za tre\u015b\u0107: Barbara Rokosz<br>Opublikowa\u0142: Dariusz Lisowski (19 maja 2021 r. godz. 14:41)<br>Ostatnio zmieni\u0142: Dariusz Lisowski (19 maja 2021 r. godz. 14:41)<\/p>\n\n","protected":false},"excerpt":{"rendered":null,"protected":false},"author":1,"featured_media":0,"parent":0,"menu_order":0,"comment_status":"closed","ping_status":"closed","template":"","meta":{"footnotes":""},"categories":[19,23],"tags":[],"class_list":["post-1189","page","type-page","status-publish","hentry","category-zamowienia-publiczne","category-zamowienia-do-ktorych-nie-stosuje-sie-ustawy-pzp-pon-170-tys-zl-netto"],"_links":{"self":[{"href":"https:\/\/bip.rops-opole.pl\/index.php?rest_route=\/wp\/v2\/pages\/1189","targetHints":{"allow":["GET"]}}],"collection":[{"href":"https:\/\/bip.rops-opole.pl\/index.php?rest_route=\/wp\/v2\/pages"}],"about":[{"href":"https:\/\/bip.rops-opole.pl\/index.php?rest_route=\/wp\/v2\/types\/page"}],"author":[{"embeddable":true,"href":"https:\/\/bip.rops-opole.pl\/index.php?rest_route=\/wp\/v2\/users\/1"}],"replies":[{"embeddable":true,"href":"https:\/\/bip.rops-opole.pl\/index.php?rest_route=%2Fwp%2Fv2%2Fcomments&post=1189"}],"version-history":[{"count":1,"href":"https:\/\/bip.rops-opole.pl\/index.php?rest_route=\/wp\/v2\/pages\/1189\/revisions"}],"predecessor-version":[{"id":1190,"href":"https:\/\/bip.rops-opole.pl\/index.php?rest_route=\/wp\/v2\/pages\/1189\/revisions\/1190"}],"wp:attachment":[{"href":"https:\/\/bip.rops-opole.pl\/index.php?rest_route=%2Fwp%2Fv2%2Fmedia&parent=1189"}],"wp:term":[{"taxonomy":"category","embeddable":true,"href":"https:\/\/bip.rops-opole.pl\/index.php?rest_route=%2Fwp%2Fv2%2Fcategories&post=1189"},{"taxonomy":"post_tag","embeddable":true,"href":"https:\/\/bip.rops-opole.pl\/index.php?rest_route=%2Fwp%2Fv2%2Ftags&post=1189"}],"curies":[{"name":"wp","href":"https:\/\/api.w.org\/{rel}","templated":true}]}}